{"id":2367,"date":"2023-09-05T17:43:52","date_gmt":"2023-09-05T16:43:52","guid":{"rendered":"https:\/\/holyshit.global\/?page_id=2367"},"modified":"2024-02-17T12:20:29","modified_gmt":"2024-02-17T11:20:29","slug":"holy-shit-rezension-und-interview-mit-ruben-abruna","status":"publish","type":"page","link":"https:\/\/holyshit.global\/de\/holy-shit-rezension-und-interview-mit-ruben-abruna\/","title":{"rendered":"Holy Shit Rezension und Interview mit Rub\u00e9n Abru\u00f1a"},"content":{"rendered":"\n<p class=\"has-medium-font-size\">&#8222;Wir stehen am Anfang einer Bewegung, bei der sich die Menschen bewusst werden, dass es in Ordnung ist, \u00fcber Schei\u00dfe zu reden, dass es in Ordnung ist, sich mit diesem Thema zu befassen, das wir so lange ignoriert haben&#8220;, erkl\u00e4rte Rub\u00e9n Abru\u00f1a, Regisseur von &#8222;Holy Shit&#8220;, gegen\u00fcber Michael Berger und Anita Huber. Die beiden Produzenten berichteten f\u00fcr den Podcasts &#8222;Tour de Film&#8220; f\u00fcr Kanal K in Aarau, Schweiz \u00fcber die 23. Ausgabe des NaturVision Film Festival in Ludwigsburg, Deutschland, vom 18.-21. Juli 2023.<\/p>\n\n\n\n<p class=\"has-medium-font-size\">Abru\u00f1a erkl\u00e4rte auch seine Beweggr\u00fcnde, die Welt zu bereisen, um die verschiedenen Arten der Wiederverwertung menschlicher Exkremente zu Kompost zu dokumentieren und beleuchtete die Komplexit\u00e4t eines Themas, das von gesellschaftlichen Tabus \u00fcber das Gro\u00dfkapital bis hin zu unserer existenziellen Herausforderung, dem Klimawandel, reicht.<\/p>\n\n\n\n<p class=\"has-medium-font-size\">H\u00f6ren Sie sich jetzt das Segment des Podcasts an und lassen Sie sich f\u00fcr die Premiere von &#8222;Holy Shit&#8220; am 30. November diesen Jahres begeistern.<\/p>\n\n\n\n<figure class=\"wp-block-audio\"><audio controls src=\"https:\/\/holyshit.global\/wp-content\/uploads\/2023\/09\/Film-review-of-HS-and-interview_Ruben-Abruna_Kultur-Pur_Kanal-K.mp3\"><\/audio><figcaption class=\"wp-element-caption\">Segment von &#8222;Tour de Film&#8220;, in dem Michael Berger und Anita Huber &#8222;Holy Shit&#8220; besprechen und den Regisseur Rub\u00e9n Abru\u00f1a interviewen. <\/figcaption><\/figure>\n\n\n\n<p class=\"has-medium-font-size\">Die ganze Episode kann auf der <a href=\"https:\/\/kanalk.ch\/sendung\/kultur-pur\/20230806\" data-type=\"link\" data-id=\"https:\/\/kanalk.ch\/sendung\/kultur-pur\/20230806\" target=\"_blank\" rel=\"noreferrer noopener\">Website<\/a> von Kultur Pur von Kanal K angeh\u00f6rt werden. <\/p>\n\n\n\n<div class=\"wp-block-buttons is-content-justification-center is-layout-flex wp-container-core-buttons-is-layout-16018d1d wp-block-buttons-is-layout-flex\">\n<div class=\"wp-block-button\"><a class=\"wp-block-button__link wp-element-button\" href=\"https:\/\/holyshit.global\/de\/festivalpremiere-beim-natur-vision-film-festival-in-ludwigsburg\">Vorgerige<\/a><\/div>\n\n\n\n<div class=\"wp-block-button\"><a class=\"wp-block-button__link wp-element-button\" href=\"https:\/\/holyshit.global\/de\/fuenf-seen-filmfestival\">N\u00e4chsten<\/a><\/div>\n<\/div>\n","protected":false},"excerpt":{"rendered":"<p>&#8222;Wir stehen am Anfang einer Bewegung, bei der sich die Menschen bewusst werden, dass es in Ordnung ist, \u00fcber Schei\u00dfe zu reden, dass es in Ordnung ist, sich mit diesem Thema zu befassen, das wir so lange ignoriert haben&#8220;, erkl\u00e4rte Rub\u00e9n Abru\u00f1a, Regisseur von &#8222;Holy Shit&#8220;, gegen\u00fcber Michael Berger und<span class=\"more-link\"><a href=\"https:\/\/holyshit.global\/de\/holy-shit-rezension-und-interview-mit-ruben-abruna\/\">Read More &rarr;<\/a><\/span><\/p>\n","protected":false},"author":1,"featured_media":0,"parent":0,"menu_order":0,"comment_status":"closed","ping_status":"closed","template":"","meta":{"footnotes":""},"class_list":["entry","author-wzu2bwzu2bwzu2b","post-2367","page","type-page","status-publish"],"_links":{"self":[{"href":"https:\/\/holyshit.global\/de\/wp-json\/wp\/v2\/pages\/2367","targetHints":{"allow":["GET"]}}],"collection":[{"href":"https:\/\/holyshit.global\/de\/wp-json\/wp\/v2\/pages"}],"about":[{"href":"https:\/\/holyshit.global\/de\/wp-json\/wp\/v2\/types\/page"}],"author":[{"embeddable":true,"href":"https:\/\/holyshit.global\/de\/wp-json\/wp\/v2\/users\/1"}],"replies":[{"embeddable":true,"href":"https:\/\/holyshit.global\/de\/wp-json\/wp\/v2\/comments?post=2367"}],"version-history":[{"count":10,"href":"https:\/\/holyshit.global\/de\/wp-json\/wp\/v2\/pages\/2367\/revisions"}],"predecessor-version":[{"id":2989,"href":"https:\/\/holyshit.global\/de\/wp-json\/wp\/v2\/pages\/2367\/revisions\/2989"}],"wp:attachment":[{"href":"https:\/\/holyshit.global\/de\/wp-json\/wp\/v2\/media?parent=2367"}],"curies":[{"name":"wp","href":"https:\/\/api.w.org\/{rel}","templated":true}]}}