{"id":2198,"date":"2023-07-25T09:52:46","date_gmt":"2023-07-25T08:52:46","guid":{"rendered":"https:\/\/holyshit.global\/festivalpremiere-beim-natur-vision-film-festival-in-ludwigsburg\/"},"modified":"2024-02-17T12:17:47","modified_gmt":"2024-02-17T11:17:47","slug":"festivalpremiere-beim-natur-vision-film-festival-in-ludwigsburg","status":"publish","type":"page","link":"https:\/\/holyshit.global\/de\/festivalpremiere-beim-natur-vision-film-festival-in-ludwigsburg\/","title":{"rendered":"Festivalpremiere beim Natur-Vision Film Festival in Ludwigsburg"},"content":{"rendered":"\n<p>Am Samstag, den 22. Juli, hatte HOLY SHIT seine Festivalpremiere bei der 23. Ausgabe des Natur-Vision Filmfestivals in Ludwigsburg. Como parte del D\u00eda Mundial, que se centra en pel\u00edculas que abordan el desarrollo sostenible, llenamos la sala de 150 butacas del Filmstudio con m\u00e1s de media docena de personas que se quedaron de pie; Nach der Vorstellung moderierte Elias Zand-Akbari eine anregende Fragerunde mit dem Produzenten Valentin Thurn und Autor und Regisseur Rub\u00e9n Abru\u00f1a. Das Publikum zeigte ein hohes Ma\u00df an Verst\u00e4ndnis und Wissen \u00fcber die Themen, und wir erhielten viel positives und ermutigendes Feedback. Wir danken Ihnen.<\/p>\n\n\n\n<figure class=\"wp-block-gallery has-nested-images columns-default is-cropped wp-block-gallery-1 is-layout-flex wp-block-gallery-is-layout-flex\">\n<figure class=\"wp-block-image size-large\"><img loading=\"lazy\" decoding=\"async\" width=\"683\" height=\"1024\" data-id=\"2233\" src=\"https:\/\/holyshit.global\/wp-content\/uploads\/2023\/07\/Global_Day_2023-07-22_\u00a9Balk-8441-683x1024.jpg\" alt=\"\" class=\"wp-image-2233\" srcset=\"https:\/\/holyshit.global\/wp-content\/uploads\/2023\/07\/Global_Day_2023-07-22_\u00a9Balk-8441-683x1024.jpg 683w, https:\/\/holyshit.global\/wp-content\/uploads\/2023\/07\/Global_Day_2023-07-22_\u00a9Balk-8441-200x300.jpg 200w, https:\/\/holyshit.global\/wp-content\/uploads\/2023\/07\/Global_Day_2023-07-22_\u00a9Balk-8441-768x1152.jpg 768w, https:\/\/holyshit.global\/wp-content\/uploads\/2023\/07\/Global_Day_2023-07-22_\u00a9Balk-8441-1024x1536.jpg 1024w, https:\/\/holyshit.global\/wp-content\/uploads\/2023\/07\/Global_Day_2023-07-22_\u00a9Balk-8441-1365x2048.jpg 1365w, https:\/\/holyshit.global\/wp-content\/uploads\/2023\/07\/Global_Day_2023-07-22_\u00a9Balk-8441-400x600.jpg 400w, https:\/\/holyshit.global\/wp-content\/uploads\/2023\/07\/Global_Day_2023-07-22_\u00a9Balk-8441-333x500.jpg 333w, https:\/\/holyshit.global\/wp-content\/uploads\/2023\/07\/Global_Day_2023-07-22_\u00a9Balk-8441-scaled.jpg 1707w\" sizes=\"auto, (max-width: 683px) 100vw, 683px\" \/><\/figure>\n\n\n\n<figure class=\"wp-block-image size-large\"><img loading=\"lazy\" decoding=\"async\" width=\"1024\" height=\"540\" data-id=\"2205\" src=\"https:\/\/holyshit.global\/wp-content\/uploads\/2023\/07\/Natur-Vision-Full-House2-1024x540.jpg\" alt=\"\" class=\"wp-image-2205\" srcset=\"https:\/\/holyshit.global\/wp-content\/uploads\/2023\/07\/Natur-Vision-Full-House2-1024x540.jpg 1024w, https:\/\/holyshit.global\/wp-content\/uploads\/2023\/07\/Natur-Vision-Full-House2-300x158.jpg 300w, https:\/\/holyshit.global\/wp-content\/uploads\/2023\/07\/Natur-Vision-Full-House2-768x405.jpg 768w, https:\/\/holyshit.global\/wp-content\/uploads\/2023\/07\/Natur-Vision-Full-House2-1536x810.jpg 1536w, https:\/\/holyshit.global\/wp-content\/uploads\/2023\/07\/Natur-Vision-Full-House2-465x245.jpg 465w, https:\/\/holyshit.global\/wp-content\/uploads\/2023\/07\/Natur-Vision-Full-House2-695x366.jpg 695w, https:\/\/holyshit.global\/wp-content\/uploads\/2023\/07\/Natur-Vision-Full-House2.jpg 2016w\" sizes=\"auto, (max-width: 1024px) 100vw, 1024px\" \/><\/figure>\n\n\n\n<figure class=\"wp-block-image size-large\"><img loading=\"lazy\" decoding=\"async\" width=\"1024\" height=\"683\" data-id=\"2218\" src=\"https:\/\/holyshit.global\/wp-content\/uploads\/2023\/07\/Global_Day_2023-07-22_\u00a9Balk-8341-1024x683.jpg\" alt=\"\" class=\"wp-image-2218\" srcset=\"https:\/\/holyshit.global\/wp-content\/uploads\/2023\/07\/Global_Day_2023-07-22_\u00a9Balk-8341-1024x683.jpg 1024w, https:\/\/holyshit.global\/wp-content\/uploads\/2023\/07\/Global_Day_2023-07-22_\u00a9Balk-8341-300x200.jpg 300w, https:\/\/holyshit.global\/wp-content\/uploads\/2023\/07\/Global_Day_2023-07-22_\u00a9Balk-8341-768x512.jpg 768w, https:\/\/holyshit.global\/wp-content\/uploads\/2023\/07\/Global_Day_2023-07-22_\u00a9Balk-8341-1536x1024.jpg 1536w, https:\/\/holyshit.global\/wp-content\/uploads\/2023\/07\/Global_Day_2023-07-22_\u00a9Balk-8341-2048x1365.jpg 2048w, https:\/\/holyshit.global\/wp-content\/uploads\/2023\/07\/Global_Day_2023-07-22_\u00a9Balk-8341-465x310.jpg 465w, https:\/\/holyshit.global\/wp-content\/uploads\/2023\/07\/Global_Day_2023-07-22_\u00a9Balk-8341-695x463.jpg 695w\" sizes=\"auto, (max-width: 1024px) 100vw, 1024px\" \/><\/figure>\n\n\n\n<figure class=\"wp-block-image size-large\"><img loading=\"lazy\" decoding=\"async\" width=\"1024\" height=\"683\" data-id=\"2221\" src=\"https:\/\/holyshit.global\/wp-content\/uploads\/2023\/07\/Global_Day_2023-07-22_\u00a9Balk-8361-1024x683.jpg\" alt=\"\" class=\"wp-image-2221\" srcset=\"https:\/\/holyshit.global\/wp-content\/uploads\/2023\/07\/Global_Day_2023-07-22_\u00a9Balk-8361-1024x683.jpg 1024w, https:\/\/holyshit.global\/wp-content\/uploads\/2023\/07\/Global_Day_2023-07-22_\u00a9Balk-8361-300x200.jpg 300w, https:\/\/holyshit.global\/wp-content\/uploads\/2023\/07\/Global_Day_2023-07-22_\u00a9Balk-8361-768x512.jpg 768w, https:\/\/holyshit.global\/wp-content\/uploads\/2023\/07\/Global_Day_2023-07-22_\u00a9Balk-8361-1536x1024.jpg 1536w, https:\/\/holyshit.global\/wp-content\/uploads\/2023\/07\/Global_Day_2023-07-22_\u00a9Balk-8361-2048x1365.jpg 2048w, https:\/\/holyshit.global\/wp-content\/uploads\/2023\/07\/Global_Day_2023-07-22_\u00a9Balk-8361-465x310.jpg 465w, https:\/\/holyshit.global\/wp-content\/uploads\/2023\/07\/Global_Day_2023-07-22_\u00a9Balk-8361-695x463.jpg 695w\" sizes=\"auto, (max-width: 1024px) 100vw, 1024px\" \/><\/figure>\n\n\n\n<figure class=\"wp-block-image size-large\"><img loading=\"lazy\" decoding=\"async\" width=\"1024\" height=\"683\" data-id=\"2236\" src=\"https:\/\/holyshit.global\/wp-content\/uploads\/2023\/07\/Global_Day_2023-07-22_\u00a9Balk-8578-1024x683.jpg\" alt=\"\" class=\"wp-image-2236\" srcset=\"https:\/\/holyshit.global\/wp-content\/uploads\/2023\/07\/Global_Day_2023-07-22_\u00a9Balk-8578-1024x683.jpg 1024w, https:\/\/holyshit.global\/wp-content\/uploads\/2023\/07\/Global_Day_2023-07-22_\u00a9Balk-8578-300x200.jpg 300w, https:\/\/holyshit.global\/wp-content\/uploads\/2023\/07\/Global_Day_2023-07-22_\u00a9Balk-8578-768x512.jpg 768w, https:\/\/holyshit.global\/wp-content\/uploads\/2023\/07\/Global_Day_2023-07-22_\u00a9Balk-8578-1536x1024.jpg 1536w, https:\/\/holyshit.global\/wp-content\/uploads\/2023\/07\/Global_Day_2023-07-22_\u00a9Balk-8578-2048x1365.jpg 2048w, https:\/\/holyshit.global\/wp-content\/uploads\/2023\/07\/Global_Day_2023-07-22_\u00a9Balk-8578-465x310.jpg 465w, https:\/\/holyshit.global\/wp-content\/uploads\/2023\/07\/Global_Day_2023-07-22_\u00a9Balk-8578-695x463.jpg 695w\" sizes=\"auto, (max-width: 1024px) 100vw, 1024px\" \/><\/figure>\n\n\n\n<figure class=\"wp-block-image size-large\"><img loading=\"lazy\" decoding=\"async\" width=\"1024\" height=\"683\" data-id=\"2227\" src=\"https:\/\/holyshit.global\/wp-content\/uploads\/2023\/07\/Global_Day_2023-07-22_\u00a9Balk-8411-1024x683.jpg\" alt=\"\" class=\"wp-image-2227\" srcset=\"https:\/\/holyshit.global\/wp-content\/uploads\/2023\/07\/Global_Day_2023-07-22_\u00a9Balk-8411-1024x683.jpg 1024w, https:\/\/holyshit.global\/wp-content\/uploads\/2023\/07\/Global_Day_2023-07-22_\u00a9Balk-8411-300x200.jpg 300w, https:\/\/holyshit.global\/wp-content\/uploads\/2023\/07\/Global_Day_2023-07-22_\u00a9Balk-8411-768x512.jpg 768w, https:\/\/holyshit.global\/wp-content\/uploads\/2023\/07\/Global_Day_2023-07-22_\u00a9Balk-8411-1536x1024.jpg 1536w, https:\/\/holyshit.global\/wp-content\/uploads\/2023\/07\/Global_Day_2023-07-22_\u00a9Balk-8411-2048x1365.jpg 2048w, https:\/\/holyshit.global\/wp-content\/uploads\/2023\/07\/Global_Day_2023-07-22_\u00a9Balk-8411-465x310.jpg 465w, https:\/\/holyshit.global\/wp-content\/uploads\/2023\/07\/Global_Day_2023-07-22_\u00a9Balk-8411-695x463.jpg 695w\" sizes=\"auto, (max-width: 1024px) 100vw, 1024px\" \/><\/figure>\n\n\n\n<figure class=\"wp-block-image size-large\"><img loading=\"lazy\" decoding=\"async\" width=\"683\" height=\"1024\" data-id=\"2224\" src=\"https:\/\/holyshit.global\/wp-content\/uploads\/2023\/07\/Global_Day_2023-07-22_\u00a9Balk-8390-683x1024.jpg\" alt=\"\" class=\"wp-image-2224\" srcset=\"https:\/\/holyshit.global\/wp-content\/uploads\/2023\/07\/Global_Day_2023-07-22_\u00a9Balk-8390-683x1024.jpg 683w, https:\/\/holyshit.global\/wp-content\/uploads\/2023\/07\/Global_Day_2023-07-22_\u00a9Balk-8390-200x300.jpg 200w, https:\/\/holyshit.global\/wp-content\/uploads\/2023\/07\/Global_Day_2023-07-22_\u00a9Balk-8390-768x1152.jpg 768w, https:\/\/holyshit.global\/wp-content\/uploads\/2023\/07\/Global_Day_2023-07-22_\u00a9Balk-8390-1024x1536.jpg 1024w, https:\/\/holyshit.global\/wp-content\/uploads\/2023\/07\/Global_Day_2023-07-22_\u00a9Balk-8390-1365x2048.jpg 1365w, https:\/\/holyshit.global\/wp-content\/uploads\/2023\/07\/Global_Day_2023-07-22_\u00a9Balk-8390-400x600.jpg 400w, https:\/\/holyshit.global\/wp-content\/uploads\/2023\/07\/Global_Day_2023-07-22_\u00a9Balk-8390-333x500.jpg 333w, https:\/\/holyshit.global\/wp-content\/uploads\/2023\/07\/Global_Day_2023-07-22_\u00a9Balk-8390-scaled.jpg 1706w\" sizes=\"auto, (max-width: 683px) 100vw, 683px\" \/><\/figure>\n\n\n\n<figure class=\"wp-block-image size-large\"><img loading=\"lazy\" decoding=\"async\" width=\"683\" height=\"1024\" data-id=\"2242\" src=\"https:\/\/holyshit.global\/wp-content\/uploads\/2023\/07\/Global_Day_2023-07-22_\u00a9Balk-8672-683x1024.jpg\" alt=\"\" class=\"wp-image-2242\" srcset=\"https:\/\/holyshit.global\/wp-content\/uploads\/2023\/07\/Global_Day_2023-07-22_\u00a9Balk-8672-683x1024.jpg 683w, https:\/\/holyshit.global\/wp-content\/uploads\/2023\/07\/Global_Day_2023-07-22_\u00a9Balk-8672-200x300.jpg 200w, https:\/\/holyshit.global\/wp-content\/uploads\/2023\/07\/Global_Day_2023-07-22_\u00a9Balk-8672-768x1152.jpg 768w, https:\/\/holyshit.global\/wp-content\/uploads\/2023\/07\/Global_Day_2023-07-22_\u00a9Balk-8672-1024x1536.jpg 1024w, https:\/\/holyshit.global\/wp-content\/uploads\/2023\/07\/Global_Day_2023-07-22_\u00a9Balk-8672-1365x2048.jpg 1365w, https:\/\/holyshit.global\/wp-content\/uploads\/2023\/07\/Global_Day_2023-07-22_\u00a9Balk-8672-400x600.jpg 400w, https:\/\/holyshit.global\/wp-content\/uploads\/2023\/07\/Global_Day_2023-07-22_\u00a9Balk-8672-333x500.jpg 333w, https:\/\/holyshit.global\/wp-content\/uploads\/2023\/07\/Global_Day_2023-07-22_\u00a9Balk-8672-scaled.jpg 1706w\" sizes=\"auto, (max-width: 683px) 100vw, 683px\" \/><\/figure>\n\n\n\n<figure class=\"wp-block-image size-large\"><img loading=\"lazy\" decoding=\"async\" width=\"1024\" height=\"683\" data-id=\"2230\" src=\"https:\/\/holyshit.global\/wp-content\/uploads\/2023\/07\/Global_Day_2023-07-22_\u00a9Balk-8430-1024x683.jpg\" alt=\"\" class=\"wp-image-2230\" srcset=\"https:\/\/holyshit.global\/wp-content\/uploads\/2023\/07\/Global_Day_2023-07-22_\u00a9Balk-8430-1024x683.jpg 1024w, https:\/\/holyshit.global\/wp-content\/uploads\/2023\/07\/Global_Day_2023-07-22_\u00a9Balk-8430-300x200.jpg 300w, https:\/\/holyshit.global\/wp-content\/uploads\/2023\/07\/Global_Day_2023-07-22_\u00a9Balk-8430-768x512.jpg 768w, https:\/\/holyshit.global\/wp-content\/uploads\/2023\/07\/Global_Day_2023-07-22_\u00a9Balk-8430-1536x1024.jpg 1536w, https:\/\/holyshit.global\/wp-content\/uploads\/2023\/07\/Global_Day_2023-07-22_\u00a9Balk-8430-2048x1365.jpg 2048w, https:\/\/holyshit.global\/wp-content\/uploads\/2023\/07\/Global_Day_2023-07-22_\u00a9Balk-8430-465x310.jpg 465w, https:\/\/holyshit.global\/wp-content\/uploads\/2023\/07\/Global_Day_2023-07-22_\u00a9Balk-8430-695x463.jpg 695w\" sizes=\"auto, (max-width: 1024px) 100vw, 1024px\" \/><\/figure>\n\n\n\n<figure class=\"wp-block-image size-large\"><img loading=\"lazy\" decoding=\"async\" width=\"683\" height=\"1024\" data-id=\"2245\" src=\"https:\/\/holyshit.global\/wp-content\/uploads\/2023\/07\/Global_Day_2023-07-22_\u00a9Balk-8704-683x1024.jpg\" alt=\"\" class=\"wp-image-2245\" srcset=\"https:\/\/holyshit.global\/wp-content\/uploads\/2023\/07\/Global_Day_2023-07-22_\u00a9Balk-8704-683x1024.jpg 683w, https:\/\/holyshit.global\/wp-content\/uploads\/2023\/07\/Global_Day_2023-07-22_\u00a9Balk-8704-200x300.jpg 200w, https:\/\/holyshit.global\/wp-content\/uploads\/2023\/07\/Global_Day_2023-07-22_\u00a9Balk-8704-768x1152.jpg 768w, https:\/\/holyshit.global\/wp-content\/uploads\/2023\/07\/Global_Day_2023-07-22_\u00a9Balk-8704-1024x1536.jpg 1024w, https:\/\/holyshit.global\/wp-content\/uploads\/2023\/07\/Global_Day_2023-07-22_\u00a9Balk-8704-1365x2048.jpg 1365w, https:\/\/holyshit.global\/wp-content\/uploads\/2023\/07\/Global_Day_2023-07-22_\u00a9Balk-8704-400x600.jpg 400w, https:\/\/holyshit.global\/wp-content\/uploads\/2023\/07\/Global_Day_2023-07-22_\u00a9Balk-8704-333x500.jpg 333w, https:\/\/holyshit.global\/wp-content\/uploads\/2023\/07\/Global_Day_2023-07-22_\u00a9Balk-8704-scaled.jpg 1707w\" sizes=\"auto, (max-width: 683px) 100vw, 683px\" \/><\/figure>\n\n\n\n<figure class=\"wp-block-image size-large\"><img loading=\"lazy\" decoding=\"async\" width=\"1024\" height=\"683\" data-id=\"2239\" src=\"https:\/\/holyshit.global\/wp-content\/uploads\/2023\/07\/Global_Day_2023-07-22_\u00a9Balk-8625-1024x683.jpg\" alt=\"\" class=\"wp-image-2239\" srcset=\"https:\/\/holyshit.global\/wp-content\/uploads\/2023\/07\/Global_Day_2023-07-22_\u00a9Balk-8625-1024x683.jpg 1024w, https:\/\/holyshit.global\/wp-content\/uploads\/2023\/07\/Global_Day_2023-07-22_\u00a9Balk-8625-300x200.jpg 300w, https:\/\/holyshit.global\/wp-content\/uploads\/2023\/07\/Global_Day_2023-07-22_\u00a9Balk-8625-768x512.jpg 768w, https:\/\/holyshit.global\/wp-content\/uploads\/2023\/07\/Global_Day_2023-07-22_\u00a9Balk-8625-1536x1024.jpg 1536w, https:\/\/holyshit.global\/wp-content\/uploads\/2023\/07\/Global_Day_2023-07-22_\u00a9Balk-8625-2048x1365.jpg 2048w, https:\/\/holyshit.global\/wp-content\/uploads\/2023\/07\/Global_Day_2023-07-22_\u00a9Balk-8625-465x310.jpg 465w, https:\/\/holyshit.global\/wp-content\/uploads\/2023\/07\/Global_Day_2023-07-22_\u00a9Balk-8625-695x463.jpg 695w\" sizes=\"auto, (max-width: 1024px) 100vw, 1024px\" \/><\/figure>\n\n\n\n<figure class=\"wp-block-image size-large\"><img loading=\"lazy\" decoding=\"async\" width=\"975\" height=\"562\" data-id=\"2208\" src=\"https:\/\/holyshit.global\/wp-content\/uploads\/2023\/07\/NaturVision-RA5.jpg\" alt=\"\" class=\"wp-image-2208\" srcset=\"https:\/\/holyshit.global\/wp-content\/uploads\/2023\/07\/NaturVision-RA5.jpg 975w, https:\/\/holyshit.global\/wp-content\/uploads\/2023\/07\/NaturVision-RA5-300x173.jpg 300w, https:\/\/holyshit.global\/wp-content\/uploads\/2023\/07\/NaturVision-RA5-768x443.jpg 768w, https:\/\/holyshit.global\/wp-content\/uploads\/2023\/07\/NaturVision-RA5-465x268.jpg 465w, https:\/\/holyshit.global\/wp-content\/uploads\/2023\/07\/NaturVision-RA5-695x401.jpg 695w\" sizes=\"auto, (max-width: 975px) 100vw, 975px\" \/><\/figure>\n<\/figure>\n\n\n\n<div class=\"wp-block-buttons is-content-justification-center is-layout-flex wp-container-core-buttons-is-layout-16018d1d wp-block-buttons-is-layout-flex\">\n<div class=\"wp-block-button\"><a class=\"wp-block-button__link wp-element-button\" href=\"https:\/\/holyshit.global\/de\/holy-shit-bei-republica-23\">Vorherige<\/a><\/div>\n\n\n\n<div class=\"wp-block-button\"><a class=\"wp-block-button__link wp-element-button\" href=\"https:\/\/holyshit.global\/de\/holy-shit-rezension-und-interview-mit-ruben-abruna\">N\u00e4chste<\/a><\/div>\n<\/div>\n","protected":false},"excerpt":{"rendered":"<p>Am Samstag, den 22. Juli, hatte HOLY SHIT seine Festivalpremiere bei der 23. Ausgabe des Natur-Vision Filmfestivals in Ludwigsburg. Como parte del D\u00eda Mundial, que se centra en pel\u00edculas que abordan el desarrollo sostenible, llenamos la sala de 150 butacas del Filmstudio con m\u00e1s de media docena de personas que<span class=\"more-link\"><a href=\"https:\/\/holyshit.global\/de\/festivalpremiere-beim-natur-vision-film-festival-in-ludwigsburg\/\">Read More &rarr;<\/a><\/span><\/p>\n","protected":false},"author":1,"featured_media":0,"parent":0,"menu_order":0,"comment_status":"closed","ping_status":"closed","template":"","meta":{"footnotes":""},"class_list":["entry","author-wzu2bwzu2bwzu2b","post-2198","page","type-page","status-publish"],"_links":{"self":[{"href":"https:\/\/holyshit.global\/de\/wp-json\/wp\/v2\/pages\/2198","targetHints":{"allow":["GET"]}}],"collection":[{"href":"https:\/\/holyshit.global\/de\/wp-json\/wp\/v2\/pages"}],"about":[{"href":"https:\/\/holyshit.global\/de\/wp-json\/wp\/v2\/types\/page"}],"author":[{"embeddable":true,"href":"https:\/\/holyshit.global\/de\/wp-json\/wp\/v2\/users\/1"}],"replies":[{"embeddable":true,"href":"https:\/\/holyshit.global\/de\/wp-json\/wp\/v2\/comments?post=2198"}],"version-history":[{"count":13,"href":"https:\/\/holyshit.global\/de\/wp-json\/wp\/v2\/pages\/2198\/revisions"}],"predecessor-version":[{"id":2987,"href":"https:\/\/holyshit.global\/de\/wp-json\/wp\/v2\/pages\/2198\/revisions\/2987"}],"wp:attachment":[{"href":"https:\/\/holyshit.global\/de\/wp-json\/wp\/v2\/media?parent=2198"}],"curies":[{"name":"wp","href":"https:\/\/api.w.org\/{rel}","templated":true}]}}