{"id":1991,"date":"2023-06-12T10:37:55","date_gmt":"2023-06-12T09:37:55","guid":{"rendered":"https:\/\/holyshit.global\/holy-shit-bei-republica-23\/"},"modified":"2024-02-17T12:15:06","modified_gmt":"2024-02-17T11:15:06","slug":"holy-shit-bei-republica-23","status":"publish","type":"page","link":"https:\/\/holyshit.global\/de\/holy-shit-bei-republica-23\/","title":{"rendered":"HOLY SHIT bei re:publica 23"},"content":{"rendered":"\n<p>Am Montag, den 05. Juni waren Rub\u00e9n Abru\u00f1a, Regisseur des Films HOLY SHIT, und Produzent Valentin Thurn zu Gast bei re:publica 23, dem Festival f\u00fcr die digitale Gesellschaft, in Berlin. Dieses Jahr stand das Festival unter dem Motto \u201eCASH\u201c, wodurch auf die Zusammenh\u00e4nge von sozialer Ungerechtigkeit und Armut mit dem Finanzmarkt, Gier und Gro\u00dfz\u00fcgigkeit eingegangen wurde. Im Zuge dessen ging es auch um die Auswirkungen der Krisen Klima, Krieg und Energie. Da sich unser Film HOLY SHIT unter anderem mit m\u00f6glichen L\u00f6sungen zum bestehenden Problem der Nahrungsknappheit besch\u00e4ftigt, war das re:publica ein geeigneter Schauplatz, ihn als Teil der Rubrik \u201eWirtschaft &amp; Verantwortung\u201c vorzustellen. Iris Lamouyette stellte au\u00dferdem zum ersten Mal \u201eHoly Shit\u201c, ihren Song zum Film, vor.<\/p>\n\n\n\n<figure class=\"wp-block-gallery has-nested-images columns-default is-cropped wp-block-gallery-1 is-layout-flex wp-block-gallery-is-layout-flex\">\n<figure class=\"wp-block-image size-large\"><img loading=\"lazy\" decoding=\"async\" width=\"1024\" height=\"683\" data-id=\"1975\" src=\"https:\/\/holyshit.global\/wp-content\/uploads\/2023\/06\/Applauding-crowd_Republica-1024x683.jpg\" alt=\"\" class=\"wp-image-1975\" srcset=\"https:\/\/holyshit.global\/wp-content\/uploads\/2023\/06\/Applauding-crowd_Republica-1024x683.jpg 1024w, https:\/\/holyshit.global\/wp-content\/uploads\/2023\/06\/Applauding-crowd_Republica-300x200.jpg 300w, https:\/\/holyshit.global\/wp-content\/uploads\/2023\/06\/Applauding-crowd_Republica-768x512.jpg 768w, https:\/\/holyshit.global\/wp-content\/uploads\/2023\/06\/Applauding-crowd_Republica-1536x1024.jpg 1536w, https:\/\/holyshit.global\/wp-content\/uploads\/2023\/06\/Applauding-crowd_Republica-465x310.jpg 465w, https:\/\/holyshit.global\/wp-content\/uploads\/2023\/06\/Applauding-crowd_Republica-695x463.jpg 695w, https:\/\/holyshit.global\/wp-content\/uploads\/2023\/06\/Applauding-crowd_Republica.jpg 2048w\" sizes=\"auto, (max-width: 1024px) 100vw, 1024px\" \/><\/figure>\n\n\n\n<figure class=\"wp-block-image size-large\"><img loading=\"lazy\" decoding=\"async\" width=\"1024\" height=\"683\" data-id=\"1981\" src=\"https:\/\/holyshit.global\/wp-content\/uploads\/2023\/06\/IL-Sings_Republica-23-1024x683.jpg\" alt=\"\" class=\"wp-image-1981\" srcset=\"https:\/\/holyshit.global\/wp-content\/uploads\/2023\/06\/IL-Sings_Republica-23-1024x683.jpg 1024w, https:\/\/holyshit.global\/wp-content\/uploads\/2023\/06\/IL-Sings_Republica-23-300x200.jpg 300w, https:\/\/holyshit.global\/wp-content\/uploads\/2023\/06\/IL-Sings_Republica-23-768x512.jpg 768w, https:\/\/holyshit.global\/wp-content\/uploads\/2023\/06\/IL-Sings_Republica-23-1536x1024.jpg 1536w, https:\/\/holyshit.global\/wp-content\/uploads\/2023\/06\/IL-Sings_Republica-23-465x310.jpg 465w, https:\/\/holyshit.global\/wp-content\/uploads\/2023\/06\/IL-Sings_Republica-23-695x463.jpg 695w, https:\/\/holyshit.global\/wp-content\/uploads\/2023\/06\/IL-Sings_Republica-23.jpg 2048w\" sizes=\"auto, (max-width: 1024px) 100vw, 1024px\" \/><\/figure>\n\n\n\n<figure class=\"wp-block-image size-large\"><img loading=\"lazy\" decoding=\"async\" width=\"1024\" height=\"683\" data-id=\"1978\" src=\"https:\/\/holyshit.global\/wp-content\/uploads\/2023\/06\/Crowd_presentation_Republica-1024x683.jpg\" alt=\"\" class=\"wp-image-1978\" srcset=\"https:\/\/holyshit.global\/wp-content\/uploads\/2023\/06\/Crowd_presentation_Republica-1024x683.jpg 1024w, https:\/\/holyshit.global\/wp-content\/uploads\/2023\/06\/Crowd_presentation_Republica-300x200.jpg 300w, https:\/\/holyshit.global\/wp-content\/uploads\/2023\/06\/Crowd_presentation_Republica-768x512.jpg 768w, https:\/\/holyshit.global\/wp-content\/uploads\/2023\/06\/Crowd_presentation_Republica-1536x1024.jpg 1536w, https:\/\/holyshit.global\/wp-content\/uploads\/2023\/06\/Crowd_presentation_Republica-465x310.jpg 465w, https:\/\/holyshit.global\/wp-content\/uploads\/2023\/06\/Crowd_presentation_Republica-695x463.jpg 695w, https:\/\/holyshit.global\/wp-content\/uploads\/2023\/06\/Crowd_presentation_Republica.jpg 2048w\" sizes=\"auto, (max-width: 1024px) 100vw, 1024px\" \/><\/figure>\n\n\n\n<figure class=\"wp-block-image size-large\"><img loading=\"lazy\" decoding=\"async\" width=\"1024\" height=\"683\" data-id=\"1984\" src=\"https:\/\/holyshit.global\/wp-content\/uploads\/2023\/06\/RA-presen-ts_Republica-23_-1024x683.jpg\" alt=\"\" class=\"wp-image-1984\" srcset=\"https:\/\/holyshit.global\/wp-content\/uploads\/2023\/06\/RA-presen-ts_Republica-23_-1024x683.jpg 1024w, https:\/\/holyshit.global\/wp-content\/uploads\/2023\/06\/RA-presen-ts_Republica-23_-300x200.jpg 300w, https:\/\/holyshit.global\/wp-content\/uploads\/2023\/06\/RA-presen-ts_Republica-23_-768x512.jpg 768w, https:\/\/holyshit.global\/wp-content\/uploads\/2023\/06\/RA-presen-ts_Republica-23_-1536x1024.jpg 1536w, https:\/\/holyshit.global\/wp-content\/uploads\/2023\/06\/RA-presen-ts_Republica-23_-465x310.jpg 465w, https:\/\/holyshit.global\/wp-content\/uploads\/2023\/06\/RA-presen-ts_Republica-23_-695x463.jpg 695w, https:\/\/holyshit.global\/wp-content\/uploads\/2023\/06\/RA-presen-ts_Republica-23_.jpg 2048w\" sizes=\"auto, (max-width: 1024px) 100vw, 1024px\" \/><\/figure>\n\n\n\n<figure class=\"wp-block-image size-large\"><img loading=\"lazy\" decoding=\"async\" width=\"1024\" height=\"683\" data-id=\"1987\" src=\"https:\/\/holyshit.global\/wp-content\/uploads\/2023\/06\/VT_Presents_Republica-1024x683.jpg\" alt=\"\" class=\"wp-image-1987\" srcset=\"https:\/\/holyshit.global\/wp-content\/uploads\/2023\/06\/VT_Presents_Republica-1024x683.jpg 1024w, https:\/\/holyshit.global\/wp-content\/uploads\/2023\/06\/VT_Presents_Republica-300x200.jpg 300w, https:\/\/holyshit.global\/wp-content\/uploads\/2023\/06\/VT_Presents_Republica-768x512.jpg 768w, https:\/\/holyshit.global\/wp-content\/uploads\/2023\/06\/VT_Presents_Republica-1536x1024.jpg 1536w, https:\/\/holyshit.global\/wp-content\/uploads\/2023\/06\/VT_Presents_Republica-465x310.jpg 465w, https:\/\/holyshit.global\/wp-content\/uploads\/2023\/06\/VT_Presents_Republica-695x463.jpg 695w, https:\/\/holyshit.global\/wp-content\/uploads\/2023\/06\/VT_Presents_Republica.jpg 2048w\" sizes=\"auto, (max-width: 1024px) 100vw, 1024px\" \/><\/figure>\n<\/figure>\n\n\n\n<div class=\"wp-block-buttons is-content-justification-center is-layout-flex wp-container-core-buttons-is-layout-16018d1d wp-block-buttons-is-layout-flex\">\n<div class=\"wp-block-button\"><a class=\"wp-block-button__link wp-element-button\" href=\"https:\/\/holyshit.global\/de\/viva-con-aguas-netzwerktreffen-2023\">Vorherige<\/a><\/div>\n\n\n\n<div class=\"wp-block-button\"><a class=\"wp-block-button__link wp-element-button\" href=\"https:\/\/holyshit.global\/de\/festivalpremiere-beim-natur-vision-film-festival-in-ludwigsburg\">N\u00e4chste<\/a><\/div>\n<\/div>\n","protected":false},"excerpt":{"rendered":"<p>Am Montag, den 05. Juni waren Rub\u00e9n Abru\u00f1a, Regisseur des Films HOLY SHIT, und Produzent Valentin Thurn zu Gast bei re:publica 23, dem Festival f\u00fcr die digitale Gesellschaft, in Berlin. Dieses Jahr stand das Festival unter dem Motto \u201eCASH\u201c, wodurch auf die Zusammenh\u00e4nge von sozialer Ungerechtigkeit und Armut mit dem<span class=\"more-link\"><a href=\"https:\/\/holyshit.global\/de\/holy-shit-bei-republica-23\/\">Read More &rarr;<\/a><\/span><\/p>\n","protected":false},"author":1,"featured_media":0,"parent":0,"menu_order":0,"comment_status":"closed","ping_status":"closed","template":"","meta":{"footnotes":""},"class_list":["entry","author-wzu2bwzu2bwzu2b","post-1991","page","type-page","status-publish"],"_links":{"self":[{"href":"https:\/\/holyshit.global\/de\/wp-json\/wp\/v2\/pages\/1991","targetHints":{"allow":["GET"]}}],"collection":[{"href":"https:\/\/holyshit.global\/de\/wp-json\/wp\/v2\/pages"}],"about":[{"href":"https:\/\/holyshit.global\/de\/wp-json\/wp\/v2\/types\/page"}],"author":[{"embeddable":true,"href":"https:\/\/holyshit.global\/de\/wp-json\/wp\/v2\/users\/1"}],"replies":[{"embeddable":true,"href":"https:\/\/holyshit.global\/de\/wp-json\/wp\/v2\/comments?post=1991"}],"version-history":[{"count":6,"href":"https:\/\/holyshit.global\/de\/wp-json\/wp\/v2\/pages\/1991\/revisions"}],"predecessor-version":[{"id":2985,"href":"https:\/\/holyshit.global\/de\/wp-json\/wp\/v2\/pages\/1991\/revisions\/2985"}],"wp:attachment":[{"href":"https:\/\/holyshit.global\/de\/wp-json\/wp\/v2\/media?parent=1991"}],"curies":[{"name":"wp","href":"https:\/\/api.w.org\/{rel}","templated":true}]}}