{"id":1891,"date":"2023-06-09T10:09:08","date_gmt":"2023-06-09T09:09:08","guid":{"rendered":"https:\/\/holyshit.global\/praesentation-im-oberes-brueggli-restaurant-in-jura\/"},"modified":"2024-02-17T17:32:09","modified_gmt":"2024-02-17T16:32:09","slug":"praesentation-im-oberes-brueggli-restaurant-in-jura","status":"publish","type":"page","link":"https:\/\/holyshit.global\/de\/praesentation-im-oberes-brueggli-restaurant-in-jura\/","title":{"rendered":"Pr\u00e4sentation im Oberes Br\u00fcggli Restaurant in Jura"},"content":{"rendered":"\n<p class=\"has-medium-font-size\">Am Mittwoch, den 31. Oktober war Rub\u00e9n Abru\u00f1a, Regisseur von Holy Shit, zu einer Pr\u00e4sentation eines dezentralen Abwasserreinigungssystems im Restaurant Oberes Br\u00fcggli in Selzach im Schweizer Jura eingeladen. Die Pr\u00e4sentation wurde von Bastian Etter, Mitbegr\u00fcnder von Vuna, und Rebecca Humborg, Masterstudentin an der Eidgen\u00f6ssischen Technischen Hochschule Z\u00fcrich, durchgef\u00fchrt. Es waren etwa 25 Teilnehmer anwesend, darunter die Inhaber des Restaurants und der Uhrenfirma Jowissa, sowie Mitglieder des Rotary Clubs, die von Simon Wyss, Mitglied der Familie Wyss, eingeladen wurden. Vuna ist die Erfinderin von Aurin, einem aus menschlichem Urin gewonnenen D\u00fcnger, der frei von Schwermetallen und medizinischen R\u00fcckst\u00e4nden ist und vom Schweizer Bundesamt f\u00fcr Landwirtschaft f\u00fcr die kommerzielle Landwirtschaft zugelassen ist. Die Anlage im Oberes Br\u00fcggli besteht aus einer Kombination von Wurmkompostierung und Pflanzenkl\u00e4ranlage, die das Abwasser des gesamten Restaurants reinigen. Das bedeutet, dass das Abwasser durch Pflanzen und Organismen gereinigt und danach versickert oder zur Bew\u00e4sserung verwendet wird, w\u00e4hrend der f\u00e4kale Teil der Ausscheidungen von W\u00fcrmern verdaut und in Kompost umgewandelt wird. Es handelt sich um ein lokales System, das nicht an die Kanalisation angeschlossen ist &#8211; eine Kombination aus dem System der Genossenschaft \u00c9quilibre in Genf und der Eco-Machine des Omega Center for Sustainable Living, die im Film Holy Shit gezeigt werden. Dies beweist einmal mehr, dass es viele M\u00f6glichkeiten gibt, unser Abwasser so zu behandeln, dass der N\u00e4hrstoffkreislauf intakt bleibt und die Umwelt nicht belastet wird.<\/p>\n\n\n\n<figure class=\"wp-block-gallery has-nested-images columns-default is-cropped wp-block-gallery-1 is-layout-flex wp-block-gallery-is-layout-flex\">\n<figure class=\"wp-block-image size-large\"><img loading=\"lazy\" decoding=\"async\" width=\"1024\" height=\"683\" data-id=\"1895\" src=\"https:\/\/holyshit.global\/wp-content\/uploads\/2023\/06\/Attendees-gathering-in-front-of-restaurant-1-1024x683.jpg\" alt=\"\" class=\"wp-image-1895\" srcset=\"https:\/\/holyshit.global\/wp-content\/uploads\/2023\/06\/Attendees-gathering-in-front-of-restaurant-1-1024x683.jpg 1024w, https:\/\/holyshit.global\/wp-content\/uploads\/2023\/06\/Attendees-gathering-in-front-of-restaurant-1-300x200.jpg 300w, https:\/\/holyshit.global\/wp-content\/uploads\/2023\/06\/Attendees-gathering-in-front-of-restaurant-1-768x512.jpg 768w, https:\/\/holyshit.global\/wp-content\/uploads\/2023\/06\/Attendees-gathering-in-front-of-restaurant-1-1536x1024.jpg 1536w, https:\/\/holyshit.global\/wp-content\/uploads\/2023\/06\/Attendees-gathering-in-front-of-restaurant-1-465x310.jpg 465w, https:\/\/holyshit.global\/wp-content\/uploads\/2023\/06\/Attendees-gathering-in-front-of-restaurant-1-695x463.jpg 695w, https:\/\/holyshit.global\/wp-content\/uploads\/2023\/06\/Attendees-gathering-in-front-of-restaurant-1.jpg 2048w\" sizes=\"auto, (max-width: 1024px) 100vw, 1024px\" \/><\/figure>\n\n\n\n<figure class=\"wp-block-image size-large\"><img loading=\"lazy\" decoding=\"async\" width=\"1024\" height=\"683\" data-id=\"1923\" src=\"https:\/\/holyshit.global\/wp-content\/uploads\/2023\/06\/Water-filter-2-1024x683.jpg\" alt=\"\" class=\"wp-image-1923\" srcset=\"https:\/\/holyshit.global\/wp-content\/uploads\/2023\/06\/Water-filter-2-1024x683.jpg 1024w, https:\/\/holyshit.global\/wp-content\/uploads\/2023\/06\/Water-filter-2-300x200.jpg 300w, https:\/\/holyshit.global\/wp-content\/uploads\/2023\/06\/Water-filter-2-768x512.jpg 768w, https:\/\/holyshit.global\/wp-content\/uploads\/2023\/06\/Water-filter-2-1536x1024.jpg 1536w, https:\/\/holyshit.global\/wp-content\/uploads\/2023\/06\/Water-filter-2-465x310.jpg 465w, https:\/\/holyshit.global\/wp-content\/uploads\/2023\/06\/Water-filter-2-695x463.jpg 695w, https:\/\/holyshit.global\/wp-content\/uploads\/2023\/06\/Water-filter-2.jpg 2048w\" sizes=\"auto, (max-width: 1024px) 100vw, 1024px\" \/><\/figure>\n\n\n\n<figure class=\"wp-block-image size-large\"><img loading=\"lazy\" decoding=\"async\" width=\"1024\" height=\"683\" data-id=\"1919\" src=\"https:\/\/holyshit.global\/wp-content\/uploads\/2023\/06\/View-from-restaurant-in-to-the-valley-1024x683.jpg\" alt=\"\" class=\"wp-image-1919\" srcset=\"https:\/\/holyshit.global\/wp-content\/uploads\/2023\/06\/View-from-restaurant-in-to-the-valley-1024x683.jpg 1024w, https:\/\/holyshit.global\/wp-content\/uploads\/2023\/06\/View-from-restaurant-in-to-the-valley-300x200.jpg 300w, https:\/\/holyshit.global\/wp-content\/uploads\/2023\/06\/View-from-restaurant-in-to-the-valley-768x512.jpg 768w, https:\/\/holyshit.global\/wp-content\/uploads\/2023\/06\/View-from-restaurant-in-to-the-valley-1536x1024.jpg 1536w, https:\/\/holyshit.global\/wp-content\/uploads\/2023\/06\/View-from-restaurant-in-to-the-valley-465x310.jpg 465w, https:\/\/holyshit.global\/wp-content\/uploads\/2023\/06\/View-from-restaurant-in-to-the-valley-695x463.jpg 695w, https:\/\/holyshit.global\/wp-content\/uploads\/2023\/06\/View-from-restaurant-in-to-the-valley.jpg 2048w\" sizes=\"auto, (max-width: 1024px) 100vw, 1024px\" \/><\/figure>\n\n\n\n<figure class=\"wp-block-image size-large\"><img loading=\"lazy\" decoding=\"async\" width=\"1024\" height=\"683\" data-id=\"1916\" src=\"https:\/\/holyshit.global\/wp-content\/uploads\/2023\/06\/Rebecca-Humborg-1024x683.jpg\" alt=\"\" class=\"wp-image-1916\" srcset=\"https:\/\/holyshit.global\/wp-content\/uploads\/2023\/06\/Rebecca-Humborg-1024x683.jpg 1024w, https:\/\/holyshit.global\/wp-content\/uploads\/2023\/06\/Rebecca-Humborg-300x200.jpg 300w, https:\/\/holyshit.global\/wp-content\/uploads\/2023\/06\/Rebecca-Humborg-768x512.jpg 768w, https:\/\/holyshit.global\/wp-content\/uploads\/2023\/06\/Rebecca-Humborg-1536x1024.jpg 1536w, https:\/\/holyshit.global\/wp-content\/uploads\/2023\/06\/Rebecca-Humborg-465x310.jpg 465w, https:\/\/holyshit.global\/wp-content\/uploads\/2023\/06\/Rebecca-Humborg-695x463.jpg 695w, https:\/\/holyshit.global\/wp-content\/uploads\/2023\/06\/Rebecca-Humborg.jpg 2048w\" sizes=\"auto, (max-width: 1024px) 100vw, 1024px\" \/><\/figure>\n\n\n\n<figure class=\"wp-block-image size-large\"><img loading=\"lazy\" decoding=\"async\" width=\"1024\" height=\"683\" data-id=\"1913\" src=\"https:\/\/holyshit.global\/wp-content\/uploads\/2023\/06\/MS-water-filter-1024x683.jpg\" alt=\"\" class=\"wp-image-1913\" srcset=\"https:\/\/holyshit.global\/wp-content\/uploads\/2023\/06\/MS-water-filter-1024x683.jpg 1024w, https:\/\/holyshit.global\/wp-content\/uploads\/2023\/06\/MS-water-filter-300x200.jpg 300w, https:\/\/holyshit.global\/wp-content\/uploads\/2023\/06\/MS-water-filter-768x512.jpg 768w, https:\/\/holyshit.global\/wp-content\/uploads\/2023\/06\/MS-water-filter-1536x1024.jpg 1536w, https:\/\/holyshit.global\/wp-content\/uploads\/2023\/06\/MS-water-filter-465x310.jpg 465w, https:\/\/holyshit.global\/wp-content\/uploads\/2023\/06\/MS-water-filter-695x463.jpg 695w, https:\/\/holyshit.global\/wp-content\/uploads\/2023\/06\/MS-water-filter.jpg 2048w\" sizes=\"auto, (max-width: 1024px) 100vw, 1024px\" \/><\/figure>\n\n\n\n<figure class=\"wp-block-image size-large\"><img loading=\"lazy\" decoding=\"async\" width=\"1024\" height=\"683\" data-id=\"1910\" src=\"https:\/\/holyshit.global\/wp-content\/uploads\/2023\/06\/Group2-1024x683.jpg\" alt=\"\" class=\"wp-image-1910\" srcset=\"https:\/\/holyshit.global\/wp-content\/uploads\/2023\/06\/Group2-1024x683.jpg 1024w, https:\/\/holyshit.global\/wp-content\/uploads\/2023\/06\/Group2-300x200.jpg 300w, https:\/\/holyshit.global\/wp-content\/uploads\/2023\/06\/Group2-768x512.jpg 768w, https:\/\/holyshit.global\/wp-content\/uploads\/2023\/06\/Group2-1536x1024.jpg 1536w, https:\/\/holyshit.global\/wp-content\/uploads\/2023\/06\/Group2-465x310.jpg 465w, https:\/\/holyshit.global\/wp-content\/uploads\/2023\/06\/Group2-695x463.jpg 695w, https:\/\/holyshit.global\/wp-content\/uploads\/2023\/06\/Group2.jpg 2048w\" sizes=\"auto, (max-width: 1024px) 100vw, 1024px\" \/><\/figure>\n\n\n\n<figure class=\"wp-block-image size-large\"><img loading=\"lazy\" decoding=\"async\" width=\"1024\" height=\"683\" data-id=\"1907\" src=\"https:\/\/holyshit.global\/wp-content\/uploads\/2023\/06\/Group-1024x683.jpg\" alt=\"\" class=\"wp-image-1907\" srcset=\"https:\/\/holyshit.global\/wp-content\/uploads\/2023\/06\/Group-1024x683.jpg 1024w, https:\/\/holyshit.global\/wp-content\/uploads\/2023\/06\/Group-300x200.jpg 300w, https:\/\/holyshit.global\/wp-content\/uploads\/2023\/06\/Group-768x512.jpg 768w, https:\/\/holyshit.global\/wp-content\/uploads\/2023\/06\/Group-1536x1024.jpg 1536w, https:\/\/holyshit.global\/wp-content\/uploads\/2023\/06\/Group-465x310.jpg 465w, https:\/\/holyshit.global\/wp-content\/uploads\/2023\/06\/Group-695x463.jpg 695w, https:\/\/holyshit.global\/wp-content\/uploads\/2023\/06\/Group.jpg 2048w\" sizes=\"auto, (max-width: 1024px) 100vw, 1024px\" \/><\/figure>\n\n\n\n<figure class=\"wp-block-image size-large\"><img loading=\"lazy\" decoding=\"async\" width=\"1024\" height=\"683\" data-id=\"1901\" src=\"https:\/\/holyshit.global\/wp-content\/uploads\/2023\/06\/Bastian-with-Aurin--1024x683.jpg\" alt=\"\" class=\"wp-image-1901\" srcset=\"https:\/\/holyshit.global\/wp-content\/uploads\/2023\/06\/Bastian-with-Aurin--1024x683.jpg 1024w, https:\/\/holyshit.global\/wp-content\/uploads\/2023\/06\/Bastian-with-Aurin--300x200.jpg 300w, https:\/\/holyshit.global\/wp-content\/uploads\/2023\/06\/Bastian-with-Aurin--768x512.jpg 768w, https:\/\/holyshit.global\/wp-content\/uploads\/2023\/06\/Bastian-with-Aurin--1536x1024.jpg 1536w, https:\/\/holyshit.global\/wp-content\/uploads\/2023\/06\/Bastian-with-Aurin--465x310.jpg 465w, https:\/\/holyshit.global\/wp-content\/uploads\/2023\/06\/Bastian-with-Aurin--695x463.jpg 695w, https:\/\/holyshit.global\/wp-content\/uploads\/2023\/06\/Bastian-with-Aurin-.jpg 2048w\" sizes=\"auto, (max-width: 1024px) 100vw, 1024px\" \/><\/figure>\n\n\n\n<figure class=\"wp-block-image size-large\"><img loading=\"lazy\" decoding=\"async\" width=\"1024\" height=\"683\" data-id=\"1898\" src=\"https:\/\/holyshit.global\/wp-content\/uploads\/2023\/06\/Aurin-1024x683.jpg\" alt=\"\" class=\"wp-image-1898\" srcset=\"https:\/\/holyshit.global\/wp-content\/uploads\/2023\/06\/Aurin-1024x683.jpg 1024w, https:\/\/holyshit.global\/wp-content\/uploads\/2023\/06\/Aurin-300x200.jpg 300w, https:\/\/holyshit.global\/wp-content\/uploads\/2023\/06\/Aurin-768x512.jpg 768w, https:\/\/holyshit.global\/wp-content\/uploads\/2023\/06\/Aurin-1536x1024.jpg 1536w, https:\/\/holyshit.global\/wp-content\/uploads\/2023\/06\/Aurin-465x310.jpg 465w, https:\/\/holyshit.global\/wp-content\/uploads\/2023\/06\/Aurin-695x463.jpg 695w, https:\/\/holyshit.global\/wp-content\/uploads\/2023\/06\/Aurin.jpg 2048w\" sizes=\"auto, (max-width: 1024px) 100vw, 1024px\" \/><\/figure>\n<\/figure>\n\n\n\n<div class=\"wp-block-buttons is-content-justification-center is-layout-flex wp-container-core-buttons-is-layout-16018d1d wp-block-buttons-is-layout-flex\">\n<div class=\"wp-block-button\"><a class=\"wp-block-button__link wp-element-button\" href=\"https:\/\/holyshit.global\/de\/fuenf-seen-filmfestival\">Vorherige<\/a><\/div>\n\n\n\n<div class=\"wp-block-button\"><a class=\"wp-block-button__link wp-element-button\" href=\"https:\/\/holyshit.global\/de\/holy-shit-gewinnt-den-publikumswahl-und-den-preis-fuer-den-besten-film-auf-dem-deutscher-naturfilmpreis\">N\u00e4chste<\/a><\/div>\n<\/div>\n","protected":false},"excerpt":{"rendered":"<p>Am Mittwoch, den 31. Oktober war Rub\u00e9n Abru\u00f1a, Regisseur von Holy Shit, zu einer Pr\u00e4sentation eines dezentralen Abwasserreinigungssystems im Restaurant Oberes Br\u00fcggli in Selzach im Schweizer Jura eingeladen. Die Pr\u00e4sentation wurde von Bastian Etter, Mitbegr\u00fcnder von Vuna, und Rebecca Humborg, Masterstudentin an der Eidgen\u00f6ssischen Technischen Hochschule Z\u00fcrich, durchgef\u00fchrt. Es waren<span class=\"more-link\"><a href=\"https:\/\/holyshit.global\/de\/praesentation-im-oberes-brueggli-restaurant-in-jura\/\">Read More &rarr;<\/a><\/span><\/p>\n","protected":false},"author":1,"featured_media":0,"parent":0,"menu_order":0,"comment_status":"closed","ping_status":"closed","template":"","meta":{"footnotes":""},"class_list":["entry","author-wzu2bwzu2bwzu2b","post-1891","page","type-page","status-publish"],"_links":{"self":[{"href":"https:\/\/holyshit.global\/de\/wp-json\/wp\/v2\/pages\/1891","targetHints":{"allow":["GET"]}}],"collection":[{"href":"https:\/\/holyshit.global\/de\/wp-json\/wp\/v2\/pages"}],"about":[{"href":"https:\/\/holyshit.global\/de\/wp-json\/wp\/v2\/types\/page"}],"author":[{"embeddable":true,"href":"https:\/\/holyshit.global\/de\/wp-json\/wp\/v2\/users\/1"}],"replies":[{"embeddable":true,"href":"https:\/\/holyshit.global\/de\/wp-json\/wp\/v2\/comments?post=1891"}],"version-history":[{"count":11,"href":"https:\/\/holyshit.global\/de\/wp-json\/wp\/v2\/pages\/1891\/revisions"}],"predecessor-version":[{"id":3162,"href":"https:\/\/holyshit.global\/de\/wp-json\/wp\/v2\/pages\/1891\/revisions\/3162"}],"wp:attachment":[{"href":"https:\/\/holyshit.global\/de\/wp-json\/wp\/v2\/media?parent=1891"}],"curies":[{"name":"wp","href":"https:\/\/api.w.org\/{rel}","templated":true}]}}