{"id":1861,"date":"2023-05-31T13:40:27","date_gmt":"2023-05-31T12:40:27","guid":{"rendered":"https:\/\/holyshit.global\/privates-screening-in-berlin-fuer-ngo-partner\/"},"modified":"2024-02-17T12:25:58","modified_gmt":"2024-02-17T11:25:58","slug":"privates-screening-in-berlin-fuer-ngo-partner","status":"publish","type":"page","link":"https:\/\/holyshit.global\/de\/privates-screening-in-berlin-fuer-ngo-partner\/","title":{"rendered":"Privates Screening in Berlin f\u00fcr NGO partner"},"content":{"rendered":"\n<h2 class=\"wp-block-heading\"><\/h2>\n\n\n\n<figure class=\"wp-block-image size-large\"><img loading=\"lazy\" decoding=\"async\" width=\"1024\" height=\"472\" src=\"https:\/\/holyshit.global\/wp-content\/uploads\/2023\/05\/Berlin-Partner-Screening-1024x472.jpg\" alt=\"\" class=\"wp-image-1667\" srcset=\"https:\/\/holyshit.global\/wp-content\/uploads\/2023\/05\/Berlin-Partner-Screening-1024x472.jpg 1024w, https:\/\/holyshit.global\/wp-content\/uploads\/2023\/05\/Berlin-Partner-Screening-300x138.jpg 300w, https:\/\/holyshit.global\/wp-content\/uploads\/2023\/05\/Berlin-Partner-Screening-768x354.jpg 768w, https:\/\/holyshit.global\/wp-content\/uploads\/2023\/05\/Berlin-Partner-Screening-1536x708.jpg 1536w, https:\/\/holyshit.global\/wp-content\/uploads\/2023\/05\/Berlin-Partner-Screening-465x214.jpg 465w, https:\/\/holyshit.global\/wp-content\/uploads\/2023\/05\/Berlin-Partner-Screening-695x320.jpg 695w, https:\/\/holyshit.global\/wp-content\/uploads\/2023\/05\/Berlin-Partner-Screening-920x425.jpg 920w, https:\/\/holyshit.global\/wp-content\/uploads\/2023\/05\/Berlin-Partner-Screening.jpg 2016w\" sizes=\"auto, (max-width: 1024px) 100vw, 1024px\" \/><\/figure>\n\n\n\n<p class=\"has-small-font-size\">Der Dokumentarfilm HOLY SHIT wurde am 19. April in Berlin im Rahmen einer privaten Vorf\u00fchrung f\u00fcr ausgew\u00e4hlte Organisationen, die sich mit der Aufbereitung von F\u00e4kalien als Ressource besch\u00e4ftigen, gezeigt. Zu den Teilnehmenden geh\u00f6rten Finizio, Zirkulier.bar, Ecovillage Hannover, Diaper Cycle, NABU und Goldeimer. Der Film stie\u00df auf positive Resonanz. Man f\u00fchrte Gespr\u00e4che \u00fcber M\u00f6glichkeiten der Promotion im Vorfeld der deutschen Kinopremiere im Oktober, die von Farbfilm Verleih und Kern des Ganzen betreut wird.<\/p>\n\n\n\n<p class=\"has-small-font-size\">Foto \u00a9 2023 ThurnFilm\/Rub\u00e9n Abru\u00f1a<\/p>\n\n\n\n<div class=\"wp-block-buttons is-content-justification-center is-layout-flex wp-container-core-buttons-is-layout-16018d1d wp-block-buttons-is-layout-flex\">\n<div class=\"wp-block-button\"><a class=\"wp-block-button__link wp-element-button\" href=\"https:\/\/holyshit.global\/de\/praesentation-im-oberes-brueggli-restaurant-in-jura\/\">Vorherige<\/a><\/div>\n\n\n\n<div class=\"wp-block-button\"><a class=\"wp-block-button__link wp-element-button\" href=\"https:\/\/holyshit.global\/de\/viva-con-aguas-netzwerktreffen-2023\/\">N\u00e4chste<\/a><\/div>\n<\/div>\n","protected":false},"excerpt":{"rendered":"<p>Der Dokumentarfilm HOLY SHIT wurde am 19. April in Berlin im Rahmen einer privaten Vorf\u00fchrung f\u00fcr ausgew\u00e4hlte Organisationen, die sich mit der Aufbereitung von F\u00e4kalien als Ressource besch\u00e4ftigen, gezeigt. Zu den Teilnehmenden geh\u00f6rten Finizio, Zirkulier.bar, Ecovillage Hannover, Diaper Cycle, NABU und Goldeimer. Der Film stie\u00df auf positive Resonanz. Man f\u00fchrte<span class=\"more-link\"><a href=\"https:\/\/holyshit.global\/de\/privates-screening-in-berlin-fuer-ngo-partner\/\">Read More &rarr;<\/a><\/span><\/p>\n","protected":false},"author":1,"featured_media":0,"parent":0,"menu_order":0,"comment_status":"closed","ping_status":"closed","template":"","meta":{"footnotes":""},"class_list":["entry","author-wzu2bwzu2bwzu2b","post-1861","page","type-page","status-publish"],"_links":{"self":[{"href":"https:\/\/holyshit.global\/de\/wp-json\/wp\/v2\/pages\/1861","targetHints":{"allow":["GET"]}}],"collection":[{"href":"https:\/\/holyshit.global\/de\/wp-json\/wp\/v2\/pages"}],"about":[{"href":"https:\/\/holyshit.global\/de\/wp-json\/wp\/v2\/types\/page"}],"author":[{"embeddable":true,"href":"https:\/\/holyshit.global\/de\/wp-json\/wp\/v2\/users\/1"}],"replies":[{"embeddable":true,"href":"https:\/\/holyshit.global\/de\/wp-json\/wp\/v2\/comments?post=1861"}],"version-history":[{"count":6,"href":"https:\/\/holyshit.global\/de\/wp-json\/wp\/v2\/pages\/1861\/revisions"}],"predecessor-version":[{"id":2994,"href":"https:\/\/holyshit.global\/de\/wp-json\/wp\/v2\/pages\/1861\/revisions\/2994"}],"wp:attachment":[{"href":"https:\/\/holyshit.global\/de\/wp-json\/wp\/v2\/media?parent=1861"}],"curies":[{"name":"wp","href":"https:\/\/api.w.org\/{rel}","templated":true}]}}