{"id":1745,"date":"2023-05-31T13:44:50","date_gmt":"2023-05-31T12:44:50","guid":{"rendered":"https:\/\/holyshit.global\/viva-con-aguas-netzwerktreffen-2023\/"},"modified":"2024-02-17T12:12:26","modified_gmt":"2024-02-17T11:12:26","slug":"viva-con-aguas-netzwerktreffen-2023","status":"publish","type":"page","link":"https:\/\/holyshit.global\/de\/viva-con-aguas-netzwerktreffen-2023\/","title":{"rendered":"Viva con Agua\u2019s Netzwerktreffen 2023"},"content":{"rendered":"\n<p>Am Samstag, den 20.05., hatte ich die Gelegenheit, den Film \u201eHoly Shit: Can Poop Save The World?\u201c f\u00fcr die Teilnehmer*innen des Netzwerktreffens 2023 von \u201eViva con Agua\u201c zu zeigen. Es fand auf dem ehemaligen Gel\u00e4nde des Botanischen Gartens in Nieklitz, Gallin, 64 Kilometer \u00f6stlich von Hamburg, statt. Es war eine umweltfreundliche Aktivit\u00e4t, bei der die Teilnehmer*innen ihre eigenen Zelte, Schlafs\u00e4cke und Handt\u00fccher mitbrachten, das vegetarische Essen wurde vor Ort zubereitet, es wurde kein Alkohol ausgeschenkt und es wurden Komposttoiletten benutzt. Die Stimmung war freundlich und positiv.<\/p>\n\n\n\n<p>Der Gedanke der Vernetzung zog mich zu der viert\u00e4gigen Veranstaltung, die sich darauf konzentrierte, Wellen zu schlagen und Verbindungen f\u00fcr Einzelpersonen aufzubauen, um ein Kollektiv zu bilden und Ver\u00e4nderungen zu bewirken. Unser destruktives Sanit\u00e4rsystem soll durch ein nachhaltiges, zirkul\u00e4res System ersetzt werden, das unsere Exkremente zur\u00fcck in den Boden bringt, um Nahrungsmittel anzubauen. Dazu bedarf es einer koordinierten Front von Vertreter*innen verschiedener globaler und lokaler Organisationen. Es war eine gute Gelegenheit, das Bewusstsein \u00fcber die Verwendung von F\u00e4kalien zu verbreiten und die Wirkung des Films in Vorbereitung auf die deutsche Kinopremiere im Oktober zu vervielfachen.<\/p>\n\n\n\n<figure class=\"wp-block-gallery has-nested-images columns-default is-cropped wp-block-gallery-1 is-layout-flex wp-block-gallery-is-layout-flex\">\n<figure class=\"wp-block-image size-large\"><img loading=\"lazy\" decoding=\"async\" width=\"1024\" height=\"768\" data-id=\"1751\" src=\"https:\/\/holyshit.global\/wp-content\/uploads\/2023\/05\/VCA1-1024x768.jpeg\" alt=\"\" class=\"wp-image-1751\" srcset=\"https:\/\/holyshit.global\/wp-content\/uploads\/2023\/05\/VCA1-1024x768.jpeg 1024w, https:\/\/holyshit.global\/wp-content\/uploads\/2023\/05\/VCA1-300x225.jpeg 300w, https:\/\/holyshit.global\/wp-content\/uploads\/2023\/05\/VCA1-768x576.jpeg 768w, https:\/\/holyshit.global\/wp-content\/uploads\/2023\/05\/VCA1-1536x1152.jpeg 1536w, https:\/\/holyshit.global\/wp-content\/uploads\/2023\/05\/VCA1-465x349.jpeg 465w, https:\/\/holyshit.global\/wp-content\/uploads\/2023\/05\/VCA1-667x500.jpeg 667w, https:\/\/holyshit.global\/wp-content\/uploads\/2023\/05\/VCA1.jpeg 2016w\" sizes=\"auto, (max-width: 1024px) 100vw, 1024px\" \/><\/figure>\n\n\n\n<figure class=\"wp-block-image size-large\"><img loading=\"lazy\" decoding=\"async\" width=\"1024\" height=\"768\" data-id=\"1754\" src=\"https:\/\/holyshit.global\/wp-content\/uploads\/2023\/05\/VCA2-1024x768.jpeg\" alt=\"\" class=\"wp-image-1754\" srcset=\"https:\/\/holyshit.global\/wp-content\/uploads\/2023\/05\/VCA2-1024x768.jpeg 1024w, https:\/\/holyshit.global\/wp-content\/uploads\/2023\/05\/VCA2-300x225.jpeg 300w, https:\/\/holyshit.global\/wp-content\/uploads\/2023\/05\/VCA2-768x576.jpeg 768w, https:\/\/holyshit.global\/wp-content\/uploads\/2023\/05\/VCA2-1536x1152.jpeg 1536w, https:\/\/holyshit.global\/wp-content\/uploads\/2023\/05\/VCA2-465x349.jpeg 465w, https:\/\/holyshit.global\/wp-content\/uploads\/2023\/05\/VCA2-667x500.jpeg 667w, https:\/\/holyshit.global\/wp-content\/uploads\/2023\/05\/VCA2.jpeg 2016w\" sizes=\"auto, (max-width: 1024px) 100vw, 1024px\" \/><\/figure>\n\n\n\n<figure class=\"wp-block-image size-large\"><img loading=\"lazy\" decoding=\"async\" width=\"1024\" height=\"768\" data-id=\"1757\" src=\"https:\/\/holyshit.global\/wp-content\/uploads\/2023\/05\/VCA3-1024x768.jpeg\" alt=\"\" class=\"wp-image-1757\" srcset=\"https:\/\/holyshit.global\/wp-content\/uploads\/2023\/05\/VCA3-1024x768.jpeg 1024w, https:\/\/holyshit.global\/wp-content\/uploads\/2023\/05\/VCA3-300x225.jpeg 300w, https:\/\/holyshit.global\/wp-content\/uploads\/2023\/05\/VCA3-768x576.jpeg 768w, https:\/\/holyshit.global\/wp-content\/uploads\/2023\/05\/VCA3-1536x1152.jpeg 1536w, https:\/\/holyshit.global\/wp-content\/uploads\/2023\/05\/VCA3-465x349.jpeg 465w, https:\/\/holyshit.global\/wp-content\/uploads\/2023\/05\/VCA3-667x500.jpeg 667w, https:\/\/holyshit.global\/wp-content\/uploads\/2023\/05\/VCA3.jpeg 2016w\" sizes=\"auto, (max-width: 1024px) 100vw, 1024px\" \/><\/figure>\n\n\n\n<figure class=\"wp-block-image size-large\"><img loading=\"lazy\" decoding=\"async\" width=\"1024\" height=\"768\" data-id=\"1761\" src=\"https:\/\/holyshit.global\/wp-content\/uploads\/2023\/05\/VCA4-1024x768.jpeg\" alt=\"\" class=\"wp-image-1761\" srcset=\"https:\/\/holyshit.global\/wp-content\/uploads\/2023\/05\/VCA4-1024x768.jpeg 1024w, https:\/\/holyshit.global\/wp-content\/uploads\/2023\/05\/VCA4-300x225.jpeg 300w, https:\/\/holyshit.global\/wp-content\/uploads\/2023\/05\/VCA4-768x576.jpeg 768w, https:\/\/holyshit.global\/wp-content\/uploads\/2023\/05\/VCA4-1536x1152.jpeg 1536w, https:\/\/holyshit.global\/wp-content\/uploads\/2023\/05\/VCA4-465x349.jpeg 465w, https:\/\/holyshit.global\/wp-content\/uploads\/2023\/05\/VCA4-667x500.jpeg 667w, https:\/\/holyshit.global\/wp-content\/uploads\/2023\/05\/VCA4.jpeg 2016w\" sizes=\"auto, (max-width: 1024px) 100vw, 1024px\" \/><\/figure>\n\n\n\n<figure class=\"wp-block-image size-large\"><img loading=\"lazy\" decoding=\"async\" width=\"1024\" height=\"768\" data-id=\"1762\" src=\"https:\/\/holyshit.global\/wp-content\/uploads\/2023\/05\/VCA5-1024x768.jpeg\" alt=\"\" class=\"wp-image-1762\" srcset=\"https:\/\/holyshit.global\/wp-content\/uploads\/2023\/05\/VCA5-1024x768.jpeg 1024w, https:\/\/holyshit.global\/wp-content\/uploads\/2023\/05\/VCA5-300x225.jpeg 300w, https:\/\/holyshit.global\/wp-content\/uploads\/2023\/05\/VCA5-768x576.jpeg 768w, https:\/\/holyshit.global\/wp-content\/uploads\/2023\/05\/VCA5-465x349.jpeg 465w, https:\/\/holyshit.global\/wp-content\/uploads\/2023\/05\/VCA5-666x500.jpeg 666w, https:\/\/holyshit.global\/wp-content\/uploads\/2023\/05\/VCA5.jpeg 1210w\" sizes=\"auto, (max-width: 1024px) 100vw, 1024px\" \/><\/figure>\n\n\n\n<figure class=\"wp-block-image size-large\"><img loading=\"lazy\" decoding=\"async\" width=\"1024\" height=\"768\" data-id=\"1760\" src=\"https:\/\/holyshit.global\/wp-content\/uploads\/2023\/05\/VCA6-1024x768.jpeg\" alt=\"\" class=\"wp-image-1760\" srcset=\"https:\/\/holyshit.global\/wp-content\/uploads\/2023\/05\/VCA6-1024x768.jpeg 1024w, https:\/\/holyshit.global\/wp-content\/uploads\/2023\/05\/VCA6-300x225.jpeg 300w, https:\/\/holyshit.global\/wp-content\/uploads\/2023\/05\/VCA6-768x576.jpeg 768w, https:\/\/holyshit.global\/wp-content\/uploads\/2023\/05\/VCA6-1536x1152.jpeg 1536w, https:\/\/holyshit.global\/wp-content\/uploads\/2023\/05\/VCA6-465x349.jpeg 465w, https:\/\/holyshit.global\/wp-content\/uploads\/2023\/05\/VCA6-667x500.jpeg 667w, https:\/\/holyshit.global\/wp-content\/uploads\/2023\/05\/VCA6.jpeg 2016w\" sizes=\"auto, (max-width: 1024px) 100vw, 1024px\" \/><\/figure>\n\n\n\n<figure class=\"wp-block-image size-large\"><img loading=\"lazy\" decoding=\"async\" width=\"1024\" height=\"768\" data-id=\"1763\" src=\"https:\/\/holyshit.global\/wp-content\/uploads\/2023\/05\/VCA7-1024x768.jpeg\" alt=\"\" class=\"wp-image-1763\" srcset=\"https:\/\/holyshit.global\/wp-content\/uploads\/2023\/05\/VCA7-1024x768.jpeg 1024w, https:\/\/holyshit.global\/wp-content\/uploads\/2023\/05\/VCA7-300x225.jpeg 300w, https:\/\/holyshit.global\/wp-content\/uploads\/2023\/05\/VCA7-768x576.jpeg 768w, https:\/\/holyshit.global\/wp-content\/uploads\/2023\/05\/VCA7-465x349.jpeg 465w, https:\/\/holyshit.global\/wp-content\/uploads\/2023\/05\/VCA7-666x500.jpeg 666w, https:\/\/holyshit.global\/wp-content\/uploads\/2023\/05\/VCA7.jpeg 1210w\" sizes=\"auto, (max-width: 1024px) 100vw, 1024px\" \/><\/figure>\n\n\n\n<figure class=\"wp-block-image size-large\"><img loading=\"lazy\" decoding=\"async\" width=\"1024\" height=\"768\" data-id=\"1773\" src=\"https:\/\/holyshit.global\/wp-content\/uploads\/2023\/05\/VCA9-1024x768.jpeg\" alt=\"\" class=\"wp-image-1773\" srcset=\"https:\/\/holyshit.global\/wp-content\/uploads\/2023\/05\/VCA9-1024x768.jpeg 1024w, https:\/\/holyshit.global\/wp-content\/uploads\/2023\/05\/VCA9-300x225.jpeg 300w, https:\/\/holyshit.global\/wp-content\/uploads\/2023\/05\/VCA9-768x576.jpeg 768w, https:\/\/holyshit.global\/wp-content\/uploads\/2023\/05\/VCA9-465x349.jpeg 465w, https:\/\/holyshit.global\/wp-content\/uploads\/2023\/05\/VCA9-666x500.jpeg 666w, https:\/\/holyshit.global\/wp-content\/uploads\/2023\/05\/VCA9.jpeg 1210w\" sizes=\"auto, (max-width: 1024px) 100vw, 1024px\" \/><\/figure>\n\n\n\n<figure class=\"wp-block-image size-large\"><img loading=\"lazy\" decoding=\"async\" width=\"1024\" height=\"768\" data-id=\"1775\" src=\"https:\/\/holyshit.global\/wp-content\/uploads\/2023\/05\/VCA10-1024x768.jpeg\" alt=\"\" class=\"wp-image-1775\" srcset=\"https:\/\/holyshit.global\/wp-content\/uploads\/2023\/05\/VCA10-1024x768.jpeg 1024w, https:\/\/holyshit.global\/wp-content\/uploads\/2023\/05\/VCA10-300x225.jpeg 300w, https:\/\/holyshit.global\/wp-content\/uploads\/2023\/05\/VCA10-768x576.jpeg 768w, https:\/\/holyshit.global\/wp-content\/uploads\/2023\/05\/VCA10-465x349.jpeg 465w, https:\/\/holyshit.global\/wp-content\/uploads\/2023\/05\/VCA10-666x500.jpeg 666w, https:\/\/holyshit.global\/wp-content\/uploads\/2023\/05\/VCA10.jpeg 1210w\" sizes=\"auto, (max-width: 1024px) 100vw, 1024px\" \/><\/figure>\n<\/figure>\n\n\n\n<div class=\"wp-block-buttons is-content-justification-center is-layout-flex wp-container-core-buttons-is-layout-16018d1d wp-block-buttons-is-layout-flex\">\n<div class=\"wp-block-button\"><a class=\"wp-block-button__link wp-element-button\" href=\"https:\/\/holyshit.global\/de\/privates-screening-in-berlin-fuer-ngo-partner\/\">Vorherige<\/a><\/div>\n\n\n\n<div class=\"wp-block-button\"><a class=\"wp-block-button__link wp-element-button\" href=\"https:\/\/holyshit.global\/de\/holy-shit-bei-republica-23\">N\u00e4chste<\/a><\/div>\n<\/div>\n","protected":false},"excerpt":{"rendered":"<p>Am Samstag, den 20.05., hatte ich die Gelegenheit, den Film \u201eHoly Shit: Can Poop Save The World?\u201c f\u00fcr die Teilnehmer*innen des Netzwerktreffens 2023 von \u201eViva con Agua\u201c zu zeigen. Es fand auf dem ehemaligen Gel\u00e4nde des Botanischen Gartens in Nieklitz, Gallin, 64 Kilometer \u00f6stlich von Hamburg, statt. Es war eine<span class=\"more-link\"><a href=\"https:\/\/holyshit.global\/de\/viva-con-aguas-netzwerktreffen-2023\/\">Read More &rarr;<\/a><\/span><\/p>\n","protected":false},"author":1,"featured_media":0,"parent":0,"menu_order":0,"comment_status":"closed","ping_status":"closed","template":"","meta":{"footnotes":""},"class_list":["entry","author-wzu2bwzu2bwzu2b","post-1745","page","type-page","status-publish"],"_links":{"self":[{"href":"https:\/\/holyshit.global\/de\/wp-json\/wp\/v2\/pages\/1745","targetHints":{"allow":["GET"]}}],"collection":[{"href":"https:\/\/holyshit.global\/de\/wp-json\/wp\/v2\/pages"}],"about":[{"href":"https:\/\/holyshit.global\/de\/wp-json\/wp\/v2\/types\/page"}],"author":[{"embeddable":true,"href":"https:\/\/holyshit.global\/de\/wp-json\/wp\/v2\/users\/1"}],"replies":[{"embeddable":true,"href":"https:\/\/holyshit.global\/de\/wp-json\/wp\/v2\/comments?post=1745"}],"version-history":[{"count":7,"href":"https:\/\/holyshit.global\/de\/wp-json\/wp\/v2\/pages\/1745\/revisions"}],"predecessor-version":[{"id":2983,"href":"https:\/\/holyshit.global\/de\/wp-json\/wp\/v2\/pages\/1745\/revisions\/2983"}],"wp:attachment":[{"href":"https:\/\/holyshit.global\/de\/wp-json\/wp\/v2\/media?parent=1745"}],"curies":[{"name":"wp","href":"https:\/\/api.w.org\/{rel}","templated":true}]}}