{"id":1705,"date":"2023-05-04T14:07:57","date_gmt":"2023-05-04T13:07:57","guid":{"rendered":"https:\/\/holyshit.global\/ueber-den-film-2\/"},"modified":"2023-11-20T16:22:43","modified_gmt":"2023-11-20T15:22:43","slug":"ueber-den-film-2","status":"publish","type":"page","link":"https:\/\/holyshit.global\/de\/ueber-den-film-2\/","title":{"rendered":"\u00dcber den Film"},"content":{"rendered":"\n<p class=\"has-medium-font-size\"><strong>Ein Dokumentarfilm in Spielfilml\u00e4nge von <a href=\"https:\/\/holyshit.global\/de\/ruben-abruna-regisseur\/\" target=\"_blank\" rel=\"noreferrer noopener\">Rub\u00e9n Abru\u00f1a<\/a><\/strong><br\/><strong>Produziert von <a href=\"https:\/\/www.thurnfilm.de\/en\/\" target=\"_blank\" rel=\"noreferrer noopener\">Thurn Film<\/a>,<\/strong> <strong>in Koproduktion mit <a href=\"https:\/\/www.peacock.ch\/PROJECTS\/60\" target=\"_blank\" rel=\"noreferrer noopener\">Peacock Film (CH)<\/a><\/strong><\/p>\n\n<p class=\"has-medium-font-size\"><strong>Deutscher und \u00f6sterreichischer Kinostart f\u00fcr Herbst 2023.<\/strong><br\/><strong>Kinoverleih:<\/strong> <a href=\"http:\/\/farbfilm-verleih.de\/\" target=\"_blank\" rel=\"noreferrer noopener\"><strong>Farbfilm,<\/strong><\/a> <strong>Weltvertrieb:<\/strong> <a href=\"https:\/\/www.autlookfilms.com\/\" target=\"_blank\" rel=\"noreferrer noopener\"><strong>Autlook<\/strong><\/a><br\/><strong>Impact-Kampagne:<\/strong> <a href=\"https:\/\/tfip.org\/projects\/\" target=\"_blank\" rel=\"noreferrer noopener\"><strong>Think-Film Impact Production<\/strong><\/a><\/p>\n\n<p class=\"has-medium-font-size\">Was passiert mit unserem verdauten Essen, nachdem es unseren K\u00f6rper verlassen hat? Ist es Abfall, der weggeworfen werden muss, oder eine Ressource, die wiederverwendet werden kann? Auf der Suche nach Antworten begibt sich der Regisseur Rub\u00e9n Abru\u00f1a auf eine investigative und unterhaltsame Suche durch 16 St\u00e4dte auf 4 Kontinenten.<\/p>\n\n<p class=\"has-medium-font-size\">Er folgt der F\u00e4kalienspur von den langen Pariser Abwasserkan\u00e4len bis hin zu einer riesigen Kl\u00e4ranlage in Chicago Die vermeintliche L\u00f6sung, die halbfesten \u00dcberreste des Kl\u00e4rprozesses als D\u00fcngemittel zu verwenden, erweist sich als wahrer Albtraum, da sie Schwermetalle und giftige PFAS-Chemikalien enthalten.<\/p>\n\n<p class=\"has-medium-font-size\">K\u00f6nnen Ausscheidungen f\u00fcr den Anbau von Nahrungsmitteln verwendet werden, um die drohende D\u00fcngemittelknappheit zu verringern? Er lernt die Poop Pirates aus Uganda kennen, die den Menschen mit ihrer Arbeit und ihren Liedern beibringen, wie man F\u00e4kalien in sicheren D\u00fcnger verwandelt. Im l\u00e4ndlichen Schweden zeigt ihm ein Ingenieur eine Trockentoilette, die aus Urin D\u00fcnger herstellt.<\/p>\n\n<p class=\"has-medium-font-size\">In Hamburg und Genf entdeckt er Wohnkomplexe mit dezentralen Kl\u00e4ranlagen, die nicht an die Kanalisation angeschlossen sind und aus menschlichen Ausscheidungen Strom und D\u00fcnger produzieren. Am Ende findet der Regisseur Antworten auf die nachhaltige Wiederverwendung von Kacke und Pipi, die gleichzeitig die globale Ern\u00e4hrungssicherheit, den Umweltschutz und die Hygiene verbessern und den Klimawandel abschw\u00e4chen.<\/p>\n\n<p class=\"has-medium-font-size\"><strong>Zus\u00e4tzliche Informationen: <\/strong><\/p>\n\n<p class=\"has-medium-font-size\">A film by Ruben Abru\u00f1a\u00a0<br\/>Camera: Hajo Schomerus\u00a0<br\/>Sound: Ralf Weber<br\/>Editing: C\u00e9cile Welter<br\/>Music: Ulrich Kodjo Wendt\u00a0<br\/>Narrator (German version): Christoph Maria Herbst\u00a0<br\/>Narrator (English version): Rub\u00e9n Abru\u00f1a\u00a0\u00a0<br\/>Executive producer: Valentin Thurn<br\/>Co-producer: Elena Pedrazzoli\u00a0\u00a0<br\/>Editors: Jutta Krug (WDR), Martin Kowalczyk (BR)Urs Augstburger (SRF) and Sven W\u00e4lti (SRG SSR)<br\/>In co-production with Peacock Film (Zurich)<br\/>Westdeutscher Rundfunk (WDR)<br\/>Bayerischer Rundfunk (BR) Petra Felber\u00a0<br\/>Schweizer Radio und Fernsehen (SRF)SRG SSR\u00a0\u00a0\u00a0\u00a0<br\/>Supported by: Film- und Medienstiftung NRW\u00a0\u00a0\u00a0<br\/>The Federal Government Commissioner for Culture and the Media (BKM)<br\/>Deutscher Filmf\u00f6rderfonds (DFFF)\u00a0<br\/>Bundesamt f\u00fcr Kultur (BAK)<br\/>Succ\u00e8s passage antennes (SRG SSR)\u00a0\u00a0\u00a0\u00a0\u00a0<\/p>\n","protected":false},"excerpt":{"rendered":"<p>Ein Dokumentarfilm in Spielfilml\u00e4nge von Rub\u00e9n Abru\u00f1aProduziert von Thurn Film, in Koproduktion mit Peacock Film (CH) Deutscher und \u00f6sterreichischer Kinostart f\u00fcr Herbst 2023.Kinoverleih: Farbfilm, Weltvertrieb: AutlookImpact-Kampagne: Think-Film Impact Production Was passiert mit unserem verdauten Essen, nachdem es unseren K\u00f6rper verlassen hat? Ist es Abfall, der weggeworfen werden muss, oder eine<span class=\"more-link\"><a href=\"https:\/\/holyshit.global\/de\/ueber-den-film-2\/\">Read More &rarr;<\/a><\/span><\/p>\n","protected":false},"author":1,"featured_media":388,"parent":0,"menu_order":0,"comment_status":"closed","ping_status":"closed","template":"","meta":{"footnotes":""},"class_list":["entry","author-wzu2bwzu2bwzu2b","post-1705","page","type-page","status-publish","has-post-thumbnail"],"_links":{"self":[{"href":"https:\/\/holyshit.global\/de\/wp-json\/wp\/v2\/pages\/1705","targetHints":{"allow":["GET"]}}],"collection":[{"href":"https:\/\/holyshit.global\/de\/wp-json\/wp\/v2\/pages"}],"about":[{"href":"https:\/\/holyshit.global\/de\/wp-json\/wp\/v2\/types\/page"}],"author":[{"embeddable":true,"href":"https:\/\/holyshit.global\/de\/wp-json\/wp\/v2\/users\/1"}],"replies":[{"embeddable":true,"href":"https:\/\/holyshit.global\/de\/wp-json\/wp\/v2\/comments?post=1705"}],"version-history":[{"count":10,"href":"https:\/\/holyshit.global\/de\/wp-json\/wp\/v2\/pages\/1705\/revisions"}],"predecessor-version":[{"id":1719,"href":"https:\/\/holyshit.global\/de\/wp-json\/wp\/v2\/pages\/1705\/revisions\/1719"}],"wp:featuredmedia":[{"embeddable":true,"href":"https:\/\/holyshit.global\/de\/wp-json\/wp\/v2\/media\/388"}],"wp:attachment":[{"href":"https:\/\/holyshit.global\/de\/wp-json\/wp\/v2\/media?parent=1705"}],"curies":[{"name":"wp","href":"https:\/\/api.w.org\/{rel}","templated":true}]}}