{"id":1685,"date":"2023-05-04T13:19:39","date_gmt":"2023-05-04T12:19:39","guid":{"rendered":"https:\/\/holyshit.global\/ruben-abruna-regisseur\/"},"modified":"2023-06-07T16:35:09","modified_gmt":"2023-06-07T15:35:09","slug":"ruben-abruna-regisseur","status":"publish","type":"page","link":"https:\/\/holyshit.global\/de\/ruben-abruna-regisseur\/","title":{"rendered":"Rub\u00e9n Abru\u00f1a \/ Regisseur"},"content":{"rendered":"\n<p class=\"has-small-font-size\">Photo \u00a9 2023 ThurnFilm\/Ralf Weber<\/p>\n\n\n\n<p class=\"has-medium-font-size\">Vor etwa zwanzig Jahren hatte ich in meinem Heimatland Puerto Rico eine sanit\u00e4re Offenbarung, als ich eine Trockenkomposttoilette benutzte. Ich war angenehm \u00fcberrascht. Nicht nur dar\u00fcber, dass es nach dem Gesch\u00e4ft keine unangenehmen Ger\u00fcche gab, sondern auch dar\u00fcber, dass ich nur zwei Tassen eines organischen Materials verwenden musste, um es zu bedecken, anstatt es mit sieben Litern Trinkwasser wegzusp\u00fclen. Als ich den Raum verlie\u00df, f\u00fchlte ich mich zufrieden, einen positiven Beitrag f\u00fcr meine unmittelbare Umgebung geleistet zu haben, und noch mehr, als mir klar wurde, dass meine Exkremente zum D\u00fcngen eines Gem\u00fcsegartens verwendet werden w\u00fcrden.<\/p>\n\n\n\n<p class=\"has-medium-font-size\">Einige Jahre sp\u00e4ter beschloss ich, einen 52-min\u00fctigen Film \u00fcber das Haus zu drehen, in dem ich die Komposttoilette kennengelernt hatte. Der Film mit dem Titel &#8222;La Casa Ausente \/ The Absent House&#8220; wurde 2014 ver\u00f6ffentlicht und auf mehr als einem Dutzend internationaler Filmfestivals auf f\u00fcnf Kontinenten gezeigt. \u00dcber seinen Verleih Icarus Films st\u00f6\u00dft er weiterhin auf Interesse und Nachfrage.<\/p>\n\n\n\n<p class=\"has-medium-font-size\">Trotz des Erfolgs sind Komposttoiletten nicht weit verbreitet. Ich habe mich immer wieder gefragt, warum. <\/p>\n\n\n\n<p class=\"has-medium-font-size\">Als Kind begleitete ich meinen Vater, einen Bodenwissenschaftler, der an mehreren landwirtschaftlichen Projekten auf der Insel beteiligt war, zu Reis- und Kaffeeplantagen. Dort lernte ich, wie wichtig D\u00fcngemittel und Wasser f\u00fcr den Anbau von Lebensmitteln sind.<\/p>\n\n\n\n<p class=\"has-medium-font-size\">Anfang der 1980er Jahre wurde ich von zwei Dokumentarfilmern inspiriert: George Stoney von der Filmschule der New York University und Jean Rouch, einem Pionier des Cin\u00e9ma-verit\u00e9. Sie lehrten mich die transformative Kraft von Dokumentarfilmen.<\/p>\n\n\n\n<p class=\"has-medium-font-size\">All diese Erfahrungen kamen zusammen wie die organische Materie, die Feuchtigkeit, die W\u00fcrmer, die Ausscheidungen und die thermophilen Bakterien, die D\u00fcnger erzeugen, und veranlassten mich 2014, ein Forschungsprojekt zu starten, das in dem Film &#8222;Holy Shit: Can Poop Save The World?&#8220; gipfelte.<\/p>\n\n\n\n<div class=\"wp-block-buttons is-content-justification-center is-layout-flex wp-container-core-buttons-is-layout-16018d1d wp-block-buttons-is-layout-flex\">\n<div class=\"wp-block-button\"><a class=\"wp-block-button__link wp-element-button\" href=\"https:\/\/holyshit.global\/de\/dr-jaeweon-cho\/\">Vorherige<\/a><\/div>\n\n\n\n<div class=\"wp-block-button\"><a class=\"wp-block-button__link wp-element-button\" href=\"https:\/\/holyshit.global\/de\/boten-der-veraenderung\/dr-paul-rozin\/\">N\u00e4chste<\/a><\/div>\n<\/div>\n","protected":false},"excerpt":{"rendered":"<p>Photo \u00a9 2023 ThurnFilm\/Ralf Weber Vor etwa zwanzig Jahren hatte ich in meinem Heimatland Puerto Rico eine sanit\u00e4re Offenbarung, als ich eine Trockenkomposttoilette benutzte. Ich war angenehm \u00fcberrascht. Nicht nur dar\u00fcber, dass es nach dem Gesch\u00e4ft keine unangenehmen Ger\u00fcche gab, sondern auch dar\u00fcber, dass ich nur zwei Tassen eines organischen<span class=\"more-link\"><a href=\"https:\/\/holyshit.global\/de\/ruben-abruna-regisseur\/\">Read More &rarr;<\/a><\/span><\/p>\n","protected":false},"author":1,"featured_media":1681,"parent":0,"menu_order":0,"comment_status":"closed","ping_status":"closed","template":"","meta":{"footnotes":""},"class_list":["entry","author-wzu2bwzu2bwzu2b","post-1685","page","type-page","status-publish","has-post-thumbnail"],"_links":{"self":[{"href":"https:\/\/holyshit.global\/de\/wp-json\/wp\/v2\/pages\/1685","targetHints":{"allow":["GET"]}}],"collection":[{"href":"https:\/\/holyshit.global\/de\/wp-json\/wp\/v2\/pages"}],"about":[{"href":"https:\/\/holyshit.global\/de\/wp-json\/wp\/v2\/types\/page"}],"author":[{"embeddable":true,"href":"https:\/\/holyshit.global\/de\/wp-json\/wp\/v2\/users\/1"}],"replies":[{"embeddable":true,"href":"https:\/\/holyshit.global\/de\/wp-json\/wp\/v2\/comments?post=1685"}],"version-history":[{"count":6,"href":"https:\/\/holyshit.global\/de\/wp-json\/wp\/v2\/pages\/1685\/revisions"}],"predecessor-version":[{"id":1867,"href":"https:\/\/holyshit.global\/de\/wp-json\/wp\/v2\/pages\/1685\/revisions\/1867"}],"wp:featuredmedia":[{"embeddable":true,"href":"https:\/\/holyshit.global\/de\/wp-json\/wp\/v2\/media\/1681"}],"wp:attachment":[{"href":"https:\/\/holyshit.global\/de\/wp-json\/wp\/v2\/media?parent=1685"}],"curies":[{"name":"wp","href":"https:\/\/api.w.org\/{rel}","templated":true}]}}