{"id":1607,"date":"2023-04-13T16:06:04","date_gmt":"2023-04-13T15:06:04","guid":{"rendered":"https:\/\/holyshit.global\/fun-facts\/"},"modified":"2023-07-17T10:38:52","modified_gmt":"2023-07-17T09:38:52","slug":"fun-facts","status":"publish","type":"page","link":"https:\/\/holyshit.global\/de\/fun-facts\/","title":{"rendered":"Fun Facts"},"content":{"rendered":"\n<p class=\"has-medium-font-size\">Interessante Fakten, die die im Film behandelten Themen aus einer anderen Perspektive beleuchten.<br><\/p>\n\n\n<div class=\"wp-block-image\">\n<figure class=\"aligncenter size-large is-resized\"><img loading=\"lazy\" decoding=\"async\" src=\"https:\/\/holyshit.global\/wp-content\/uploads\/2023\/04\/Digestive_system_diagram_en-725x1024.jpg\" alt=\"\" class=\"wp-image-1431\" width=\"363\" height=\"512\" srcset=\"https:\/\/holyshit.global\/wp-content\/uploads\/2023\/04\/Digestive_system_diagram_en-725x1024.jpg 725w, https:\/\/holyshit.global\/wp-content\/uploads\/2023\/04\/Digestive_system_diagram_en-212x300.jpg 212w, https:\/\/holyshit.global\/wp-content\/uploads\/2023\/04\/Digestive_system_diagram_en-768x1085.jpg 768w, https:\/\/holyshit.global\/wp-content\/uploads\/2023\/04\/Digestive_system_diagram_en-1087x1536.jpg 1087w, https:\/\/holyshit.global\/wp-content\/uploads\/2023\/04\/Digestive_system_diagram_en-1449x2048.jpg 1449w, https:\/\/holyshit.global\/wp-content\/uploads\/2023\/04\/Digestive_system_diagram_en-425x600.jpg 425w, https:\/\/holyshit.global\/wp-content\/uploads\/2023\/04\/Digestive_system_diagram_en-354x500.jpg 354w, https:\/\/holyshit.global\/wp-content\/uploads\/2023\/04\/Digestive_system_diagram_en.jpg 1453w\" sizes=\"auto, (max-width: 363px) 100vw, 363px\" \/><figcaption class=\"wp-element-caption\">Human Digestive System. LadyofHats, Public domain, via Wikimedia Commons<\/figcaption><\/figure>\n<\/div>\n\n\n<p class=\"has-medium-font-size\"><strong>*<\/strong>Was unseren K\u00f6rper durch den Anus verl\u00e4sst, ist 40 bis 85 Stunden lang ein Teil von uns gewesen<br><\/p>\n\n\n\n<hr class=\"wp-block-separator has-alpha-channel-opacity is-style-wide\"\/>\n\n\n<div class=\"wp-block-image\">\n<figure class=\"aligncenter size-full is-resized\"><img loading=\"lazy\" decoding=\"async\" src=\"https:\/\/holyshit.global\/wp-content\/uploads\/2023\/04\/Planet-Earth.jpg\" alt=\"\" class=\"wp-image-1424\" width=\"252\" height=\"223\" srcset=\"https:\/\/holyshit.global\/wp-content\/uploads\/2023\/04\/Planet-Earth.jpg 1008w, https:\/\/holyshit.global\/wp-content\/uploads\/2023\/04\/Planet-Earth-300x265.jpg 300w, https:\/\/holyshit.global\/wp-content\/uploads\/2023\/04\/Planet-Earth-768x679.jpg 768w, https:\/\/holyshit.global\/wp-content\/uploads\/2023\/04\/Planet-Earth-465x411.jpg 465w, https:\/\/holyshit.global\/wp-content\/uploads\/2023\/04\/Planet-Earth-566x500.jpg 566w\" sizes=\"auto, (max-width: 252px) 100vw, 252px\" \/><figcaption class=\"wp-element-caption\">Planet Earth. U.S. govt., Public domain, via Wikimedia Commons<\/figcaption><\/figure>\n<\/div>\n\n\n<p class=\"has-medium-font-size\"><strong>* <\/strong>Ein Jahr Kacke in Kilos (gesch\u00e4tzt):<br>Ein erwachsener Mensch kackt etwa 79,2. <br>Eine Stadt wie Paris produziert etwa 174 Millionen.<br>Westeuropa 27 Milliarden.<br>Die Welt 396 Milliarden.<\/p>\n\n\n\n<p class=\"has-medium-font-size\">* Ein Jahr Urin in Litern (gesch\u00e4tzt):<br>Ein erwachsener Mensch pinkelt etwa 540. <br>Eine Stadt wie Paris produziert \u00fcber 1,1 Milliarden.<br>Westeuropa 189 Milliarden.<br>Die Welt 2,7 Billionen.<\/p>\n\n\n\n<hr class=\"wp-block-separator has-alpha-channel-opacity is-style-wide\"\/>\n\n\n<div class=\"wp-block-image\">\n<figure class=\"aligncenter size-large is-resized\"><img loading=\"lazy\" decoding=\"async\" src=\"https:\/\/holyshit.global\/wp-content\/uploads\/2023\/04\/Corn-field--1024x574.jpg\" alt=\"\" class=\"wp-image-1444\" width=\"512\" height=\"287\" srcset=\"https:\/\/holyshit.global\/wp-content\/uploads\/2023\/04\/Corn-field--1024x574.jpg 1024w, https:\/\/holyshit.global\/wp-content\/uploads\/2023\/04\/Corn-field--300x168.jpg 300w, https:\/\/holyshit.global\/wp-content\/uploads\/2023\/04\/Corn-field--768x431.jpg 768w, https:\/\/holyshit.global\/wp-content\/uploads\/2023\/04\/Corn-field--465x261.jpg 465w, https:\/\/holyshit.global\/wp-content\/uploads\/2023\/04\/Corn-field--695x390.jpg 695w, https:\/\/holyshit.global\/wp-content\/uploads\/2023\/04\/Corn-field-.jpg 1334w\" sizes=\"auto, (max-width: 512px) 100vw, 512px\" \/><figcaption class=\"wp-element-caption\">\u00a92023 Rub\u00e9n Abru\u00f1a<\/figcaption><\/figure>\n<\/div>\n\n\n<p class=\"has-medium-font-size\">*Jedes Jahr scheiden die Amerikaner etwa 178 Milliarden Liter Urin aus, die sch\u00e4tzungsweise 890 Millionen Kilo Stickstoff enthalten, mehr als genug, um ein Maisfeld von der Gr\u00f6\u00dfe der Stadt Paris ein ganzes Jahr lang zu d\u00fcngen.<\/p>\n\n\n\n<hr class=\"wp-block-separator has-alpha-channel-opacity is-style-wide\"\/>\n\n\n<div class=\"wp-block-image\">\n<figure class=\"aligncenter size-large is-resized\"><img loading=\"lazy\" decoding=\"async\" src=\"https:\/\/holyshit.global\/wp-content\/uploads\/2023\/04\/Sitting-on-the-toilet-with-paper-in-hands-1024x577.jpg\" alt=\"\" class=\"wp-image-1450\" width=\"512\" height=\"289\" srcset=\"https:\/\/holyshit.global\/wp-content\/uploads\/2023\/04\/Sitting-on-the-toilet-with-paper-in-hands-1024x577.jpg 1024w, https:\/\/holyshit.global\/wp-content\/uploads\/2023\/04\/Sitting-on-the-toilet-with-paper-in-hands-300x169.jpg 300w, https:\/\/holyshit.global\/wp-content\/uploads\/2023\/04\/Sitting-on-the-toilet-with-paper-in-hands-768x432.jpg 768w, https:\/\/holyshit.global\/wp-content\/uploads\/2023\/04\/Sitting-on-the-toilet-with-paper-in-hands-1536x865.jpg 1536w, https:\/\/holyshit.global\/wp-content\/uploads\/2023\/04\/Sitting-on-the-toilet-with-paper-in-hands-465x262.jpg 465w, https:\/\/holyshit.global\/wp-content\/uploads\/2023\/04\/Sitting-on-the-toilet-with-paper-in-hands-695x391.jpg 695w, https:\/\/holyshit.global\/wp-content\/uploads\/2023\/04\/Sitting-on-the-toilet-with-paper-in-hands.jpg 1671w\" sizes=\"auto, (max-width: 512px) 100vw, 512px\" \/><figcaption class=\"wp-element-caption\">\u00a92023 Rub\u00e9n Abru\u00f1a<\/figcaption><\/figure>\n<\/div>\n\n\n<p class=\"has-medium-font-size\"><strong>* <\/strong>Der Mensch verbringt ein ganzes Jahr seines Lebens damit, seinen Darm zu entleeren und etwa drei Jahre, auf der Toilette zu sitzen.<\/p>\n\n\n\n<hr class=\"wp-block-separator has-alpha-channel-opacity is-style-wide\"\/>\n\n\n<div class=\"wp-block-image\">\n<figure class=\"aligncenter size-large is-resized\"><img loading=\"lazy\" decoding=\"async\" src=\"https:\/\/holyshit.global\/wp-content\/uploads\/2023\/04\/Boots-pants-down-toilet-1024x571.jpg\" alt=\"\" class=\"wp-image-1457\" width=\"512\" height=\"286\" srcset=\"https:\/\/holyshit.global\/wp-content\/uploads\/2023\/04\/Boots-pants-down-toilet-1024x571.jpg 1024w, https:\/\/holyshit.global\/wp-content\/uploads\/2023\/04\/Boots-pants-down-toilet-300x167.jpg 300w, https:\/\/holyshit.global\/wp-content\/uploads\/2023\/04\/Boots-pants-down-toilet-768x429.jpg 768w, https:\/\/holyshit.global\/wp-content\/uploads\/2023\/04\/Boots-pants-down-toilet-1536x857.jpg 1536w, https:\/\/holyshit.global\/wp-content\/uploads\/2023\/04\/Boots-pants-down-toilet-465x259.jpg 465w, https:\/\/holyshit.global\/wp-content\/uploads\/2023\/04\/Boots-pants-down-toilet-695x388.jpg 695w, https:\/\/holyshit.global\/wp-content\/uploads\/2023\/04\/Boots-pants-down-toilet.jpg 1672w\" sizes=\"auto, (max-width: 512px) 100vw, 512px\" \/><figcaption class=\"wp-element-caption\">\u00a92023 Rub\u00e9n Abru\u00f1a<\/figcaption><\/figure>\n<\/div>\n\n\n<p class=\"has-medium-font-size\"><strong>*<\/strong>Die t\u00e4gliche F\u00e4kalienausscheidung (Urin und Kot) eines gesunden Menschen liegt je nach Ern\u00e4hrung bei etwa 250 Gramm. Vegetarier scheiden dabei mehr aus als Fleischfresser. Unsere Kacke besteht zu 75% aus Wasser. <\/p>\n\n\n\n<hr class=\"wp-block-separator has-alpha-channel-opacity is-style-wide\"\/>\n\n\n<div class=\"wp-block-image\">\n<figure class=\"aligncenter size-full is-resized\"><img loading=\"lazy\" decoding=\"async\" src=\"https:\/\/holyshit.global\/wp-content\/uploads\/2023\/04\/Skatole_structure.jpg\" alt=\"\" class=\"wp-image-1462\" width=\"341\" height=\"283\" srcset=\"https:\/\/holyshit.global\/wp-content\/uploads\/2023\/04\/Skatole_structure.jpg 681w, https:\/\/holyshit.global\/wp-content\/uploads\/2023\/04\/Skatole_structure-300x249.jpg 300w, https:\/\/holyshit.global\/wp-content\/uploads\/2023\/04\/Skatole_structure-465x386.jpg 465w, https:\/\/holyshit.global\/wp-content\/uploads\/2023\/04\/Skatole_structure-602x500.jpg 602w\" sizes=\"auto, (max-width: 341px) 100vw, 341px\" \/><figcaption class=\"wp-element-caption\">Chemische Struktur des Skatols. Dschanz, Public domain, via Wikimedia Commons<\/figcaption><\/figure>\n<\/div>\n\n\n<p class=\"has-medium-font-size\"><strong>*<\/strong>Skatole und Indole sind die beiden Chemikalien, die der Schei\u00dfe ihren Geruch verleihen Das Wort &#8222;skatologisch&#8220;, das sich auf Exkremente und Ausscheidungen bezieht oder von ihnen gepr\u00e4gt ist, geht darauf zur\u00fcck.<\/p>\n\n\n\n<hr class=\"wp-block-separator has-alpha-channel-opacity is-style-wide\"\/>\n\n\n<div class=\"wp-block-image\">\n<figure class=\"aligncenter size-large is-resized\"><img loading=\"lazy\" decoding=\"async\" src=\"https:\/\/holyshit.global\/wp-content\/uploads\/2023\/04\/E._coli_Bacteria_-1024x861.jpg\" alt=\"\" class=\"wp-image-1474\" width=\"512\" height=\"431\" srcset=\"https:\/\/holyshit.global\/wp-content\/uploads\/2023\/04\/E._coli_Bacteria_-1024x861.jpg 1024w, https:\/\/holyshit.global\/wp-content\/uploads\/2023\/04\/E._coli_Bacteria_-300x252.jpg 300w, https:\/\/holyshit.global\/wp-content\/uploads\/2023\/04\/E._coli_Bacteria_-768x646.jpg 768w, https:\/\/holyshit.global\/wp-content\/uploads\/2023\/04\/E._coli_Bacteria_-465x391.jpg 465w, https:\/\/holyshit.global\/wp-content\/uploads\/2023\/04\/E._coli_Bacteria_-595x500.jpg 595w, https:\/\/holyshit.global\/wp-content\/uploads\/2023\/04\/E._coli_Bacteria_.jpg 1050w\" sizes=\"auto, (max-width: 512px) 100vw, 512px\" \/><figcaption class=\"wp-element-caption\">Escherichia coli bacteria. <br>NIAID, Public domain, via Wikimedia Commons <\/figcaption><\/figure>\n<\/div>\n\n\n<p class=\"has-medium-font-size\"><strong>*<\/strong>Es sind pro Kubikmillimeter F\u00e4kalien eines erwachsenen Menschen 1,000,000,000,000 (10<sup>11<\/sup>) Bakterien zu finden.<\/p>\n\n\n\n<hr class=\"wp-block-separator has-alpha-channel-opacity is-style-wide\"\/>\n\n\n<div class=\"wp-block-image\">\n<figure class=\"aligncenter size-large is-resized\"><img loading=\"lazy\" decoding=\"async\" src=\"https:\/\/holyshit.global\/wp-content\/uploads\/2023\/04\/1118px-Wembley_Stadium_interior-1-1024x659.jpg\" alt=\"\" class=\"wp-image-1480\" width=\"512\" height=\"330\" srcset=\"https:\/\/holyshit.global\/wp-content\/uploads\/2023\/04\/1118px-Wembley_Stadium_interior-1-1024x659.jpg 1024w, https:\/\/holyshit.global\/wp-content\/uploads\/2023\/04\/1118px-Wembley_Stadium_interior-1-300x193.jpg 300w, https:\/\/holyshit.global\/wp-content\/uploads\/2023\/04\/1118px-Wembley_Stadium_interior-1-768x495.jpg 768w, https:\/\/holyshit.global\/wp-content\/uploads\/2023\/04\/1118px-Wembley_Stadium_interior-1-465x299.jpg 465w, https:\/\/holyshit.global\/wp-content\/uploads\/2023\/04\/1118px-Wembley_Stadium_interior-1-695x448.jpg 695w, https:\/\/holyshit.global\/wp-content\/uploads\/2023\/04\/1118px-Wembley_Stadium_interior-1.jpg 1118w\" sizes=\"auto, (max-width: 512px) 100vw, 512px\" \/><figcaption class=\"wp-element-caption\">Wembley-Stadion. Jbmg40, CC BY-SA 3.0 <a href=\"https:\/\/creativecommons.org\/licenses\/by-sa\/3.0\" target=\"_blank\" rel=\"noopener\">https:\/\/creativecommons.org\/licenses\/by-sa\/3.0<\/a>, via Wikimedia Commons<\/figcaption><\/figure>\n<\/div>\n\n\n<p class=\"has-medium-font-size\"><strong>*<\/strong>Jeden Tag landen etwa 100.000 Tonnen menschlicher Exkremente in der freien Natur &#8211; genug um das Londoner Wembley-Stadion zu f\u00fcllen.<\/p>\n\n\n\n<hr class=\"wp-block-separator has-alpha-channel-opacity is-style-wide\"\/>\n\n\n<div class=\"wp-block-image\">\n<figure class=\"aligncenter size-full is-resized\"><img loading=\"lazy\" decoding=\"async\" src=\"https:\/\/holyshit.global\/wp-content\/uploads\/2023\/04\/Patates.jpg\" alt=\"\" class=\"wp-image-1486\" width=\"400\" height=\"260\" srcset=\"https:\/\/holyshit.global\/wp-content\/uploads\/2023\/04\/Patates.jpg 800w, https:\/\/holyshit.global\/wp-content\/uploads\/2023\/04\/Patates-300x195.jpg 300w, https:\/\/holyshit.global\/wp-content\/uploads\/2023\/04\/Patates-768x499.jpg 768w, https:\/\/holyshit.global\/wp-content\/uploads\/2023\/04\/Patates-465x302.jpg 465w, https:\/\/holyshit.global\/wp-content\/uploads\/2023\/04\/Patates-695x452.jpg 695w\" sizes=\"auto, (max-width: 400px) 100vw, 400px\" \/><figcaption class=\"wp-element-caption\">Kartoffeln. Scott Bauer, USDA ARS, Public domain, via Wikimedia Commons<\/figcaption><\/figure>\n<\/div>\n\n\n<p class=\"has-medium-font-size\"><strong>*<\/strong>Wir schei\u00dfen 25 % des Proteins in Reis, 26 % des Proteins in Kartoffeln und 40 % des Proteins in Maismehl aus.<\/p>\n\n\n\n<hr class=\"wp-block-separator has-alpha-channel-opacity is-style-wide\"\/>\n\n\n<div class=\"wp-block-image\">\n<figure class=\"aligncenter size-large is-resized\"><img loading=\"lazy\" decoding=\"async\" src=\"https:\/\/holyshit.global\/wp-content\/uploads\/2023\/04\/Earth-Huebhof-1024x574.jpg\" alt=\"\" class=\"wp-image-1500\" width=\"512\" height=\"287\" srcset=\"https:\/\/holyshit.global\/wp-content\/uploads\/2023\/04\/Earth-Huebhof-1024x574.jpg 1024w, https:\/\/holyshit.global\/wp-content\/uploads\/2023\/04\/Earth-Huebhof-300x168.jpg 300w, https:\/\/holyshit.global\/wp-content\/uploads\/2023\/04\/Earth-Huebhof-768x430.jpg 768w, https:\/\/holyshit.global\/wp-content\/uploads\/2023\/04\/Earth-Huebhof-465x260.jpg 465w, https:\/\/holyshit.global\/wp-content\/uploads\/2023\/04\/Earth-Huebhof-695x389.jpg 695w, https:\/\/holyshit.global\/wp-content\/uploads\/2023\/04\/Earth-Huebhof.jpg 1337w\" sizes=\"auto, (max-width: 512px) 100vw, 512px\" \/><figcaption class=\"wp-element-caption\">\u00a9 2023 Rub\u00e9n Abru\u00f1a<\/figcaption><\/figure>\n<\/div>\n\n\n<p class=\"has-medium-font-size\">*In einem Jahr scheidet die Weltbev\u00f6lkerung genug Urin und F\u00e4kalien aus, um mehr als ein Drittel der landwirtschaftlichen Fl\u00e4chen des Planeten zu d\u00fcngen.<\/p>\n\n\n\n<hr class=\"wp-block-separator has-alpha-channel-opacity is-style-wide\"\/>\n\n\n<div class=\"wp-block-image\">\n<figure class=\"aligncenter size-large is-resized\"><img loading=\"lazy\" decoding=\"async\" src=\"https:\/\/holyshit.global\/wp-content\/uploads\/2023\/04\/Harvesting-zuccini-1024x576.jpg\" alt=\"\" class=\"wp-image-1491\" width=\"512\" height=\"288\" srcset=\"https:\/\/holyshit.global\/wp-content\/uploads\/2023\/04\/Harvesting-zuccini-1024x576.jpg 1024w, https:\/\/holyshit.global\/wp-content\/uploads\/2023\/04\/Harvesting-zuccini-300x169.jpg 300w, https:\/\/holyshit.global\/wp-content\/uploads\/2023\/04\/Harvesting-zuccini-768x432.jpg 768w, https:\/\/holyshit.global\/wp-content\/uploads\/2023\/04\/Harvesting-zuccini-465x261.jpg 465w, https:\/\/holyshit.global\/wp-content\/uploads\/2023\/04\/Harvesting-zuccini-695x391.jpg 695w, https:\/\/holyshit.global\/wp-content\/uploads\/2023\/04\/Harvesting-zuccini.jpg 1334w\" sizes=\"auto, (max-width: 512px) 100vw, 512px\" \/><figcaption class=\"wp-element-caption\">\u00a9 2023 Rub\u00e9n Abru\u00f1a<\/figcaption><\/figure>\n<\/div>\n\n\n<p class=\"has-medium-font-size\">*Die j\u00e4hrlichen Ausscheidungen eines erwachsenen Menschen enthalten genug N\u00e4hrstoffe, um die von ihm ben\u00f6tigten Nahrungsmittel f\u00fcr ein Jahr anzubauen.<\/p>\n\n\n\n<hr class=\"wp-block-separator has-alpha-channel-opacity is-style-wide\"\/>\n\n\n<div class=\"wp-block-image\">\n<figure class=\"aligncenter size-large is-resized\"><img loading=\"lazy\" decoding=\"async\" src=\"https:\/\/holyshit.global\/wp-content\/uploads\/2023\/04\/RA-sits-compost-toilet-Ausente-1024x575.jpg\" alt=\"\" class=\"wp-image-1132\" width=\"512\" height=\"288\" srcset=\"https:\/\/holyshit.global\/wp-content\/uploads\/2023\/04\/RA-sits-compost-toilet-Ausente-1024x575.jpg 1024w, https:\/\/holyshit.global\/wp-content\/uploads\/2023\/04\/RA-sits-compost-toilet-Ausente-300x169.jpg 300w, https:\/\/holyshit.global\/wp-content\/uploads\/2023\/04\/RA-sits-compost-toilet-Ausente-768x432.jpg 768w, https:\/\/holyshit.global\/wp-content\/uploads\/2023\/04\/RA-sits-compost-toilet-Ausente-1536x863.jpg 1536w, https:\/\/holyshit.global\/wp-content\/uploads\/2023\/04\/RA-sits-compost-toilet-Ausente-2048x1151.jpg 2048w, https:\/\/holyshit.global\/wp-content\/uploads\/2023\/04\/RA-sits-compost-toilet-Ausente-465x261.jpg 465w, https:\/\/holyshit.global\/wp-content\/uploads\/2023\/04\/RA-sits-compost-toilet-Ausente-695x391.jpg 695w\" sizes=\"auto, (max-width: 512px) 100vw, 512px\" \/><figcaption class=\"wp-element-caption\">\u00a9 2023 Rub\u00e9n Abru\u00f1a<\/figcaption><\/figure>\n<\/div>\n\n\n<p class=\"has-medium-font-size\"><strong>*<\/strong>75 % der Amerikaner mit Mobiltelefonen benutzen ihre Telefone im Badezimmer. <br>63 % beantworteten einen Telefonanruf.<br>10% haben einen Online-Kauf get\u00e4tigt.<\/p>\n\n\n\n<div class=\"wp-block-buttons is-content-justification-center is-layout-flex wp-container-core-buttons-is-layout-16018d1d wp-block-buttons-is-layout-flex\">\n<div class=\"wp-block-button\"><a class=\"wp-block-button__link wp-element-button\" href=\"https:\/\/holyshit.global\/de\/pyrolyse\/\">Vorherige<\/a><\/div>\n\n\n\n<div class=\"wp-block-button\"><a class=\"wp-block-button__link wp-element-button\" href=\"https:\/\/holyshit.global\/de\/das-holy-shit-kartenspiel\/\">N\u00e4chste<\/a><\/div>\n<\/div>\n","protected":false},"excerpt":{"rendered":"<p>Interessante Fakten, die die im Film behandelten Themen aus einer anderen Perspektive beleuchten. *Was unseren K\u00f6rper durch den Anus verl\u00e4sst, ist 40 bis 85 Stunden lang ein Teil von uns gewesen * Ein Jahr Kacke in Kilos (gesch\u00e4tzt):Ein erwachsener Mensch kackt etwa 79,2. Eine Stadt wie Paris produziert etwa 174<span class=\"more-link\"><a href=\"https:\/\/holyshit.global\/de\/fun-facts\/\">Read More &rarr;<\/a><\/span><\/p>\n","protected":false},"author":1,"featured_media":0,"parent":0,"menu_order":0,"comment_status":"closed","ping_status":"closed","template":"","meta":{"footnotes":""},"class_list":["entry","author-wzu2bwzu2bwzu2b","post-1607","page","type-page","status-publish"],"_links":{"self":[{"href":"https:\/\/holyshit.global\/de\/wp-json\/wp\/v2\/pages\/1607","targetHints":{"allow":["GET"]}}],"collection":[{"href":"https:\/\/holyshit.global\/de\/wp-json\/wp\/v2\/pages"}],"about":[{"href":"https:\/\/holyshit.global\/de\/wp-json\/wp\/v2\/types\/page"}],"author":[{"embeddable":true,"href":"https:\/\/holyshit.global\/de\/wp-json\/wp\/v2\/users\/1"}],"replies":[{"embeddable":true,"href":"https:\/\/holyshit.global\/de\/wp-json\/wp\/v2\/comments?post=1607"}],"version-history":[{"count":8,"href":"https:\/\/holyshit.global\/de\/wp-json\/wp\/v2\/pages\/1607\/revisions"}],"predecessor-version":[{"id":2017,"href":"https:\/\/holyshit.global\/de\/wp-json\/wp\/v2\/pages\/1607\/revisions\/2017"}],"wp:attachment":[{"href":"https:\/\/holyshit.global\/de\/wp-json\/wp\/v2\/media?parent=1607"}],"curies":[{"name":"wp","href":"https:\/\/api.w.org\/{rel}","templated":true}]}}