{"id":1306,"date":"2023-03-11T09:25:21","date_gmt":"2023-03-11T08:25:21","guid":{"rendered":"https:\/\/holyshit.global\/was-kann-ich-tun\/"},"modified":"2023-05-08T16:28:18","modified_gmt":"2023-05-08T15:28:18","slug":"was-kann-ich-tun","status":"publish","type":"page","link":"https:\/\/holyshit.global\/de\/was-kann-ich-tun\/","title":{"rendered":"Was kann ich tun?"},"content":{"rendered":"\n<p class=\"has-medium-font-size\">Hier ist eine Liste mit praktischen Dingen, die Sie tun k\u00f6nnen, um die Verschwendung zu stoppen und <strong>den NPK aus unserer Kacke und unserem Pipi wiederzuverwenden<\/strong>.<\/p>\n\n\n\n<p class=\"has-medium-font-size\">Sie k\u00f6nnen damit beginnen, Ihren <strong>Urin zu sammeln<\/strong>, auch wenn Sie keine Trockentoilette oder eine Urinableitungstrockentoilette (UDDT) haben. Pinkeln Sie mit einem Trichter in eine Glas- oder Hartplastikflasche, die Sie verschlie\u00dfen k\u00f6nnen, und f\u00fcllen Sie den Urin in ein gr\u00f6\u00dferes Gef\u00e4\u00df um, wenn sie voll ist. Frauen k\u00f6nnen ein wiederverwendbares Frauenurinal wie <a href=\"https:\/\/www.amazon.de\/dp\/B0899H2CZZ\/ref=pe_27091401_487027711_TE_SCE_dp_1?th=1\" target=\"_blank\" rel=\"noreferrer noopener\">dieses<\/a> oder ein <a href=\"https:\/\/www.missoir.de\/\" target=\"_blank\" rel=\"noreferrer noopener\">Missoir<\/a> benutzen. Verwenden Sie es als D\u00fcnger in Ihrem Blumen- und Gem\u00fcsegarten und Sie werden sehen, wie die Pflanzen wie nie zuvor aus dem Boden sprie\u00dfen. Au\u00dferdem spart man enorm viel Wasser, weil man nicht mehr die Toilette sp\u00fclen muss, wenn man in eine Flasche pinkelt. Eine durchschnittliche Toilette verbraucht 7 Liter Trinkwasser pro Sp\u00fclung! <\/p>\n\n\n\n<p class=\"has-text-align-center\"> <a href=\"https:\/\/www.dropbox.com\/s\/p2sku175c73npgs\/The%20use%20of%20urine%20fertilizer.pdf?dl=1\" target=\"_blank\" rel=\"noreferrer noopener\"><img loading=\"lazy\" decoding=\"async\" width=\"150\" height=\"152\" class=\"wp-image-650\" style=\"width: 150px;\" src=\"https:\/\/holyshit.global\/wp-content\/uploads\/2023\/03\/Cover-page-of-The-use-of-urine-fertilizer.jpg\" alt=\"\" srcset=\"https:\/\/holyshit.global\/wp-content\/uploads\/2023\/03\/Cover-page-of-The-use-of-urine-fertilizer.jpg 407w, https:\/\/holyshit.global\/wp-content\/uploads\/2023\/03\/Cover-page-of-The-use-of-urine-fertilizer-296x300.jpg 296w\" sizes=\"auto, (max-width: 150px) 100vw, 150px\" \/><\/a><\/p>\n\n\n\n<p class=\"has-medium-font-size\">Das Handbuch mit dem Titel <a rel=\"noreferrer noopener\" href=\"https:\/\/www.dropbox.com\/s\/p2sku175c73npgs\/The%20use%20of%20urine%20fertilizer.pdf?dl=1\" target=\"_blank\">The Use of Urine as Fertilizer<\/a> (Die Verwendung von Urin als D\u00fcnger) ist ein guter Anfang, um zu verstehen, wie man Urin sicher verwenden kann, w\u00e4hrend man die Richtlinien der Weltgesundheitsorganisation befolgt. Ich habe die darin enthaltenen Anweisungen befolgt und kann ihren Wert bezeugen. Sehen Sie sich dazu <a href=\"https:\/\/vimeo.com\/579929271\/35abf6a310\" target=\"_blank\" rel=\"noreferrer noopener\">dieses Video<\/a> an. <br><\/p>\n\n\n\n<p class=\"has-text-align-center has-medium-font-size\"><a href=\"https:\/\/www.vunanexus.com\/aurin\" target=\"_blank\" rel=\"noreferrer noopener\"><img loading=\"lazy\" decoding=\"async\" width=\"150\" height=\"207\" class=\"wp-image-655\" style=\"width: 150px;\" src=\"https:\/\/holyshit.global\/wp-content\/uploads\/2023\/03\/Aurin-e1679837187171.png\" alt=\"\" srcset=\"https:\/\/holyshit.global\/wp-content\/uploads\/2023\/03\/Aurin-e1679837187171.png 346w, https:\/\/holyshit.global\/wp-content\/uploads\/2023\/03\/Aurin-e1679837187171-217x300.png 217w\" sizes=\"auto, (max-width: 150px) 100vw, 150px\" \/><\/a><\/p>\n\n\n\n<p class=\"has-text-align-left has-medium-font-size\">In der Schweiz, Lichtenstein und \u00d6sterreich gibt es <strong>aus menschlichem Urin hergestellten D\u00fcnger zu kaufen<\/strong>. Das Produkt hei\u00dft Aurin und wird von <a rel=\"noreferrer noopener\" href=\"https:\/\/www.vunanexus.com\/aurin\" target=\"_blank\">VunaNexus<\/a> hergestellt. Ich nutze es in meinem Garten. Es funktioniert sehr gut und riecht nicht.<br><\/p>\n\n\n\n<p class=\"has-text-align-center has-medium-font-size\"><img loading=\"lazy\" decoding=\"async\" width=\"150\" height=\"150\" class=\"wp-image-841\" style=\"width: 150px;\" src=\"https:\/\/holyshit.global\/wp-content\/uploads\/2023\/03\/Finizio_tuetentoilette3.jpeg\" alt=\"\" srcset=\"https:\/\/holyshit.global\/wp-content\/uploads\/2023\/03\/Finizio_tuetentoilette3.jpeg 1200w, https:\/\/holyshit.global\/wp-content\/uploads\/2023\/03\/Finizio_tuetentoilette3-300x300.jpeg 300w, https:\/\/holyshit.global\/wp-content\/uploads\/2023\/03\/Finizio_tuetentoilette3-1024x1024.jpeg 1024w, https:\/\/holyshit.global\/wp-content\/uploads\/2023\/03\/Finizio_tuetentoilette3-150x150.jpeg 150w, https:\/\/holyshit.global\/wp-content\/uploads\/2023\/03\/Finizio_tuetentoilette3-768x768.jpeg 768w, https:\/\/holyshit.global\/wp-content\/uploads\/2023\/03\/Finizio_tuetentoilette3-465x465.jpeg 465w, https:\/\/holyshit.global\/wp-content\/uploads\/2023\/03\/Finizio_tuetentoilette3-500x500.jpeg 500w\" sizes=\"auto, (max-width: 150px) 100vw, 150px\" \/><\/p>\n\n\n\n<p class=\"has-medium-font-size\"><strong>Besorgen Sie sich eine Trockentoilette zur Urinableitung (UDDT).<\/strong> Sie trennt Urin und F\u00e4kalien an der Quelle. Der Urin wird entweder oben oder unten vom Rest getrennt. Das obige Bild zeigt eine UDDT mit oberer Trennung. Bei beiden kann man den Urin relativ schnell als Fl\u00fcssigd\u00fcnger verwenden. Die F\u00e4kalien werden getrennt gelagert und k\u00f6nnen entweder getrocknet oder kompostiert werden. Die neue Toilette von <a rel=\"noreferrer noopener\" href=\"https:\/\/finizio.de\/rohrposttoilette\/\" target=\"_blank\">Finizio<\/a> ist ein gutes Beispiel f\u00fcr eine UDDT mit oberer Trennung. Der von Carl Lindstrom entworfene <a rel=\"noreferrer noopener\" href=\"http:\/\/www.compostera.co.uk\/compostera.co.uk\/CompostEraEngl.html\" target=\"_blank\">CompostEra<\/a> ist ein gutes Beispiel f\u00fcr ein System mit Bodentrennung. Es ist ideal f\u00fcr l\u00e4ndliche oder vorst\u00e4dtische Gebiete. Sein Vorl\u00e4ufer, der von seinem Vater Rikard Lindstrom erfunden wurde, ist das ebenso nachhaltige <a rel=\"noreferrer noopener\" href=\"https:\/\/clivusmultrum.com\/products-services.php#products\" target=\"_blank\">Clivusmultrum<\/a> mit Installationen in ganz Nordamerika. Informieren Sie sich \u00fcber das Angebot an UDDTs von <a rel=\"noreferrer noopener\" href=\"https:\/\/www.naturalevent.com.au\/products\/\" target=\"_blank\">Natural Event<\/a> und <a rel=\"noreferrer noopener\" href=\"https:\/\/www.kompotoi.ch\/produkt-kategorie\/toiletten\/\" target=\"_blank\">Kompotoi<\/a>. Es gibt noch viele weitere M\u00f6glichkeiten, die mit einer einfachen Google-Suche zu finden sind.<\/p>\n\n\n\n<p class=\"has-text-align-center has-medium-font-size\"><br><a href=\"https:\/\/www.dropbox.com\/s\/zqtcm5fgj1i5i8f\/Learning%20about%20compost%20toilets.pdf?dl=1\" target=\"_blank\" rel=\"noreferrer noopener\"><img loading=\"lazy\" decoding=\"async\" width=\"150\" height=\"183\" class=\"wp-image-684\" style=\"width: 150px;\" src=\"https:\/\/holyshit.global\/wp-content\/uploads\/2023\/03\/Cover-page-Learning-about-compost-toilets.jpg\" alt=\"\" srcset=\"https:\/\/holyshit.global\/wp-content\/uploads\/2023\/03\/Cover-page-Learning-about-compost-toilets.jpg 737w, https:\/\/holyshit.global\/wp-content\/uploads\/2023\/03\/Cover-page-Learning-about-compost-toilets-246x300.jpg 246w, https:\/\/holyshit.global\/wp-content\/uploads\/2023\/03\/Cover-page-Learning-about-compost-toilets-465x567.jpg 465w, https:\/\/holyshit.global\/wp-content\/uploads\/2023\/03\/Cover-page-Learning-about-compost-toilets-410x500.jpg 410w\" sizes=\"auto, (max-width: 150px) 100vw, 150px\" \/><\/a><br><\/p>\n\n\n\n<p class=\"has-medium-font-size\"><strong>Richten Sie ein System ein, das sowohl Urin als auch F\u00e4kalien kompostieren kann.<\/strong> Der Umgang mit Urin ist sicherer als der mit F\u00e4kalien, da er eine geringe Keimzahl aufweist. Wenn man also ein System einrichten will, das auch F\u00e4kalien kompostiert, muss man dem Prozess mehr Aufmerksamkeit widmen. GiveLove, die Organisation, die in den afrikanischen Kapiteln des Films eine Rolle spielt, hat uns die Erlaubnis erteilt, <a rel=\"noreferrer noopener\" href=\"https:\/\/www.dropbox.com\/s\/zqtcm5fgj1i5i8f\/Learning%20about%20compost%20toilets.pdf?dl=1\" target=\"_blank\">&#8222;Learning About Compost Toilets: A guide for humanure composting in schools and homesteads&#8220;<\/a> mit Ihnen zu teilen. Es werden darin in einfacher, aber wissenschaftlich korrekter Sprache die Grundlagen der Kompostierung menschlicher Ausscheidungen erkl\u00e4rt. Wer sich eingehender mit der Kompostierungswissenschaft befassen m\u00f6chte, sollte unbedingt <a rel=\"noreferrer noopener\" href=\"https:\/\/humanurehandbook.com\/\" target=\"_blank\">The Humanure Handbook von Joseph C. Jenkins<\/a> lesen. Es wurde in 21 Sprachen \u00fcbersetzt und gilt als einer der ma\u00dfgeblichen Leitf\u00e4den zu diesem Thema. Joe Jenkins, der auch Mitglied des GiveLove-Beirats ist, hat den Inhalt unseres Films ma\u00dfgeblich beeinflusst. <\/p>\n\n\n<div class=\"wp-block-image\">\n<figure class=\"aligncenter size-full\"><img loading=\"lazy\" decoding=\"async\" width=\"250\" height=\"250\" src=\"https:\/\/holyshit.global\/wp-content\/uploads\/2023\/03\/cropped-HS-Emoji-logo-e1678515414455.jpg\" alt=\"\" class=\"wp-image-62\" srcset=\"https:\/\/holyshit.global\/wp-content\/uploads\/2023\/03\/cropped-HS-Emoji-logo-e1678515414455.jpg 250w, https:\/\/holyshit.global\/wp-content\/uploads\/2023\/03\/cropped-HS-Emoji-logo-e1678515414455-150x150.jpg 150w, https:\/\/holyshit.global\/wp-content\/uploads\/2023\/03\/cropped-HS-Emoji-logo-e1678515414455-100x100.jpg 100w\" sizes=\"auto, (max-width: 250px) 100vw, 250px\" \/><\/figure>\n<\/div>\n\n\n<p class=\"has-medium-font-size\">Aber wie ich in dem Film zeige, ist es immer noch illegal, kompostierte menschliche Ausscheidungen als D\u00fcnger in der kommerziellen Landwirtschaft zu verwenden. Das muss sich \u00e4ndern. Deshalb m\u00fcssen wir Druck auf die nationalen und staatlichen Beh\u00f6rden aus\u00fcben, damit die <strong>Verwendung von kompostierten Ausscheidungen als D\u00fcnger legalisiert<\/strong> wird, und eine Petition f\u00fcr die Einrichtung lokaler Sammelstellen einreichen, in denen die Menschen, auch diejenigen mit Sp\u00fcltoiletten, ihren Urin abgeben k\u00f6nnen, um ihn zu D\u00fcnger zu recyceln.<br><\/p>\n\n\n\n<p class=\"has-medium-font-size\">Wir m\u00fcssen auch von unserer Regierung verlangen, dass <strong>Komposttoiletten und dezentrale Kl\u00e4rsysteme, die Energie erzeugen, bei allen Neubauten die erste Wahl<\/strong> sind.<br><\/p>\n\n\n\n<p class=\"has-medium-font-size\">Und von unseren Kl\u00e4ranlagen m\u00fcssen wir verlangen, dass sie <strong>Kl\u00e4rschlamm oder Biofeststoffe nicht mehr als D\u00fcngemittel verwenden<\/strong>.<\/p>\n","protected":false},"excerpt":{"rendered":"<p>Hier ist eine Liste mit praktischen Dingen, die Sie tun k\u00f6nnen, um die Verschwendung zu stoppen und den NPK aus unserer Kacke und unserem Pipi wiederzuverwenden. Sie k\u00f6nnen damit beginnen, Ihren Urin zu sammeln, auch wenn Sie keine Trockentoilette oder eine Urinableitungstrockentoilette (UDDT) haben. Pinkeln Sie mit einem Trichter in<span class=\"more-link\"><a href=\"https:\/\/holyshit.global\/de\/was-kann-ich-tun\/\">Read More &rarr;<\/a><\/span><\/p>\n","protected":false},"author":1,"featured_media":0,"parent":0,"menu_order":0,"comment_status":"closed","ping_status":"closed","template":"","meta":{"footnotes":""},"class_list":["entry","author-wzu2bwzu2bwzu2b","post-1306","page","type-page","status-publish"],"_links":{"self":[{"href":"https:\/\/holyshit.global\/de\/wp-json\/wp\/v2\/pages\/1306","targetHints":{"allow":["GET"]}}],"collection":[{"href":"https:\/\/holyshit.global\/de\/wp-json\/wp\/v2\/pages"}],"about":[{"href":"https:\/\/holyshit.global\/de\/wp-json\/wp\/v2\/types\/page"}],"author":[{"embeddable":true,"href":"https:\/\/holyshit.global\/de\/wp-json\/wp\/v2\/users\/1"}],"replies":[{"embeddable":true,"href":"https:\/\/holyshit.global\/de\/wp-json\/wp\/v2\/comments?post=1306"}],"version-history":[{"count":4,"href":"https:\/\/holyshit.global\/de\/wp-json\/wp\/v2\/pages\/1306\/revisions"}],"predecessor-version":[{"id":1732,"href":"https:\/\/holyshit.global\/de\/wp-json\/wp\/v2\/pages\/1306\/revisions\/1732"}],"wp:attachment":[{"href":"https:\/\/holyshit.global\/de\/wp-json\/wp\/v2\/media?parent=1306"}],"curies":[{"name":"wp","href":"https:\/\/api.w.org\/{rel}","templated":true}]}}