{"id":1302,"date":"2023-03-27T17:18:07","date_gmt":"2023-03-27T16:18:07","guid":{"rendered":"https:\/\/holyshit.global\/das-holy-shit-kartenspiel\/"},"modified":"2024-02-11T22:47:00","modified_gmt":"2024-02-11T21:47:00","slug":"das-holy-shit-kartenspiel","status":"publish","type":"page","link":"https:\/\/holyshit.global\/de\/das-holy-shit-kartenspiel\/","title":{"rendered":"Das Holy Shit Kartenspiel"},"content":{"rendered":"\n<p class=\"has-medium-font-size\">Das HolyShit-Kartenspiel vermittelt das Potential des Sammelns und Recyclings von N\u00e4hrstoffen durch Trockentoiletten. Der Schwerpunkt liegt auf dem Vergleich verschiedener Abwassersysteme und ihrem Einfluss auf den globalen Phosphor- und Stickstoffkreislauf. Das Spiel dient der Aufkl\u00e4rung, Bewusstseinsbildung und Wissensvermittlung f\u00fcr eine nachhaltige Sanit\u00e4rversorgung. Sie richtet sich an alle, die auf Toilette gehen, sowie an Planer und Multiplikatoren in der Kreislaufwirtschaft. <\/p>\n\n\n\n<p class=\"has-medium-font-size\">Anastasia Bondar, Designerin des Spiels, wurde f\u00fcr ihre Arbeit mit dem 1. Platz des K\u00f6lner Designpreises ausgezeichnet. Die Jury begr\u00fcndete ihre Entscheidungen wie folgt: <\/p>\n\n\n\n<p class=\"has-medium-font-size\"><em>&lt;&lt; Es geh\u00f6rt zu den schwierigsten Aufgaben von Gestaltung, allt\u00e4gliche Gewohnheiten aufzubrechen und die Aufmerksamkeit auf neue, nachhaltige L\u00f6sungen zu lenken. Es geh\u00f6rt zu den schwierigsten Aufgaben von Gestaltung, allt\u00e4gliche Gewohnheiten aufzubrechen und die Aufmerksamkeit auf neue, nachhaltige L\u00f6sungen zu lenken. Anastasia Bondar gelingt es mit verschiedenen Methoden nicht nur, Menschen f\u00fcr das Thema &#8222;Trockentoilette&#8220; zu sensibilisieren, sondern dar\u00fcber hinaus auch, die unterschiedlichen Akteur*innen in Forschung, Verwaltung und Politik f\u00fcr eine praktische Umsetzung [f\u00fcr nachhaltige Sanit\u00e4rversorgung in K\u00f6ln] zu gewinnen. [for sustainable sanitation in Cologne] Ein nach Ansicht der Jury herausragendes Projekt, das zudem die Relevanz und St\u00e4rke des Service Designs aufzeigt. &gt;&gt;<\/em><\/p>\n\n\n\n<p class=\"has-medium-font-size\"><strong>Ziel des Spiels<\/strong><br>Die Spieler nutzen die Spielkarten, um eine Infrastruktur f\u00fcr die Entsorgung von F\u00e4kalien und die R\u00fcckgewinnung von N\u00e4hrstoffen aufzubauen. Ziel ist es, die F\u00e4kalien in N\u00e4hrstoffe umzuwandeln und diese wieder auf das Feld zu bringen.<\/p>\n\n\n\n<ul class=\"wp-block-list\">\n<li>64 Spielkarten<\/li>\n\n\n\n<li>1 Spielanleitung<\/li>\n\n\n\n<li>100% Spa\u00df<\/li>\n\n\n\n<li>Altersempfehlung 9 &#8211; 99 Jahre<\/li>\n<\/ul>\n\n\n\n<p class=\"has-medium-font-size\">Euer Spiel k\u00f6nnt ihr bei unserem Partner <a rel=\"noreferrer noopener\" href=\"https:\/\/goldeimer.de\/collections\/krimskrams\/products\/kartenspiel-holyshit\" target=\"_blank\">Goldeimer<\/a> bestellen. Zur Zeit ist das Spiel nur in deutscher Sprache erh\u00e4ltlich.<\/p>\n\n\n\n<div class=\"wp-block-buttons is-content-justification-center is-layout-flex wp-container-core-buttons-is-layout-16018d1d wp-block-buttons-is-layout-flex\">\n<div class=\"wp-block-button\"><a class=\"wp-block-button__link wp-element-button\" href=\"https:\/\/holyshit.global\/de\/fun-facts\/\">Previous<\/a><\/div>\n\n\n\n<div class=\"wp-block-button\"><a class=\"wp-block-button__link wp-element-button\" href=\"https:\/\/holyshit.global\/de\/caganer\/\">Next<\/a><\/div>\n<\/div>\n","protected":false},"excerpt":{"rendered":"<p>Das HolyShit-Kartenspiel vermittelt das Potential des Sammelns und Recyclings von N\u00e4hrstoffen durch Trockentoiletten. Der Schwerpunkt liegt auf dem Vergleich verschiedener Abwassersysteme und ihrem Einfluss auf den globalen Phosphor- und Stickstoffkreislauf. Das Spiel dient der Aufkl\u00e4rung, Bewusstseinsbildung und Wissensvermittlung f\u00fcr eine nachhaltige Sanit\u00e4rversorgung. Sie richtet sich an alle, die auf Toilette<span class=\"more-link\"><a href=\"https:\/\/holyshit.global\/de\/das-holy-shit-kartenspiel\/\">Read More &rarr;<\/a><\/span><\/p>\n","protected":false},"author":1,"featured_media":815,"parent":0,"menu_order":0,"comment_status":"closed","ping_status":"closed","template":"","meta":{"footnotes":""},"class_list":["entry","author-wzu2bwzu2bwzu2b","post-1302","page","type-page","status-publish","has-post-thumbnail"],"_links":{"self":[{"href":"https:\/\/holyshit.global\/de\/wp-json\/wp\/v2\/pages\/1302","targetHints":{"allow":["GET"]}}],"collection":[{"href":"https:\/\/holyshit.global\/de\/wp-json\/wp\/v2\/pages"}],"about":[{"href":"https:\/\/holyshit.global\/de\/wp-json\/wp\/v2\/types\/page"}],"author":[{"embeddable":true,"href":"https:\/\/holyshit.global\/de\/wp-json\/wp\/v2\/users\/1"}],"replies":[{"embeddable":true,"href":"https:\/\/holyshit.global\/de\/wp-json\/wp\/v2\/comments?post=1302"}],"version-history":[{"count":28,"href":"https:\/\/holyshit.global\/de\/wp-json\/wp\/v2\/pages\/1302\/revisions"}],"predecessor-version":[{"id":2753,"href":"https:\/\/holyshit.global\/de\/wp-json\/wp\/v2\/pages\/1302\/revisions\/2753"}],"wp:featuredmedia":[{"embeddable":true,"href":"https:\/\/holyshit.global\/de\/wp-json\/wp\/v2\/media\/815"}],"wp:attachment":[{"href":"https:\/\/holyshit.global\/de\/wp-json\/wp\/v2\/media?parent=1302"}],"curies":[{"name":"wp","href":"https:\/\/api.w.org\/{rel}","templated":true}]}}