{"id":1300,"date":"2023-03-29T20:47:55","date_gmt":"2023-03-29T19:47:55","guid":{"rendered":"https:\/\/holyshit.global\/ziele-fuer-nachhaltige-entwicklung\/"},"modified":"2024-04-10T09:02:06","modified_gmt":"2024-04-10T08:02:06","slug":"ziele-fuer-nachhaltige-entwicklung","status":"publish","type":"page","link":"https:\/\/holyshit.global\/de\/ziele-fuer-nachhaltige-entwicklung\/","title":{"rendered":"Ziele f\u00fcr nachhaltige Entwicklung"},"content":{"rendered":"<div class=\"wp-block-image\">\n<figure class=\"aligncenter size-large is-resized\"><a href=\"https:\/\/sdgs.un.org\/goals\" target=\"_blank\" rel=\"noreferrer noopener\"><img loading=\"lazy\" decoding=\"async\" src=\"https:\/\/holyshit.global\/wp-content\/uploads\/2023\/04\/SDGs-1024x936.jpg\" alt=\"\" class=\"wp-image-925\" width=\"512\" height=\"468\" srcset=\"https:\/\/holyshit.global\/wp-content\/uploads\/2023\/04\/SDGs-1024x936.jpg 1024w, https:\/\/holyshit.global\/wp-content\/uploads\/2023\/04\/SDGs-300x274.jpg 300w, https:\/\/holyshit.global\/wp-content\/uploads\/2023\/04\/SDGs-768x702.jpg 768w, https:\/\/holyshit.global\/wp-content\/uploads\/2023\/04\/SDGs-465x425.jpg 465w, https:\/\/holyshit.global\/wp-content\/uploads\/2023\/04\/SDGs-547x500.jpg 547w, https:\/\/holyshit.global\/wp-content\/uploads\/2023\/04\/SDGs.jpg 1470w\" sizes=\"auto, (max-width: 512px) 100vw, 512px\" \/><\/a><\/figure>\n<\/div>\n<p class=\"has-medium-font-size\">&#8222;Die 17 Ziele f\u00fcr nachhaltige Entwicklung (Sustainable Development Goals, SDGs), die einen dringenden Aufruf zum Handeln f\u00fcr alle L\u00e4nder &#8211; Industrie- und Entwicklungsl\u00e4nder &#8211; darstellen, wurden 2015 von allen Mitgliedstaaten der Vereinten Nationen angenommen. Sie bieten einen gemeinsamen Entwurf f\u00fcr Frieden und Wohlstand f\u00fcr die Menschen und den Planeten, jetzt und in Zukunft. Sie erkennen an, dass die Beendigung von Armut und anderen M\u00e4ngeln Hand in Hand gehen muss mit Strategien, die Gesundheit und Bildung verbessern, Ungleichheit verringern und das Wirtschaftswachstum ankurbeln &#8211; und das alles bei gleichzeitiger Bek\u00e4mpfung des Klimawandels und der Arbeit zum Schutz unserer Ozeane und W\u00e4lder.&#8220; Dieses Statement stammt von der <a rel=\"noreferrer noopener\" href=\"https:\/\/sdgs.un.org\/goals\" target=\"_blank\">SDGs Seite der UN website.<\/a><\/p>\n\n<p class=\"has-medium-font-size\">&#8222;Holy Shit: Can Poop Save The World?&#8220; legt seinen Fokus vor allem auf: <a rel=\"noreferrer noopener\" href=\"https:\/\/sdgs.un.org\/goals\/goal6\" target=\"_blank\">SDG # 6: Sauberes Wasser und sanit\u00e4re Einrichtungen zur Gew\u00e4hrleistung der Verf\u00fcgbarkeit und nachhaltigen Bewirtschaftung von Wasser und sanit\u00e4ren Einrichtungen f\u00fcr alle.<\/a><\/p>\n\n<div class=\"wp-block-buttons is-content-justification-center is-layout-flex wp-container-core-buttons-is-layout-16018d1d wp-block-buttons-is-layout-flex\">\n<div class=\"wp-block-button\"><a class=\"wp-block-button__link wp-element-button\" href=\"https:\/\/holyshit.global\/de\/planetarische-grenzen\/\">Previous<\/a><\/div>\n\n\n\n<div class=\"wp-block-button\"><a class=\"wp-block-button__link wp-element-button\" href=\"https:\/\/holyshit.global\/de\/din-spec-91421\/\">Next<\/a><\/div>\n<\/div>\n","protected":false},"excerpt":{"rendered":"<p>&#8222;Die 17 Ziele f\u00fcr nachhaltige Entwicklung (Sustainable Development Goals, SDGs), die einen dringenden Aufruf zum Handeln f\u00fcr alle L\u00e4nder &#8211; Industrie- und Entwicklungsl\u00e4nder &#8211; darstellen, wurden 2015 von allen Mitgliedstaaten der Vereinten Nationen angenommen. Sie bieten einen gemeinsamen Entwurf f\u00fcr Frieden und Wohlstand f\u00fcr die Menschen und den Planeten, jetzt<span class=\"more-link\"><a href=\"https:\/\/holyshit.global\/de\/ziele-fuer-nachhaltige-entwicklung\/\">Read More &rarr;<\/a><\/span><\/p>\n","protected":false},"author":1,"featured_media":0,"parent":0,"menu_order":0,"comment_status":"closed","ping_status":"closed","template":"","meta":{"footnotes":""},"class_list":["entry","author-wzu2bwzu2bwzu2b","post-1300","page","type-page","status-publish"],"_links":{"self":[{"href":"https:\/\/holyshit.global\/de\/wp-json\/wp\/v2\/pages\/1300","targetHints":{"allow":["GET"]}}],"collection":[{"href":"https:\/\/holyshit.global\/de\/wp-json\/wp\/v2\/pages"}],"about":[{"href":"https:\/\/holyshit.global\/de\/wp-json\/wp\/v2\/types\/page"}],"author":[{"embeddable":true,"href":"https:\/\/holyshit.global\/de\/wp-json\/wp\/v2\/users\/1"}],"replies":[{"embeddable":true,"href":"https:\/\/holyshit.global\/de\/wp-json\/wp\/v2\/comments?post=1300"}],"version-history":[{"count":7,"href":"https:\/\/holyshit.global\/de\/wp-json\/wp\/v2\/pages\/1300\/revisions"}],"predecessor-version":[{"id":3182,"href":"https:\/\/holyshit.global\/de\/wp-json\/wp\/v2\/pages\/1300\/revisions\/3182"}],"wp:attachment":[{"href":"https:\/\/holyshit.global\/de\/wp-json\/wp\/v2\/media?parent=1300"}],"curies":[{"name":"wp","href":"https:\/\/api.w.org\/{rel}","templated":true}]}}