{"id":1298,"date":"2023-04-01T16:21:09","date_gmt":"2023-04-01T15:21:09","guid":{"rendered":"https:\/\/holyshit.global\/scheisse-als-gold\/"},"modified":"2023-06-09T11:39:12","modified_gmt":"2023-06-09T10:39:12","slug":"scheisse-als-gold","status":"publish","type":"page","link":"https:\/\/holyshit.global\/de\/scheisse-als-gold\/","title":{"rendered":"Schei\u00dfe als Gold"},"content":{"rendered":"\n<p class=\"has-medium-font-size\">Seit jeher werden Ausscheidungen mit Geld und Gold gleichgesetzt. K\u00f6nig Midas war verflucht, denn alles, was er anfasste (und damit auch Schei\u00dfe), verwandelte sich in Gold. Die Alchemisten der Antike versuchten hartn\u00e4ckig, unedle Elemente in Gold zu verwandeln. Ihre schlechte Erfolgsbilanz konnte Paul Moran aus Nordirland nicht abschrecken, der Jahrhunderte sp\u00e4ter verhaftet wurde, weil er bei dem Versuch, <a rel=\"noreferrer noopener\" href=\"https:\/\/www.huffpost.com\/entry\/paul-moran-tries-to-turn-feces-into-gold_n_1024363\" target=\"_blank\">&#8222;Gold aus menschlichen F\u00e4kalien herzustellen&#8220;<\/a> beinahe seine Wohnung niedergebrannt h\u00e4tte.<\/p>\n\n\n<div class=\"wp-block-image\">\n<figure class=\"aligncenter size-full is-resized\"><img loading=\"lazy\" decoding=\"async\" src=\"https:\/\/holyshit.global\/wp-content\/uploads\/2023\/04\/dukatenkacker.jpg\" alt=\"\" class=\"wp-image-957\" width=\"188\" height=\"250\" srcset=\"https:\/\/holyshit.global\/wp-content\/uploads\/2023\/04\/dukatenkacker.jpg 750w, https:\/\/holyshit.global\/wp-content\/uploads\/2023\/04\/dukatenkacker-225x300.jpg 225w, https:\/\/holyshit.global\/wp-content\/uploads\/2023\/04\/dukatenkacker-450x600.jpg 450w, https:\/\/holyshit.global\/wp-content\/uploads\/2023\/04\/dukatenkacker-375x500.jpg 375w\" sizes=\"auto, (max-width: 188px) 100vw, 188px\" \/><figcaption class=\"wp-element-caption\">Quelle: Feminae: Medieval Women and Gender Index \u00a92014. University of Iowa Libraries<\/figcaption><\/figure>\n<\/div>\n\n\n<p class=\"has-medium-font-size\">Die aus dem 15. Jahrhundert stammende Figur des Dukatenkackers, der Goldm\u00fcnzen aus seinem Anus ausscheidet, ist das menschliche Gegenst\u00fcck zur Fabel Die Gans, die goldene Eier legte, die 600 Jahre vor Christus geschrieben wurde.<\/p>\n\n\n<div class=\"wp-block-image\">\n<figure class=\"aligncenter size-large is-resized\"><img loading=\"lazy\" decoding=\"async\" src=\"https:\/\/holyshit.global\/wp-content\/uploads\/2023\/04\/Marcel_Duchamp_1917_Fountain_photograph_by_Alfred_Stieglitzlr-784x1024.jpg\" alt=\"\" class=\"wp-image-1398\" width=\"196\" height=\"256\" srcset=\"https:\/\/holyshit.global\/wp-content\/uploads\/2023\/04\/Marcel_Duchamp_1917_Fountain_photograph_by_Alfred_Stieglitzlr-784x1024.jpg 784w, https:\/\/holyshit.global\/wp-content\/uploads\/2023\/04\/Marcel_Duchamp_1917_Fountain_photograph_by_Alfred_Stieglitzlr-230x300.jpg 230w, https:\/\/holyshit.global\/wp-content\/uploads\/2023\/04\/Marcel_Duchamp_1917_Fountain_photograph_by_Alfred_Stieglitzlr-768x1003.jpg 768w, https:\/\/holyshit.global\/wp-content\/uploads\/2023\/04\/Marcel_Duchamp_1917_Fountain_photograph_by_Alfred_Stieglitzlr-1176x1536.jpg 1176w, https:\/\/holyshit.global\/wp-content\/uploads\/2023\/04\/Marcel_Duchamp_1917_Fountain_photograph_by_Alfred_Stieglitzlr-459x600.jpg 459w, https:\/\/holyshit.global\/wp-content\/uploads\/2023\/04\/Marcel_Duchamp_1917_Fountain_photograph_by_Alfred_Stieglitzlr-383x500.jpg 383w, https:\/\/holyshit.global\/wp-content\/uploads\/2023\/04\/Marcel_Duchamp_1917_Fountain_photograph_by_Alfred_Stieglitzlr.jpg 1416w\" sizes=\"auto, (max-width: 196px) 100vw, 196px\" \/><figcaption class=\"wp-element-caption\">Marcel Duchamps Skulptur <em>Fountain<\/em> (1917).<br>Alfred Stieglitz, gemeinfrei via Wikimedia Commons<\/figcaption><\/figure>\n<\/div>\n\n\n<p class=\"has-medium-font-size\">&#8222;Kunst ist Schei\u00dfe&#8220; war ein Slogan der dadaistischen Bewegung. Die Metapher wurde durch Fountain veranschaulicht, ein Kunstwerk von Marcel Duchamp, das ein auf dem Kopf stehendes Urinal darstellt. Sein Werk brachte uns dazu, die Kunst auf eine neue Art zu betrachten und unsere Exkremente als wertvoll zu betrachten. <\/p>\n\n\n<div class=\"wp-block-image\">\n<figure class=\"aligncenter size-large is-resized\"><img loading=\"lazy\" decoding=\"async\" src=\"https:\/\/holyshit.global\/wp-content\/uploads\/2023\/04\/Piero_Manzoni_-_Merda_Dartista_1961_-_panoramio-1024x864.jpeg\" alt=\"\" class=\"wp-image-1405\" width=\"256\" height=\"216\" srcset=\"https:\/\/holyshit.global\/wp-content\/uploads\/2023\/04\/Piero_Manzoni_-_Merda_Dartista_1961_-_panoramio-1024x864.jpeg 1024w, https:\/\/holyshit.global\/wp-content\/uploads\/2023\/04\/Piero_Manzoni_-_Merda_Dartista_1961_-_panoramio-300x253.jpeg 300w, https:\/\/holyshit.global\/wp-content\/uploads\/2023\/04\/Piero_Manzoni_-_Merda_Dartista_1961_-_panoramio-768x648.jpeg 768w, https:\/\/holyshit.global\/wp-content\/uploads\/2023\/04\/Piero_Manzoni_-_Merda_Dartista_1961_-_panoramio-1536x1297.jpeg 1536w, https:\/\/holyshit.global\/wp-content\/uploads\/2023\/04\/Piero_Manzoni_-_Merda_Dartista_1961_-_panoramio-2048x1729.jpeg 2048w, https:\/\/holyshit.global\/wp-content\/uploads\/2023\/04\/Piero_Manzoni_-_Merda_Dartista_1961_-_panoramio-465x393.jpeg 465w, https:\/\/holyshit.global\/wp-content\/uploads\/2023\/04\/Piero_Manzoni_-_Merda_Dartista_1961_-_panoramio-592x500.jpeg 592w\" sizes=\"auto, (max-width: 256px) 100vw, 256px\" \/><figcaption class=\"wp-element-caption\">Merda d&#8217;artista von Piero Manzoni.<br>Jens Cederskjold, CC BY 3.0 <a href=\"https:\/\/creativecommons.org\/licenses\/by\/3.0\" target=\"_blank\" rel=\"noopener\">https:\/\/creativecommons.org\/licenses\/by\/3.0<\/a>, via Wikimedia Commons<\/figcaption><\/figure>\n<\/div>\n\n\n<p class=\"has-medium-font-size\">In den 1960er Jahren verpackte Piero Manzoni seine eigene Schei\u00dfe in kleine Blechdosen mit der Aufschrift &#8222;Merda d&#8217;artista&#8220; und verkaufte sie f\u00fcr ihr Gewicht in Gold. Gaspare Luigi Marconi, Herausgeber von Manzonis Schriften, erl\u00e4utert die Bedeutung von &#8222;Merda d&#8217;artista&#8220; als Vorschlag f\u00fcr ein offenes Verh\u00e4ltnis zu unserer biologischen Realit\u00e4t.<\/p>\n\n\n<div class=\"wp-block-image\">\n<figure class=\"aligncenter size-large is-resized\"><img loading=\"lazy\" decoding=\"async\" src=\"https:\/\/holyshit.global\/wp-content\/uploads\/2023\/04\/46._Jaeweon-Cho-touches-glass-scaled-e1680446231530-1024x576.jpg\" alt=\"\" class=\"wp-image-963\" width=\"256\" height=\"144\" srcset=\"https:\/\/holyshit.global\/wp-content\/uploads\/2023\/04\/46._Jaeweon-Cho-touches-glass-scaled-e1680446231530-1024x576.jpg 1024w, https:\/\/holyshit.global\/wp-content\/uploads\/2023\/04\/46._Jaeweon-Cho-touches-glass-scaled-e1680446231530-300x169.jpg 300w, https:\/\/holyshit.global\/wp-content\/uploads\/2023\/04\/46._Jaeweon-Cho-touches-glass-scaled-e1680446231530-768x432.jpg 768w, https:\/\/holyshit.global\/wp-content\/uploads\/2023\/04\/46._Jaeweon-Cho-touches-glass-scaled-e1680446231530-465x262.jpg 465w, https:\/\/holyshit.global\/wp-content\/uploads\/2023\/04\/46._Jaeweon-Cho-touches-glass-scaled-e1680446231530-695x391.jpg 695w, https:\/\/holyshit.global\/wp-content\/uploads\/2023\/04\/46._Jaeweon-Cho-touches-glass-scaled-e1680446231530.jpg 1280w\" sizes=\"auto, (max-width: 256px) 100vw, 256px\" \/><figcaption class=\"wp-element-caption\">Dr. Jaeweon Cho. Thurn Film \/ Justin Lovett<\/figcaption><\/figure>\n<\/div>\n\n\n<p class=\"has-medium-font-size\">Die Idee besteht in unseren K\u00f6pfen fort, wie die Arbeit unseres Protagonisten Dr. Jaeweon Cho beweist, der das F\u00e4kalienstandardgeld (fSM) schuf, eine W\u00e4hrung, die auf unseren F\u00e4kalien basiert. <\/p>\n\n\n<div class=\"wp-block-image\">\n<figure class=\"aligncenter size-full is-resized\"><img loading=\"lazy\" decoding=\"async\" src=\"https:\/\/holyshit.global\/wp-content\/uploads\/2023\/04\/Vespasianus01_pushkin.jpg\" alt=\"\" class=\"wp-image-984\" width=\"190\" height=\"242\" srcset=\"https:\/\/holyshit.global\/wp-content\/uploads\/2023\/04\/Vespasianus01_pushkin.jpg 760w, https:\/\/holyshit.global\/wp-content\/uploads\/2023\/04\/Vespasianus01_pushkin-236x300.jpg 236w, https:\/\/holyshit.global\/wp-content\/uploads\/2023\/04\/Vespasianus01_pushkin-465x591.jpg 465w, https:\/\/holyshit.global\/wp-content\/uploads\/2023\/04\/Vespasianus01_pushkin-393x500.jpg 393w\" sizes=\"auto, (max-width: 190px) 100vw, 190px\" \/><figcaption class=\"wp-element-caption\">B\u00fcste des Vespasianus. shakko, CC BY-SA 3.0 <a href=\"https:\/\/creativecommons.org\/licenses\/by-sa\/3.0\" target=\"_blank\" rel=\"noopener\">https:\/\/creativecommons.org\/licenses\/by-sa\/3.0<\/a>, via Wikimedia Commons<\/figcaption><\/figure>\n<\/div>\n\n\n<p class=\"has-medium-font-size\">Letztendlich k\u00f6nnen wir alle dem r\u00f6mischen Kaiser Vespasianus zustimmen, der zu Beginn des letzten Jahrtausends eine Steuer auf den in \u00f6ffentlichen Urinalen gesammelten Urin erhob, der als Gerbstoff und als Quelle f\u00fcr Ammoniak zum Reinigen und Bleichen von Wollt\u00fcchern verkauft wurde. Als sein Sohn Titus sich \u00fcber die Ekelhaftigkeit der Steuer beklagte, hielt sein Vater eine Goldm\u00fcnze hoch und fragte ihn, ob er sich durch ihren Geruch beleidigt f\u00fchle. Als Titus &#8222;Nein&#8220; sagte, antwortete Vespasianus <em>&#8222;pecunia non olet&#8220;<\/em> (Geld stinkt nicht), was bedeutet, dass der Wert des Geldes nicht durch seine Herkunft verdorben wird. (Von Wikipedia: https:\/\/en.wikipedia.org\/wiki\/Pecunia_non_olet)<\/p>\n\n\n<div class=\"wp-block-image\">\n<figure class=\"aligncenter size-large is-resized\"><img loading=\"lazy\" decoding=\"async\" src=\"https:\/\/holyshit.global\/wp-content\/uploads\/2023\/04\/Sigmund_Freud_by_Max_Halberstadt_cropped-753x1024.jpg\" alt=\"\" class=\"wp-image-991\" width=\"188\" height=\"256\" srcset=\"https:\/\/holyshit.global\/wp-content\/uploads\/2023\/04\/Sigmund_Freud_by_Max_Halberstadt_cropped-753x1024.jpg 753w, https:\/\/holyshit.global\/wp-content\/uploads\/2023\/04\/Sigmund_Freud_by_Max_Halberstadt_cropped-221x300.jpg 221w, https:\/\/holyshit.global\/wp-content\/uploads\/2023\/04\/Sigmund_Freud_by_Max_Halberstadt_cropped-768x1045.jpg 768w, https:\/\/holyshit.global\/wp-content\/uploads\/2023\/04\/Sigmund_Freud_by_Max_Halberstadt_cropped-1129x1536.jpg 1129w, https:\/\/holyshit.global\/wp-content\/uploads\/2023\/04\/Sigmund_Freud_by_Max_Halberstadt_cropped-1506x2048.jpg 1506w, https:\/\/holyshit.global\/wp-content\/uploads\/2023\/04\/Sigmund_Freud_by_Max_Halberstadt_cropped-441x600.jpg 441w, https:\/\/holyshit.global\/wp-content\/uploads\/2023\/04\/Sigmund_Freud_by_Max_Halberstadt_cropped-368x500.jpg 368w, https:\/\/holyshit.global\/wp-content\/uploads\/2023\/04\/Sigmund_Freud_by_Max_Halberstadt_cropped.jpg 1647w\" sizes=\"auto, (max-width: 188px) 100vw, 188px\" \/><figcaption class=\"wp-element-caption\">Dr. Sigmund Freud. Max Halberstadt, gemeinfrei, \u00fcber Wikimedia Commons<\/figcaption><\/figure>\n<\/div>\n\n\n<p class=\"has-medium-font-size\">Auf der psychologischen Ebene wurde Schei\u00dfe auch mit einem kostbaren Geschenk (Geld, Gold) gleichgesetzt, vor allem die erste, die wir alle als Babys ausscheiden. Dr. Sigmund Freud schrieb dar\u00fcber, wie wir als S\u00e4uglinge mit unseren Ausscheidungen umgehen. Wir werden weder mit der Ablehnung unserer eigenen Schei\u00dfe geboren, noch sch\u00e4men wir uns f\u00fcr sie oder ekeln uns vor ihr. Das kommt erst sp\u00e4ter mit dem Toilettentraining. Stattdessen sehen wir als Kleinkinder unseren Kot als ein Geschenk an, das wir produzieren. Durch das Schei\u00dfen k\u00f6nnen Babys entscheiden, ob sie ihren Kot gehorsam loslassen und ihn ihrer geliebten Person, der Mutter, schenken, oder ob sie ihn behalten, um ihren eigenen Willen durch Trotz durchzusetzen oder um Zufriedenheit zu erlangen. Sind Kinder erstmal erwachsen, verlagert sich ihr Interesse von Schei\u00dfe auf Geld als das wertvollste Geschenk im Leben. Ich vereinfache nat\u00fcrlich Freuds komplexere Postulate, aber das ist der Kern der Sache.<\/p>\n\n\n\n<div class=\"wp-block-buttons is-content-justification-center is-layout-flex wp-container-core-buttons-is-layout-16018d1d wp-block-buttons-is-layout-flex\">\n<div class=\"wp-block-button\"><a class=\"wp-block-button__link wp-element-button\" href=\"https:\/\/holyshit.global\/de\/latrinalia\/\">Vorherige<\/a><\/div>\n\n\n\n<div class=\"wp-block-button\"><a class=\"wp-block-button__link wp-element-button\" href=\"https:\/\/holyshit.global\/de\/scheisse-religion\/\">N\u00e4chste<\/a><\/div>\n<\/div>\n","protected":false},"excerpt":{"rendered":"<p>Seit jeher werden Ausscheidungen mit Geld und Gold gleichgesetzt. K\u00f6nig Midas war verflucht, denn alles, was er anfasste (und damit auch Schei\u00dfe), verwandelte sich in Gold. Die Alchemisten der Antike versuchten hartn\u00e4ckig, unedle Elemente in Gold zu verwandeln. Ihre schlechte Erfolgsbilanz konnte Paul Moran aus Nordirland nicht abschrecken, der Jahrhunderte<span class=\"more-link\"><a href=\"https:\/\/holyshit.global\/de\/scheisse-als-gold\/\">Read More &rarr;<\/a><\/span><\/p>\n","protected":false},"author":1,"featured_media":0,"parent":0,"menu_order":0,"comment_status":"closed","ping_status":"closed","template":"","meta":{"footnotes":""},"class_list":["entry","author-wzu2bwzu2bwzu2b","post-1298","page","type-page","status-publish"],"_links":{"self":[{"href":"https:\/\/holyshit.global\/de\/wp-json\/wp\/v2\/pages\/1298","targetHints":{"allow":["GET"]}}],"collection":[{"href":"https:\/\/holyshit.global\/de\/wp-json\/wp\/v2\/pages"}],"about":[{"href":"https:\/\/holyshit.global\/de\/wp-json\/wp\/v2\/types\/page"}],"author":[{"embeddable":true,"href":"https:\/\/holyshit.global\/de\/wp-json\/wp\/v2\/users\/1"}],"replies":[{"embeddable":true,"href":"https:\/\/holyshit.global\/de\/wp-json\/wp\/v2\/comments?post=1298"}],"version-history":[{"count":5,"href":"https:\/\/holyshit.global\/de\/wp-json\/wp\/v2\/pages\/1298\/revisions"}],"predecessor-version":[{"id":1960,"href":"https:\/\/holyshit.global\/de\/wp-json\/wp\/v2\/pages\/1298\/revisions\/1960"}],"wp:attachment":[{"href":"https:\/\/holyshit.global\/de\/wp-json\/wp\/v2\/media?parent=1298"}],"curies":[{"name":"wp","href":"https:\/\/api.w.org\/{rel}","templated":true}]}}