{"id":1296,"date":"2023-04-05T11:22:57","date_gmt":"2023-04-05T10:22:57","guid":{"rendered":"https:\/\/holyshit.global\/scheisse-religion\/"},"modified":"2023-06-09T11:40:35","modified_gmt":"2023-06-09T10:40:35","slug":"scheisse-religion","status":"publish","type":"page","link":"https:\/\/holyshit.global\/de\/scheisse-religion\/","title":{"rendered":"Schei\u00dfe &amp; Religion"},"content":{"rendered":"\n<p class=\"has-medium-font-size\">Man k\u00f6nnte sagen, Schei\u00dfe und Religion sind unzertrennlich. <\/p>\n\n\n<div class=\"wp-block-image\">\n<figure class=\"aligncenter size-full is-resized\"><img loading=\"lazy\" decoding=\"async\" src=\"https:\/\/holyshit.global\/wp-content\/uploads\/2023\/04\/Khepri.jpg\" alt=\"\" class=\"wp-image-1014\" width=\"139\" height=\"356\" srcset=\"https:\/\/holyshit.global\/wp-content\/uploads\/2023\/04\/Khepri.jpg 278w, https:\/\/holyshit.global\/wp-content\/uploads\/2023\/04\/Khepri-117x300.jpg 117w, https:\/\/holyshit.global\/wp-content\/uploads\/2023\/04\/Khepri-234x600.jpg 234w, https:\/\/holyshit.global\/wp-content\/uploads\/2023\/04\/Khepri-195x500.jpg 195w\" sizes=\"auto, (max-width: 139px) 100vw, 139px\" \/><figcaption class=\"wp-element-caption\">Von Jeff Dahl &#8211; Eigenes Werk, CC BY-SA 4.0, https:\/\/commons.wikimedia.org\/w\/index.php?curid=3288138<\/figcaption><\/figure>\n<\/div>\n\n\n<p class=\"has-medium-font-size\">Khepri, der Gott der aufgehenden Sonne und der Wiedergeburt, wurde von den alten \u00c4gyptern mit dem Skarab\u00e4us oder Mistk\u00e4fer dargestellt und in Verbindung gebracht.<\/p>\n\n\n<div class=\"wp-block-image\">\n<figure class=\"aligncenter size-large is-resized\"><img loading=\"lazy\" decoding=\"async\" src=\"https:\/\/holyshit.global\/wp-content\/uploads\/2023\/04\/Bible.malmesbury.arp_-1024x668.jpg\" alt=\"\" class=\"wp-image-1022\" width=\"256\" height=\"167\" srcset=\"https:\/\/holyshit.global\/wp-content\/uploads\/2023\/04\/Bible.malmesbury.arp_-1024x668.jpg 1024w, https:\/\/holyshit.global\/wp-content\/uploads\/2023\/04\/Bible.malmesbury.arp_-300x196.jpg 300w, https:\/\/holyshit.global\/wp-content\/uploads\/2023\/04\/Bible.malmesbury.arp_-768x501.jpg 768w, https:\/\/holyshit.global\/wp-content\/uploads\/2023\/04\/Bible.malmesbury.arp_-1536x1002.jpg 1536w, https:\/\/holyshit.global\/wp-content\/uploads\/2023\/04\/Bible.malmesbury.arp_-465x303.jpg 465w, https:\/\/holyshit.global\/wp-content\/uploads\/2023\/04\/Bible.malmesbury.arp_-695x453.jpg 695w, https:\/\/holyshit.global\/wp-content\/uploads\/2023\/04\/Bible.malmesbury.arp_.jpg 1993w\" sizes=\"auto, (max-width: 256px) 100vw, 256px\" \/><figcaption class=\"wp-element-caption\">Von Anonym (Foto von Adrian Pingstone) &#8211; Eigenes Werk, gemeinfrei, https:\/\/commons.wikimedia.org\/w\/index.php?curid=68748<\/figcaption><\/figure>\n<\/div>\n\n\n<p class=\"has-medium-font-size\">In der hebr\u00e4ischen Bibel und im christlichen Alten Testament lesen wir in Genesis 2:7: <em>&#8222;Da bildete Gott der Herr den Menschen aus Erde vom Ackerboden und blies ihm den Lebensodem in die Nase; so wurde der Mensch zu einem lebenden Wesen.&#8220;<\/em> Mit &#8222;Erde&#8220; sind in diesem Zusammenhang die F\u00e4kalien gemeint.<\/p>\n\n\n<div class=\"wp-block-image\">\n<figure class=\"aligncenter size-full\"><img loading=\"lazy\" decoding=\"async\" width=\"157\" height=\"242\" src=\"https:\/\/holyshit.global\/wp-content\/uploads\/2023\/04\/NgawangLozangGyatso.jpg\" alt=\"\" class=\"wp-image-1027\"\/><figcaption class=\"wp-element-caption\">Von Originalautor Blofeld von SPECTRE auf en.wikipedia &#8211; Transfered from en.wikipedia, Public Domain, https:\/\/commons.wikimedia.org\/w\/index.php?curid=3204075<\/figcaption><\/figure>\n<\/div>\n\n\n<p class=\"has-medium-font-size\">Priester des 5. Dalai Lama sammelten im 17. Jahrhundert dessen Ausscheidungen, trockneten, pulverisierten und verpackten sie und verkauften sie an seine Anh\u00e4nger. Man nutzte sie, um Niesen hervorzurufen, als Gew\u00fcrz f\u00fcr Speisen, als Heilmittel f\u00fcr Krankheiten, als Pillen zum Verzehr und als Amulette um den Hals, die als Schutz dienen sollten.<\/p>\n\n\n<div class=\"wp-block-image\">\n<figure class=\"aligncenter size-full is-resized\"><img loading=\"lazy\" decoding=\"async\" src=\"https:\/\/holyshit.global\/wp-content\/uploads\/2023\/04\/455px-Lucas_Cranach_d.A._-_Martin_Luther_1528_Veste_Coburg.jpg\" alt=\"\" class=\"wp-image-1033\" width=\"228\" height=\"360\" srcset=\"https:\/\/holyshit.global\/wp-content\/uploads\/2023\/04\/455px-Lucas_Cranach_d.A._-_Martin_Luther_1528_Veste_Coburg.jpg 455w, https:\/\/holyshit.global\/wp-content\/uploads\/2023\/04\/455px-Lucas_Cranach_d.A._-_Martin_Luther_1528_Veste_Coburg-190x300.jpg 190w, https:\/\/holyshit.global\/wp-content\/uploads\/2023\/04\/455px-Lucas_Cranach_d.A._-_Martin_Luther_1528_Veste_Coburg-379x600.jpg 379w, https:\/\/holyshit.global\/wp-content\/uploads\/2023\/04\/455px-Lucas_Cranach_d.A._-_Martin_Luther_1528_Veste_Coburg-316x500.jpg 316w\" sizes=\"auto, (max-width: 228px) 100vw, 228px\" \/><figcaption class=\"wp-element-caption\">Von Lucas Cranach the Elder &#8211; GalleriX, gemeinfrei, https:\/\/commons.wikimedia.org\/w\/index.php?curid=23260036<\/figcaption><\/figure>\n<\/div>\n\n\n<p class=\"has-medium-font-size\">Es wird erz\u00e4hlt, dass Martin Luther, der chronisch an Verstopfung litt, auf der Toilette im Turm des Klosters Wittenberg in Deutschland erleuchtet wurde. &#8222;Gerechtigkeit Gottes. Gottes Gerechtigkeit sollte die Rettung f\u00fcr jeden Gl\u00e4ubigen sein. Danke, Heiliger Geist, dass du mir diese sch\u00f6ne Botschaft gegeben hast&#8220;, schrie der religi\u00f6se F\u00fchrer, w\u00e4hrend er versuchte, sein gro\u00dfes Gesch\u00e4ft zu machen. Auch Luthers Neigung zur F\u00e4kalsprache ist dokumentiert. Als er krank war und im Sterben lag, sagte Luther: &#8222;Ich bin wie reife Schei\u00dfe und die Welt ist ein gigantisches Arschloch. Wir werden uns wahrscheinlich bald loslassen&#8220;. Luther stellte sich den Teufel auch als Verk\u00f6rperung von Schei\u00dfe vor.<\/p>\n\n\n<div class=\"wp-block-image\">\n<figure class=\"aligncenter size-full is-resized\"><img loading=\"lazy\" decoding=\"async\" src=\"https:\/\/holyshit.global\/wp-content\/uploads\/2023\/04\/shit-happens-cup.webp\" alt=\"\" class=\"wp-image-1038\" width=\"196\" height=\"169\" srcset=\"https:\/\/holyshit.global\/wp-content\/uploads\/2023\/04\/shit-happens-cup.webp 785w, https:\/\/holyshit.global\/wp-content\/uploads\/2023\/04\/shit-happens-cup-300x259.webp 300w, https:\/\/holyshit.global\/wp-content\/uploads\/2023\/04\/shit-happens-cup-768x662.webp 768w, https:\/\/holyshit.global\/wp-content\/uploads\/2023\/04\/shit-happens-cup-465x401.webp 465w, https:\/\/holyshit.global\/wp-content\/uploads\/2023\/04\/shit-happens-cup-580x500.webp 580w\" sizes=\"auto, (max-width: 196px) 100vw, 196px\" \/><figcaption class=\"wp-element-caption\">Foto von Urbandictionary.com Web Store<\/figcaption><\/figure>\n<\/div>\n\n\n<p class=\"has-medium-font-size\">Dank FridgeRaider von Urbandictionary.com wurde Religion mit dem Ausdruck &#8222;Shit Happens&#8220; (dem Originaltitel unseres Films Holy Shit) in Verbindung gebracht. Er kursierte seit \u00fcber einem Jahrzehnt in den sozialen Medien.<\/p>\n\n\n\n<p class=\"has-medium-font-size\">Ein universelles religi\u00f6ses Konzept:<\/p>\n\n\n\n<p class=\"has-medium-font-size\">Taoismus: Shit Happens (Schei\u00dfe passiert)<br>Hinduismus: This shit happened before (Diese Schei\u00dfe ist schonmal passiert)<br>Islam: If shit happens, take hostages (Falls Schei\u00dfe passiert, halte Geiseln)<br>Buddismus: If shit happens is it really shit? (Wenn Schei\u00dfe passiert, ist es dann wirklich Schei\u00dfe?)<br>Protestantismus: Shit happens if you work hard (Schei\u00dfe passiert, wenn du hart arbeitest)<br>Katholizismus: Shit Happens, I deserve it (Schei\u00dfe passiert, ich hab&#8217;s verdient)<br>Siebenten-Tags-Adventisten: Shit happens on Saturday (Schei\u00dfe passiert samstags)<br>Mormonismus: Knock Knock, Shit Happens (Klopf, Klopf, Schei\u00dfe passiert)<br>Judentum: Why does shit happen to me? (Warum passiert mir die Schei\u00dfe?)<br>Krishnaismus: Shit happens, ring a dingy ding (Schei\u00dfe passiert, klingeling)<br>Zeugen Jehovas: People now living will see shit happen (Menschen, die jetzt leben, werden erleben, wie Schei\u00dfe passiert)<br>Heidentum: Each shit has its own name (Jede Schei\u00dfe hat ihren eigenen Namen)<br>Atheismus: Bullshit! (Was f\u00fcr ein Schei\u00df!)<br>TV Evangelismus: Send more shit (Schickt mehr Schei\u00dfe)<br>Rastafarianismus: Let&#8217;s smoke this shit (Lasst uns die Schei\u00dfe rauchen)<br>Sch\u00fcler einer Sonntagsschule: I gotta go (Ich muss)<\/p>\n\n\n\n<div class=\"wp-block-buttons is-content-justification-center is-layout-flex wp-container-core-buttons-is-layout-16018d1d wp-block-buttons-is-layout-flex\">\n<div class=\"wp-block-button\"><a class=\"wp-block-button__link wp-element-button\" href=\"https:\/\/holyshit.global\/de\/scheisse-als-gold\/\">Vorherige<\/a><\/div>\n\n\n\n<div class=\"wp-block-button\"><a class=\"wp-block-button__link wp-element-button\" href=\"https:\/\/holyshit.global\/de\/scheisse-medizin\/\">N\u00e4chste<\/a><\/div>\n<\/div>\n","protected":false},"excerpt":{"rendered":"<p>Man k\u00f6nnte sagen, Schei\u00dfe und Religion sind unzertrennlich. Khepri, der Gott der aufgehenden Sonne und der Wiedergeburt, wurde von den alten \u00c4gyptern mit dem Skarab\u00e4us oder Mistk\u00e4fer dargestellt und in Verbindung gebracht. In der hebr\u00e4ischen Bibel und im christlichen Alten Testament lesen wir in Genesis 2:7: &#8222;Da bildete Gott der<span class=\"more-link\"><a href=\"https:\/\/holyshit.global\/de\/scheisse-religion\/\">Read More &rarr;<\/a><\/span><\/p>\n","protected":false},"author":1,"featured_media":0,"parent":0,"menu_order":0,"comment_status":"closed","ping_status":"closed","template":"","meta":{"footnotes":""},"class_list":["entry","author-wzu2bwzu2bwzu2b","post-1296","page","type-page","status-publish"],"_links":{"self":[{"href":"https:\/\/holyshit.global\/de\/wp-json\/wp\/v2\/pages\/1296","targetHints":{"allow":["GET"]}}],"collection":[{"href":"https:\/\/holyshit.global\/de\/wp-json\/wp\/v2\/pages"}],"about":[{"href":"https:\/\/holyshit.global\/de\/wp-json\/wp\/v2\/types\/page"}],"author":[{"embeddable":true,"href":"https:\/\/holyshit.global\/de\/wp-json\/wp\/v2\/users\/1"}],"replies":[{"embeddable":true,"href":"https:\/\/holyshit.global\/de\/wp-json\/wp\/v2\/comments?post=1296"}],"version-history":[{"count":5,"href":"https:\/\/holyshit.global\/de\/wp-json\/wp\/v2\/pages\/1296\/revisions"}],"predecessor-version":[{"id":1962,"href":"https:\/\/holyshit.global\/de\/wp-json\/wp\/v2\/pages\/1296\/revisions\/1962"}],"wp:attachment":[{"href":"https:\/\/holyshit.global\/de\/wp-json\/wp\/v2\/media?parent=1296"}],"curies":[{"name":"wp","href":"https:\/\/api.w.org\/{rel}","templated":true}]}}