{"id":1294,"date":"2023-04-05T11:25:32","date_gmt":"2023-04-05T10:25:32","guid":{"rendered":"https:\/\/holyshit.global\/scheisse-medizin\/"},"modified":"2023-06-09T11:41:09","modified_gmt":"2023-06-09T10:41:09","slug":"scheisse-medizin","status":"publish","type":"page","link":"https:\/\/holyshit.global\/de\/scheisse-medizin\/","title":{"rendered":"Schei\u00dfe &amp; Medizin"},"content":{"rendered":"\n<p class=\"has-medium-font-size\">Die Abneigung, Schei\u00dfe zu essen oder mit ihr in Ber\u00fchrung zu kommen, hat Milliarden von uns im Laufe der Jahrhunderte vor t\u00f6dlichen Krankheiten gesch\u00fctzt. Manche sagen, dies sei ein Instinkt, doch das war nicht immer so.<\/p>\n\n\n<div class=\"wp-block-image\">\n<figure class=\"aligncenter size-full is-resized\"><img loading=\"lazy\" decoding=\"async\" src=\"https:\/\/holyshit.global\/wp-content\/uploads\/2023\/04\/Sade_-_Les_120_Journees_de_Sodome_ed._Duhren_1904_page_6_crop.jpg\" alt=\"\" class=\"wp-image-1061\" width=\"221\" height=\"300\" srcset=\"https:\/\/holyshit.global\/wp-content\/uploads\/2023\/04\/Sade_-_Les_120_Journees_de_Sodome_ed._Duhren_1904_page_6_crop.jpg 441w, https:\/\/holyshit.global\/wp-content\/uploads\/2023\/04\/Sade_-_Les_120_Journees_de_Sodome_ed._Duhren_1904_page_6_crop-221x300.jpg 221w, https:\/\/holyshit.global\/wp-content\/uploads\/2023\/04\/Sade_-_Les_120_Journees_de_Sodome_ed._Duhren_1904_page_6_crop-368x500.jpg 368w\" sizes=\"auto, (max-width: 221px) 100vw, 221px\" \/><figcaption class=\"wp-element-caption\">Marquis de Sade, gemeinfrei, \u00fcber Wikimedia Commons<\/figcaption><\/figure>\n<\/div>\n\n\n<p class=\"has-medium-font-size\">In &#8222;Die 120 Tage von Sodom&#8220; von Marquis de Sade aus dem Jahr 1785 berichtet Madame Duclos, die Hauptfigur des Romans, von zahlreichen sexuellen Handlungen, bei denen sich die Menschen gegenseitig mit ihren Ausscheidungen beschmierten und sie verspeisten. Dies weckte die sexuellen Begierden ihrer Zuh\u00f6rer, die diese schmutzigen Geschichten nachahmten. <\/p>\n\n\n\n<p class=\"has-medium-font-size\">Darstellungen wie die in &#8222;Die 120 Tage von Sodom&#8220; hatten zahlreiche, wenn auch weniger absto\u00dfende Vorl\u00e4ufer. Die Verwendung von Urin und menschlichem Kot als Heilmittel, das Bespritzen anderer mit F\u00e4kalien zum Spa\u00df und das Essen von F\u00e4kalien zum Vergn\u00fcgen oder zur Erl\u00f6sung waren alles dokumentierte Gewohnheiten aus der Zeit vor Sade. <\/p>\n\n\n<div class=\"wp-block-image\">\n<figure class=\"aligncenter size-full is-resized\"><img loading=\"lazy\" decoding=\"async\" src=\"https:\/\/holyshit.global\/wp-content\/uploads\/2023\/04\/Abraham_Zacuto.jpg\" alt=\"\" class=\"wp-image-1065\" width=\"371\" height=\"450\" srcset=\"https:\/\/holyshit.global\/wp-content\/uploads\/2023\/04\/Abraham_Zacuto.jpg 741w, https:\/\/holyshit.global\/wp-content\/uploads\/2023\/04\/Abraham_Zacuto-247x300.jpg 247w, https:\/\/holyshit.global\/wp-content\/uploads\/2023\/04\/Abraham_Zacuto-465x564.jpg 465w, https:\/\/holyshit.global\/wp-content\/uploads\/2023\/04\/Abraham_Zacuto-412x500.jpg 412w\" sizes=\"auto, (max-width: 371px) 100vw, 371px\" \/><figcaption class=\"wp-element-caption\">Gemeinfrei \u00fcber Wikimedia Commons. Foto von Sodabottle<\/figcaption><\/figure>\n<\/div>\n\n\n<p class=\"has-medium-font-size\">Im sp\u00e4ten 16. Jahrhundert erz\u00e4hlte Dr. Zacutus Lusitanus, dass er eine Frau kannte, die aus Versehen ihre F\u00e4kalien gekostet hatte, woraufhin diese zu ihrer Lieblingsspeise wurden, ohne die sie nicht mehr leben konnte.<\/p>\n\n\n<div class=\"wp-block-image\">\n<figure class=\"aligncenter size-large is-resized\"><img loading=\"lazy\" decoding=\"async\" src=\"https:\/\/holyshit.global\/wp-content\/uploads\/2023\/04\/Saturnalia_by_Antoine_Callet-1022x1024.jpg\" alt=\"\" class=\"wp-image-1071\" width=\"511\" height=\"512\" srcset=\"https:\/\/holyshit.global\/wp-content\/uploads\/2023\/04\/Saturnalia_by_Antoine_Callet-1022x1024.jpg 1022w, https:\/\/holyshit.global\/wp-content\/uploads\/2023\/04\/Saturnalia_by_Antoine_Callet-300x300.jpg 300w, https:\/\/holyshit.global\/wp-content\/uploads\/2023\/04\/Saturnalia_by_Antoine_Callet-150x150.jpg 150w, https:\/\/holyshit.global\/wp-content\/uploads\/2023\/04\/Saturnalia_by_Antoine_Callet-768x770.jpg 768w, https:\/\/holyshit.global\/wp-content\/uploads\/2023\/04\/Saturnalia_by_Antoine_Callet-1533x1536.jpg 1533w, https:\/\/holyshit.global\/wp-content\/uploads\/2023\/04\/Saturnalia_by_Antoine_Callet-465x466.jpg 465w, https:\/\/holyshit.global\/wp-content\/uploads\/2023\/04\/Saturnalia_by_Antoine_Callet-499x500.jpg 499w, https:\/\/holyshit.global\/wp-content\/uploads\/2023\/04\/Saturnalia_by_Antoine_Callet.jpg 2044w\" sizes=\"auto, (max-width: 511px) 100vw, 511px\" \/><figcaption class=\"wp-element-caption\">Themadchopper, Antoine-Fran\u00e7ois Callet, CC0, \u00fcber Wikimedia Commons<\/figcaption><\/figure>\n<\/div>\n\n\n<p class=\"has-medium-font-size\">Das Fest der Narren, das auf die r\u00f6mischen Saturnalien zur\u00fcckgeht, war ein karnevalistisches religi\u00f6ses Fest, um die Umwelt von den b\u00f6sen Kr\u00e4ften des Teufels zu befreien. &#8222;Zu den Feierlichkeiten geh\u00f6rten obsz\u00f6ne Scherze, Lieder und Verhaltensweisen. Sie hatten Karren voller Aas, das sie gelegentlich auf die Bev\u00f6lkerung warfen.&#8220;<\/p>\n\n\n\n<p class=\"has-medium-font-size\">F\u00e4kalienger\u00fcche spielten in der Medizin eine wichtige Rolle. Bis ins Jahr 1760 wurde in Madrid Schei\u00dfe auf den Stra\u00dfen verteilt, weil man glaubte, dass die mit F\u00e4kalien angereicherte Luft gesund f\u00fcr den Menschen sei. <\/p>\n\n\n\n<p class=\"has-medium-font-size\">Als London von der Beulenpest heimgesucht wurde, \u00f6ffneten die Beh\u00f6rden die st\u00e4dtischen Kloaken, um die mit der Pest angereicherte Luft von der mit F\u00e4kalien angereicherten Luft beseitigen zu lassen. Fr\u00fcher dachte man, dass Krankheiten durch schlechte Ger\u00fcche in der Luft \u00fcbertragen werden. Pulver, Schwefel und Rauch wurden verwendet, um die Luft von krankheitsverursachenden Elementen zu desinfizieren.<\/p>\n\n\n<div class=\"wp-block-image\">\n<figure class=\"aligncenter size-full is-resized\"><img loading=\"lazy\" decoding=\"async\" src=\"https:\/\/holyshit.global\/wp-content\/uploads\/2023\/04\/Paullini_tb_big_Dreck-Apothecke.jpeg\" alt=\"\" class=\"wp-image-1076\" width=\"500\" height=\"393\" srcset=\"https:\/\/holyshit.global\/wp-content\/uploads\/2023\/04\/Paullini_tb_big_Dreck-Apothecke.jpeg 1000w, https:\/\/holyshit.global\/wp-content\/uploads\/2023\/04\/Paullini_tb_big_Dreck-Apothecke-300x236.jpeg 300w, https:\/\/holyshit.global\/wp-content\/uploads\/2023\/04\/Paullini_tb_big_Dreck-Apothecke-768x604.jpeg 768w, https:\/\/holyshit.global\/wp-content\/uploads\/2023\/04\/Paullini_tb_big_Dreck-Apothecke-465x365.jpeg 465w, https:\/\/holyshit.global\/wp-content\/uploads\/2023\/04\/Paullini_tb_big_Dreck-Apothecke-636x500.jpeg 636w\" sizes=\"auto, (max-width: 500px) 100vw, 500px\" \/><figcaption class=\"wp-element-caption\">Gemeinfrei \u00fcber Wikimedia Commons<\/figcaption><\/figure>\n<\/div>\n\n\n<p class=\"has-medium-font-size\">Dr. Christian Franz Paullini, ein deutscher Arzt des 17. Jahrhunderts, entwickelte eine &#8222;Kopropharmazie&#8220; &#8211; eine Apotheke auf der Grundlage von F\u00e4kalien. So verordnete er beispielsweise die &#8222;Goldsalbe&#8220;, die aus &#8222;frischen menschlichen F\u00e4kalien bestand und auf Abszesse, insbesondere auf die kranken Br\u00fcste einer Frau im Wochenbett, aufgetragen wurde&#8220;. Er verordnete auch die Einnahme des eigenen Speisebreis oder des Speisebreis eines Jungen als Heilmittel f\u00fcr die Dysenterie. In den 1990er Jahren w\u00e4re das der Kunstfehlerfall des Jahrhunderts gewesen. <\/p>\n\n\n<div class=\"wp-block-image\">\n<figure class=\"aligncenter size-full is-resized\"><img loading=\"lazy\" decoding=\"async\" src=\"https:\/\/holyshit.global\/wp-content\/uploads\/2023\/04\/800px-E_coli_at_10000x_original.jpg\" alt=\"\" class=\"wp-image-1082\" width=\"400\" height=\"291\" srcset=\"https:\/\/holyshit.global\/wp-content\/uploads\/2023\/04\/800px-E_coli_at_10000x_original.jpg 800w, https:\/\/holyshit.global\/wp-content\/uploads\/2023\/04\/800px-E_coli_at_10000x_original-300x218.jpg 300w, https:\/\/holyshit.global\/wp-content\/uploads\/2023\/04\/800px-E_coli_at_10000x_original-768x559.jpg 768w, https:\/\/holyshit.global\/wp-content\/uploads\/2023\/04\/800px-E_coli_at_10000x_original-465x338.jpg 465w, https:\/\/holyshit.global\/wp-content\/uploads\/2023\/04\/800px-E_coli_at_10000x_original-690x500.jpg 690w, https:\/\/holyshit.global\/wp-content\/uploads\/2023\/04\/800px-E_coli_at_10000x_original-687x500.jpg 687w\" sizes=\"auto, (max-width: 400px) 100vw, 400px\" \/><figcaption class=\"wp-element-caption\">Niedertemperatur-Elektronenmikroskopische Aufnahme eines Clusters von E. coli-Bakterien, 10.000-fach vergr\u00f6\u00dfert. Jedes einzelne Bakterium hat eine l\u00e4ngliche Form. Gemeinfrei<\/figcaption><\/figure>\n<\/div>\n\n\n<p class=\"has-medium-font-size\">Heute ist die <a href=\"https:\/\/www.hopkinsmedicine.org\/health\/treatment-tests-and-therapies\/fecal-transplant\" target=\"_blank\" rel=\"noreferrer noopener\">&#8222;F\u00e4kale Mikrobiota-Transplantation&#8220; (FMT)<\/a> ein medizinisches Verfahren, bei dem F\u00e4kalien von einem Spender gesammelt und einem Patienten durch einen Einlauf oder die Einnahme einer F\u00e4kalpille verabreicht werden. Es wird zur Heilung von Clostridium-difficile-Infektionen und anderen Autoimmunkrankheiten eingesetzt. <\/p>\n\n\n\n<p class=\"has-medium-font-size\">Heute gibt es Stuhlbanken in den USA, Frankreich, den Niederlanden und im Vereinigten K\u00f6nigreich. Sie nehmen Kotspenden von gesunden Menschen an und lagern sie f\u00fcr zuk\u00fcnftige FMT-Verfahren. <\/p>\n\n\n\n<p class=\"has-medium-font-size\">Im Netz des Lebens sind die Abf\u00e4lle eines Tieres die Nahrungsquelle eines anderen. Da viele Obst- und Gem\u00fcsesorten mit Dung ged\u00fcngt werden und viele der Lebewesen, die wir essen, die F\u00e4kalien anderer Lebewesen gefressen haben, k\u00f6nnen wir mit Dr. Paullini \u00fcbereinstimmen, der geschrieben hat: &#8222;Dreckfresser sind wir alle&#8220;.<\/p>\n\n\n\n<div class=\"wp-block-buttons is-content-justification-center is-layout-flex wp-container-core-buttons-is-layout-16018d1d wp-block-buttons-is-layout-flex\">\n<div class=\"wp-block-button\"><a class=\"wp-block-button__link wp-element-button\" href=\"https:\/\/holyshit.global\/de\/scheisse-religion\/\">Vorherige<\/a><\/div>\n\n\n\n<div class=\"wp-block-button\"><a class=\"wp-block-button__link wp-element-button\" href=\"https:\/\/holyshit.global\/de\/latrinalia\/\">N\u00e4chste<\/a><\/div>\n<\/div>\n","protected":false},"excerpt":{"rendered":"<p>Die Abneigung, Schei\u00dfe zu essen oder mit ihr in Ber\u00fchrung zu kommen, hat Milliarden von uns im Laufe der Jahrhunderte vor t\u00f6dlichen Krankheiten gesch\u00fctzt. Manche sagen, dies sei ein Instinkt, doch das war nicht immer so. In &#8222;Die 120 Tage von Sodom&#8220; von Marquis de Sade aus dem Jahr 1785<span class=\"more-link\"><a href=\"https:\/\/holyshit.global\/de\/scheisse-medizin\/\">Read More &rarr;<\/a><\/span><\/p>\n","protected":false},"author":1,"featured_media":0,"parent":0,"menu_order":0,"comment_status":"closed","ping_status":"closed","template":"","meta":{"footnotes":""},"class_list":["entry","author-wzu2bwzu2bwzu2b","post-1294","page","type-page","status-publish"],"_links":{"self":[{"href":"https:\/\/holyshit.global\/de\/wp-json\/wp\/v2\/pages\/1294","targetHints":{"allow":["GET"]}}],"collection":[{"href":"https:\/\/holyshit.global\/de\/wp-json\/wp\/v2\/pages"}],"about":[{"href":"https:\/\/holyshit.global\/de\/wp-json\/wp\/v2\/types\/page"}],"author":[{"embeddable":true,"href":"https:\/\/holyshit.global\/de\/wp-json\/wp\/v2\/users\/1"}],"replies":[{"embeddable":true,"href":"https:\/\/holyshit.global\/de\/wp-json\/wp\/v2\/comments?post=1294"}],"version-history":[{"count":2,"href":"https:\/\/holyshit.global\/de\/wp-json\/wp\/v2\/pages\/1294\/revisions"}],"predecessor-version":[{"id":1963,"href":"https:\/\/holyshit.global\/de\/wp-json\/wp\/v2\/pages\/1294\/revisions\/1963"}],"wp:attachment":[{"href":"https:\/\/holyshit.global\/de\/wp-json\/wp\/v2\/media?parent=1294"}],"curies":[{"name":"wp","href":"https:\/\/api.w.org\/{rel}","templated":true}]}}