{"id":1292,"date":"2023-03-12T11:33:57","date_gmt":"2023-03-12T10:33:57","guid":{"rendered":"https:\/\/holyshit.global\/sabiiti-isaac\/"},"modified":"2023-06-07T16:41:05","modified_gmt":"2023-06-07T15:41:05","slug":"sabiiti-isaac","status":"publish","type":"page","link":"https:\/\/holyshit.global\/de\/sabiiti-isaac\/","title":{"rendered":"Sabiiti Isaac"},"content":{"rendered":"\n<p class=\"has-medium-font-size\">Isaac ist ein ugandischer Pionier, der kompostierte menschliche Ausscheidungen aus Trockentoiletten zu Pellets verarbeitet, um deren Transport und Anwendung zu erleichtern. Mit Unterst\u00fctzung von GiveLove stellt er Green Plant her, einen organischen D\u00fcnger, der von \u00fcber 200 Kleinbauern verwendet wird.<\/p>\n\n\n\n<p class=\"has-small-font-size\">Foto: \u00a92023 ThurnFilm\/Hajo Schomerus<\/p>\n\n\n\n<div class=\"wp-block-buttons is-content-justification-center is-layout-flex wp-container-core-buttons-is-layout-16018d1d wp-block-buttons-is-layout-flex\">\n<div class=\"wp-block-button\"><a class=\"wp-block-button__link wp-element-button\" href=\"https:\/\/holyshit.global\/de\/patrick-mavo\/\">Vorherige<\/a><\/div>\n\n\n\n<div class=\"wp-block-button\"><a class=\"wp-block-button__link wp-element-button\" href=\"https:\/\/holyshit.global\/de\/modem-wizzy\/\">N\u00e4chste<\/a><\/div>\n<\/div>\n","protected":false},"excerpt":{"rendered":"<p>Isaac ist ein ugandischer Pionier, der kompostierte menschliche Ausscheidungen aus Trockentoiletten zu Pellets verarbeitet, um deren Transport und Anwendung zu erleichtern. Mit Unterst\u00fctzung von GiveLove stellt er Green Plant her, einen organischen D\u00fcnger, der von \u00fcber 200 Kleinbauern verwendet wird. Foto: \u00a92023 ThurnFilm\/Hajo Schomerus<span class=\"more-link\"><a href=\"https:\/\/holyshit.global\/de\/sabiiti-isaac\/\">Read More &rarr;<\/a><\/span><\/p>\n","protected":false},"author":1,"featured_media":315,"parent":0,"menu_order":0,"comment_status":"closed","ping_status":"closed","template":"","meta":{"footnotes":""},"class_list":["entry","author-wzu2bwzu2bwzu2b","post-1292","page","type-page","status-publish","has-post-thumbnail"],"_links":{"self":[{"href":"https:\/\/holyshit.global\/de\/wp-json\/wp\/v2\/pages\/1292","targetHints":{"allow":["GET"]}}],"collection":[{"href":"https:\/\/holyshit.global\/de\/wp-json\/wp\/v2\/pages"}],"about":[{"href":"https:\/\/holyshit.global\/de\/wp-json\/wp\/v2\/types\/page"}],"author":[{"embeddable":true,"href":"https:\/\/holyshit.global\/de\/wp-json\/wp\/v2\/users\/1"}],"replies":[{"embeddable":true,"href":"https:\/\/holyshit.global\/de\/wp-json\/wp\/v2\/comments?post=1292"}],"version-history":[{"count":2,"href":"https:\/\/holyshit.global\/de\/wp-json\/wp\/v2\/pages\/1292\/revisions"}],"predecessor-version":[{"id":1874,"href":"https:\/\/holyshit.global\/de\/wp-json\/wp\/v2\/pages\/1292\/revisions\/1874"}],"wp:featuredmedia":[{"embeddable":true,"href":"https:\/\/holyshit.global\/de\/wp-json\/wp\/v2\/media\/315"}],"wp:attachment":[{"href":"https:\/\/holyshit.global\/de\/wp-json\/wp\/v2\/media?parent=1292"}],"curies":[{"name":"wp","href":"https:\/\/api.w.org\/{rel}","templated":true}]}}