{"id":1290,"date":"2023-03-12T08:22:52","date_gmt":"2023-03-12T07:22:52","guid":{"rendered":"https:\/\/holyshit.global\/robert-skip-backus\/"},"modified":"2023-06-07T16:38:27","modified_gmt":"2023-06-07T15:38:27","slug":"robert-skip-backus","status":"publish","type":"page","link":"https:\/\/holyshit.global\/de\/robert-skip-backus\/","title":{"rendered":"Robert &#8222;Skip&#8220; Backus"},"content":{"rendered":"\n<p class=\"has-medium-font-size\">Der CEO des Omega Institute in Rhinebeck, New York, leitet auch das <a href=\"https:\/\/www.eomega.org\/center-sustainable-living\/home\" target=\"_blank\" rel=\"noreferrer noopener\">Omega Center for Sustainable Living (OCSL)<\/a>, eine Bildungseinrichtung, in der sich Menschen genauer mit ihrer Umwelt und ihrem Abwasser befassen k\u00f6nnen. Das Herzst\u00fcck der OCSL ist die Eco Machine<sup>TM<\/sup>, eine lokale Abwasseraufbereitungsanlage, die die Wasserwege nicht verschmutzt, ein Netto-Null-Energie-System ist und Arzneimittelr\u00fcckst\u00e4nde im Wasser um 95 % reduziert. Dies geschieht durch eine Kombination aus Pflanzenkl\u00e4ranlagen, bel\u00fcfteten Lagunen, Organismen aus allen Bereichen des Lebens und der Sonne. <\/p>\n\n\n\n<p class=\"has-small-font-size\">Foto: \u00a92023 ThurnFilm\/Hajo Schomerus<\/p>\n\n\n\n<div class=\"wp-block-buttons is-content-justification-center is-layout-flex wp-container-core-buttons-is-layout-16018d1d wp-block-buttons-is-layout-flex\">\n<div class=\"wp-block-button\"><a class=\"wp-block-button__link wp-element-button\" href=\"https:\/\/holyshit.global\/de\/dr-david-l-lewis\/\">Vorherige<\/a><\/div>\n\n\n\n<div class=\"wp-block-button\"><a class=\"wp-block-button__link wp-element-button\" href=\"https:\/\/holyshit.global\/de\/givelove\/\">N\u00e4chste<\/a><\/div>\n<\/div>\n","protected":false},"excerpt":{"rendered":"<p>Der CEO des Omega Institute in Rhinebeck, New York, leitet auch das Omega Center for Sustainable Living (OCSL), eine Bildungseinrichtung, in der sich Menschen genauer mit ihrer Umwelt und ihrem Abwasser befassen k\u00f6nnen. Das Herzst\u00fcck der OCSL ist die Eco MachineTM, eine lokale Abwasseraufbereitungsanlage, die die Wasserwege nicht verschmutzt, ein<span class=\"more-link\"><a href=\"https:\/\/holyshit.global\/de\/robert-skip-backus\/\">Read More &rarr;<\/a><\/span><\/p>\n","protected":false},"author":1,"featured_media":397,"parent":0,"menu_order":0,"comment_status":"closed","ping_status":"closed","template":"","meta":{"footnotes":""},"class_list":["entry","author-wzu2bwzu2bwzu2b","post-1290","page","type-page","status-publish","has-post-thumbnail"],"_links":{"self":[{"href":"https:\/\/holyshit.global\/de\/wp-json\/wp\/v2\/pages\/1290","targetHints":{"allow":["GET"]}}],"collection":[{"href":"https:\/\/holyshit.global\/de\/wp-json\/wp\/v2\/pages"}],"about":[{"href":"https:\/\/holyshit.global\/de\/wp-json\/wp\/v2\/types\/page"}],"author":[{"embeddable":true,"href":"https:\/\/holyshit.global\/de\/wp-json\/wp\/v2\/users\/1"}],"replies":[{"embeddable":true,"href":"https:\/\/holyshit.global\/de\/wp-json\/wp\/v2\/comments?post=1290"}],"version-history":[{"count":2,"href":"https:\/\/holyshit.global\/de\/wp-json\/wp\/v2\/pages\/1290\/revisions"}],"predecessor-version":[{"id":1871,"href":"https:\/\/holyshit.global\/de\/wp-json\/wp\/v2\/pages\/1290\/revisions\/1871"}],"wp:featuredmedia":[{"embeddable":true,"href":"https:\/\/holyshit.global\/de\/wp-json\/wp\/v2\/media\/397"}],"wp:attachment":[{"href":"https:\/\/holyshit.global\/de\/wp-json\/wp\/v2\/media?parent=1290"}],"curies":[{"name":"wp","href":"https:\/\/api.w.org\/{rel}","templated":true}]}}