{"id":1279,"date":"2023-03-27T17:49:34","date_gmt":"2023-03-27T16:49:34","guid":{"rendered":"https:\/\/holyshit.global\/reduzierung-der-ammoniakverfluechtigung-aus-udf\/"},"modified":"2023-06-09T11:32:28","modified_gmt":"2023-06-09T10:32:28","slug":"reduzierung-der-ammoniakverfluechtigung-aus-udf","status":"publish","type":"page","link":"https:\/\/holyshit.global\/de\/reduzierung-der-ammoniakverfluechtigung-aus-udf\/","title":{"rendered":"Reduzierung der Ammoniakverfl\u00fcchtigung aus UDF"},"content":{"rendered":"\n<p class=\"has-medium-font-size\">&#8222;Urind\u00fcnger (UDF) ist ein sicherer, lokal gewonnener D\u00fcnger, der nachweislich ein wirksamer Ersatz f\u00fcr synthetische Stickstoffd\u00fcnger ist. Wie bei anderen ammoniumhaltigen D\u00fcngemitteln wie G\u00fclle und Harnstoff besteht jedoch auch bei UDF die <strong>Gefahr, dass erhebliche Mengen Stickstoff durch Ammoniakverfl\u00fcchtigung verloren gehen<\/strong>.&#8220; Wie aus einer von Sustainable Agriculture Research and Education (SARE) ver\u00f6ffentlichten Studie, die von mehr als einem Dutzend Wissenschaftlern durchgef\u00fchrt wurde, hervorgeht, kann diese Verfl\u00fcchtigung Treibhausgase erzeugen. Empf\u00e4nger des Zuschusses f\u00fcr diese Studie war das <a rel=\"noreferrer noopener\" href=\"https:\/\/richearthinstitute.org\/\" target=\"_blank\">Rich Earth Institute<\/a>. Projektleiter war Abraham Noe-Hays. Klicken Sie <a rel=\"noreferrer noopener\" href=\"https:\/\/www.dropbox.com\/s\/kbpb3v09pik7r4v\/Final%20report%20for%20ONE18-318%20-%20SARE%20Grant%20Management%20System.pdf?dl=1\" target=\"_blank\">hier<\/a>, um sie herunterzuladen.<\/p>\n\n\n\n<div class=\"wp-block-buttons is-content-justification-center is-layout-flex wp-container-core-buttons-is-layout-16018d1d wp-block-buttons-is-layout-flex\">\n<div class=\"wp-block-button\"><a class=\"wp-block-button__link wp-element-button\" href=\"https:\/\/holyshit.global\/de\/kailash-ecovillage\/\">Vorherige<\/a><\/div>\n\n\n\n<div class=\"wp-block-button\"><a class=\"wp-block-button__link wp-element-button\" href=\"https:\/\/holyshit.global\/de\/pyrolyse\/\">N\u00e4chste<\/a><\/div>\n<\/div>\n","protected":false},"excerpt":{"rendered":"<p>&#8222;Urind\u00fcnger (UDF) ist ein sicherer, lokal gewonnener D\u00fcnger, der nachweislich ein wirksamer Ersatz f\u00fcr synthetische Stickstoffd\u00fcnger ist. Wie bei anderen ammoniumhaltigen D\u00fcngemitteln wie G\u00fclle und Harnstoff besteht jedoch auch bei UDF die Gefahr, dass erhebliche Mengen Stickstoff durch Ammoniakverfl\u00fcchtigung verloren gehen.&#8220; Wie aus einer von Sustainable Agriculture Research and Education<span class=\"more-link\"><a href=\"https:\/\/holyshit.global\/de\/reduzierung-der-ammoniakverfluechtigung-aus-udf\/\">Read More &rarr;<\/a><\/span><\/p>\n","protected":false},"author":1,"featured_media":0,"parent":0,"menu_order":0,"comment_status":"closed","ping_status":"closed","template":"","meta":{"footnotes":""},"class_list":["entry","author-wzu2bwzu2bwzu2b","post-1279","page","type-page","status-publish"],"_links":{"self":[{"href":"https:\/\/holyshit.global\/de\/wp-json\/wp\/v2\/pages\/1279","targetHints":{"allow":["GET"]}}],"collection":[{"href":"https:\/\/holyshit.global\/de\/wp-json\/wp\/v2\/pages"}],"about":[{"href":"https:\/\/holyshit.global\/de\/wp-json\/wp\/v2\/types\/page"}],"author":[{"embeddable":true,"href":"https:\/\/holyshit.global\/de\/wp-json\/wp\/v2\/users\/1"}],"replies":[{"embeddable":true,"href":"https:\/\/holyshit.global\/de\/wp-json\/wp\/v2\/comments?post=1279"}],"version-history":[{"count":2,"href":"https:\/\/holyshit.global\/de\/wp-json\/wp\/v2\/pages\/1279\/revisions"}],"predecessor-version":[{"id":1955,"href":"https:\/\/holyshit.global\/de\/wp-json\/wp\/v2\/pages\/1279\/revisions\/1955"}],"wp:attachment":[{"href":"https:\/\/holyshit.global\/de\/wp-json\/wp\/v2\/media?parent=1279"}],"curies":[{"name":"wp","href":"https:\/\/api.w.org\/{rel}","templated":true}]}}