{"id":1271,"date":"2023-04-01T16:43:45","date_gmt":"2023-04-01T15:43:45","guid":{"rendered":"https:\/\/holyshit.global\/pyrolyse\/"},"modified":"2023-06-09T11:33:17","modified_gmt":"2023-06-09T10:33:17","slug":"pyrolyse","status":"publish","type":"page","link":"https:\/\/holyshit.global\/de\/pyrolyse\/","title":{"rendered":"Pyrolyse"},"content":{"rendered":"\n<p class=\"has-medium-font-size\">Pyrolyse ist die Erhitzung von organischem Material ohne Zugabe von Sauerstoff. Sie wird in der chemischen Industrie zur Herstellung von Ethylen, vielen Formen von Kohlenstoff und anderen Chemikalien aus Erd\u00f6l, Kohle und sogar Holz oder zur Herstellung von Koks aus Kohle verwendet. Man setzt sie auch bei der Umwandlung fester Abf\u00e4lle aus Siedlungen in ihre grundlegenden Kohlenstoffbestandteile ein.<\/p>\n\n\n\n<p class=\"has-medium-font-size\">Es wird diskutiert, Pyrolyse als eine Methode, Schwermetalle und toxische Industrieverbindungen aus dem Kl\u00e4rschlamm zu entfernen und sie in Rohstoffe, Kohlenstoff und Brennstoff umzuwandeln, zu nutzen. Diese ersten Vorschl\u00e4ge beruhen jedoch auf dem Paradigma Toilettensp\u00fclung-Kanalisation-Kl\u00e4ranlage-Abwasserbehandlung. Das bedeutet, dass wir unsere Gewohnheiten des &#8222;Sp\u00fclens und Vergessens&#8220; nicht \u00e4ndern w\u00fcrden. <\/p>\n\n\n<div class=\"wp-block-image\">\n<figure class=\"aligncenter size-large is-resized\"><img loading=\"lazy\" decoding=\"async\" src=\"https:\/\/holyshit.global\/wp-content\/uploads\/2023\/04\/pyrolysis-of-excreta-from-dry-toilets-1024x297.jpg\" alt=\"\" class=\"wp-image-1185\" width=\"768\" height=\"223\" srcset=\"https:\/\/holyshit.global\/wp-content\/uploads\/2023\/04\/pyrolysis-of-excreta-from-dry-toilets-1024x297.jpg 1024w, https:\/\/holyshit.global\/wp-content\/uploads\/2023\/04\/pyrolysis-of-excreta-from-dry-toilets-300x87.jpg 300w, https:\/\/holyshit.global\/wp-content\/uploads\/2023\/04\/pyrolysis-of-excreta-from-dry-toilets-768x223.jpg 768w, https:\/\/holyshit.global\/wp-content\/uploads\/2023\/04\/pyrolysis-of-excreta-from-dry-toilets-1536x446.jpg 1536w, https:\/\/holyshit.global\/wp-content\/uploads\/2023\/04\/pyrolysis-of-excreta-from-dry-toilets-465x135.jpg 465w, https:\/\/holyshit.global\/wp-content\/uploads\/2023\/04\/pyrolysis-of-excreta-from-dry-toilets-695x202.jpg 695w, https:\/\/holyshit.global\/wp-content\/uploads\/2023\/04\/pyrolysis-of-excreta-from-dry-toilets.jpg 2034w\" sizes=\"auto, (max-width: 768px) 100vw, 768px\" \/><figcaption class=\"wp-element-caption\"><strong>Bild des Pyrolyseprozesses von menschlichen Ausscheidungen aus Trockentoiletten aus dem unten verlinkten Forschungspapier. <\/strong><\/figcaption><\/figure>\n<\/div>\n\n\n<p class=\"has-medium-font-size\">Es gibt jedoch neuere Studien, die, wie in <a href=\"https:\/\/www.dropbox.com\/s\/lirfiaz5mjs4zsm\/pyrolysis%20of%20excreta%20from%20dry%20toilets.pdf?dl=1\" target=\"_blank\" rel=\"noreferrer noopener\">diesem Forschungspapier<\/a> dargelegt, zeigen, dass die Pyrolyse menschlicher Ausscheidungen aus Trockentoiletten praktikabel ist.<\/p>\n\n\n\n<p class=\"has-medium-font-size\">Wie <a href=\"https:\/\/www.dropbox.com\/s\/iwhgzsa87wvw7ip\/Potential%20of%20pyrolysis%20processes%20in%20the%20waste%20management%20sector.pdf?dl=1\" target=\"_blank\" rel=\"noreferrer noopener\">diese Studie<\/a> zeigt, setzen bzw. setzten mehrere Industrieabfallanlagen die Pyrolyse bereits erfolgreich ein, doch es ist immer noch eine gro\u00dfe Herausforderung, sie wirtschaftlich rentabel zu machen, weshalb sich die n\u00e4chsten Studien auf die Umsetzung der neuesten Entwicklungen in Pilotanlagen und im industriellen Ma\u00dfstab konzentrieren sollten. <\/p>\n\n\n\n<p class=\"has-medium-font-size\">Die Pyrolyse wird ein wichtiges Verfahren f\u00fcr das Recycling von NPK und anderen Mikron\u00e4hrstoffen menschlicher Ausscheidungen aus Trockentoiletten werden.<\/p>\n\n\n\n<div class=\"wp-block-buttons is-content-justification-center is-layout-flex wp-container-core-buttons-is-layout-16018d1d wp-block-buttons-is-layout-flex\">\n<div class=\"wp-block-button\"><a class=\"wp-block-button__link wp-element-button\" href=\"https:\/\/holyshit.global\/de\/reduzierung-der-ammoniakverfluechtigung-aus-udf\/\">Vorherige<\/a><\/div>\n\n\n\n<div class=\"wp-block-button\"><a class=\"wp-block-button__link wp-element-button\" href=\"https:\/\/holyshit.global\/de\/fun-facts\/\">N\u00e4chste<\/a><\/div>\n<\/div>\n","protected":false},"excerpt":{"rendered":"<p>Pyrolyse ist die Erhitzung von organischem Material ohne Zugabe von Sauerstoff. Sie wird in der chemischen Industrie zur Herstellung von Ethylen, vielen Formen von Kohlenstoff und anderen Chemikalien aus Erd\u00f6l, Kohle und sogar Holz oder zur Herstellung von Koks aus Kohle verwendet. Man setzt sie auch bei der Umwandlung fester<span class=\"more-link\"><a href=\"https:\/\/holyshit.global\/de\/pyrolyse\/\">Read More &rarr;<\/a><\/span><\/p>\n","protected":false},"author":1,"featured_media":0,"parent":0,"menu_order":0,"comment_status":"closed","ping_status":"closed","template":"","meta":{"footnotes":""},"class_list":["entry","author-wzu2bwzu2bwzu2b","post-1271","page","type-page","status-publish"],"_links":{"self":[{"href":"https:\/\/holyshit.global\/de\/wp-json\/wp\/v2\/pages\/1271","targetHints":{"allow":["GET"]}}],"collection":[{"href":"https:\/\/holyshit.global\/de\/wp-json\/wp\/v2\/pages"}],"about":[{"href":"https:\/\/holyshit.global\/de\/wp-json\/wp\/v2\/types\/page"}],"author":[{"embeddable":true,"href":"https:\/\/holyshit.global\/de\/wp-json\/wp\/v2\/users\/1"}],"replies":[{"embeddable":true,"href":"https:\/\/holyshit.global\/de\/wp-json\/wp\/v2\/comments?post=1271"}],"version-history":[{"count":2,"href":"https:\/\/holyshit.global\/de\/wp-json\/wp\/v2\/pages\/1271\/revisions"}],"predecessor-version":[{"id":1956,"href":"https:\/\/holyshit.global\/de\/wp-json\/wp\/v2\/pages\/1271\/revisions\/1956"}],"wp:attachment":[{"href":"https:\/\/holyshit.global\/de\/wp-json\/wp\/v2\/media?parent=1271"}],"curies":[{"name":"wp","href":"https:\/\/api.w.org\/{rel}","templated":true}]}}