{"id":1269,"date":"2023-03-12T12:23:48","date_gmt":"2023-03-12T11:23:48","guid":{"rendered":"https:\/\/holyshit.global\/poop-pirates\/"},"modified":"2023-06-07T16:42:30","modified_gmt":"2023-06-07T15:42:30","slug":"poop-pirates","status":"publish","type":"page","link":"https:\/\/holyshit.global\/de\/poop-pirates\/","title":{"rendered":"Poop Pirates"},"content":{"rendered":"\n<p class=\"has-medium-font-size\">Jeden Sonntagmorgen man\u00f6vrieren die GiveLove Poop Pirates oder Komposttechniker ihren Wagen \u00fcber die beschwerlichen Wege von Kamwokya, Kampala, um die vollen Beh\u00e4lter von Trockentoiletten einzusammeln und sie durch saubere, leere zu ersetzen. Sie liefern auch S\u00e4gesp\u00e4ne, die schlechte Ger\u00fcche verhindern und Fliegen fernhalten. Die Beh\u00e4lter werden in die Hauptkompostieranlage gebracht, wo ihr Inhalt behandelt und in sicheren D\u00fcnger f\u00fcr den Anbau von Lebensmitteln umgewandelt wird.<\/p>\n\n\n\n<p class=\"has-small-font-size\">Foto: \u00a92023 ThurnFilm\/Ralf Weber<\/p>\n\n\n\n<div class=\"wp-block-buttons is-content-justification-center is-layout-flex wp-container-core-buttons-is-layout-16018d1d wp-block-buttons-is-layout-flex\">\n<div class=\"wp-block-button\"><a class=\"wp-block-button__link wp-element-button\" href=\"https:\/\/holyshit.global\/de\/modem-wizzy\/\">Vorherige<\/a><\/div>\n\n\n\n<div class=\"wp-block-button\"><a class=\"wp-block-button__link wp-element-button\" href=\"https:\/\/holyshit.global\/de\/hamish-skermer\/\">N\u00e4chste<\/a><\/div>\n<\/div>\n","protected":false},"excerpt":{"rendered":"<p>Jeden Sonntagmorgen man\u00f6vrieren die GiveLove Poop Pirates oder Komposttechniker ihren Wagen \u00fcber die beschwerlichen Wege von Kamwokya, Kampala, um die vollen Beh\u00e4lter von Trockentoiletten einzusammeln und sie durch saubere, leere zu ersetzen. Sie liefern auch S\u00e4gesp\u00e4ne, die schlechte Ger\u00fcche verhindern und Fliegen fernhalten. Die Beh\u00e4lter werden in die Hauptkompostieranlage gebracht,<span class=\"more-link\"><a href=\"https:\/\/holyshit.global\/de\/poop-pirates\/\">Read More &rarr;<\/a><\/span><\/p>\n","protected":false},"author":1,"featured_media":406,"parent":0,"menu_order":0,"comment_status":"closed","ping_status":"closed","template":"","meta":{"footnotes":""},"class_list":["entry","author-wzu2bwzu2bwzu2b","post-1269","page","type-page","status-publish","has-post-thumbnail"],"_links":{"self":[{"href":"https:\/\/holyshit.global\/de\/wp-json\/wp\/v2\/pages\/1269","targetHints":{"allow":["GET"]}}],"collection":[{"href":"https:\/\/holyshit.global\/de\/wp-json\/wp\/v2\/pages"}],"about":[{"href":"https:\/\/holyshit.global\/de\/wp-json\/wp\/v2\/types\/page"}],"author":[{"embeddable":true,"href":"https:\/\/holyshit.global\/de\/wp-json\/wp\/v2\/users\/1"}],"replies":[{"embeddable":true,"href":"https:\/\/holyshit.global\/de\/wp-json\/wp\/v2\/comments?post=1269"}],"version-history":[{"count":2,"href":"https:\/\/holyshit.global\/de\/wp-json\/wp\/v2\/pages\/1269\/revisions"}],"predecessor-version":[{"id":1876,"href":"https:\/\/holyshit.global\/de\/wp-json\/wp\/v2\/pages\/1269\/revisions\/1876"}],"wp:featuredmedia":[{"embeddable":true,"href":"https:\/\/holyshit.global\/de\/wp-json\/wp\/v2\/media\/406"}],"wp:attachment":[{"href":"https:\/\/holyshit.global\/de\/wp-json\/wp\/v2\/media?parent=1269"}],"curies":[{"name":"wp","href":"https:\/\/api.w.org\/{rel}","templated":true}]}}