{"id":1267,"date":"2023-03-28T14:08:27","date_gmt":"2023-03-28T13:08:27","guid":{"rendered":"https:\/\/holyshit.global\/planetarische-grenzen\/"},"modified":"2023-06-09T11:29:50","modified_gmt":"2023-06-09T10:29:50","slug":"planetarische-grenzen","status":"publish","type":"page","link":"https:\/\/holyshit.global\/de\/planetarische-grenzen\/","title":{"rendered":"Planetarische Grenzen"},"content":{"rendered":"\n<p class=\"has-medium-font-size\">Im Jahr 2009 definierte eine Gruppe von Wissenschaftlern unter der Leitung von Johan Rockstr\u00f6m in Schweden neun Grenzen, &#8222;innerhalb derer sich die Menschheit noch \u00fcber Generationen hinweg entwickeln und gedeihen kann&#8220;, solange wir sie nicht \u00fcberschreiten. Das ist im Wesentlichen das Konzept der planetarischen Grenzen.<\/p>\n\n\n\n<p class=\"has-medium-font-size\">Mit anderen Worten: Wachstum hat Grenzen und <strong>unser Planet ist ein lebendiger Organismus, der Leben nur erhalten kann, solange unsere menschlichen Aktivit\u00e4ten keine katastrophalen und irreparablen Folgen haben.<\/strong> <\/p>\n\n\n\n<p class=\"has-medium-font-size\">Wir haben die planetarische Grenze f\u00fcr die Produktion und Verwendung von Stickstoff und Phosphor weit \u00fcberschritten. Eine der Hauptursachen daf\u00fcr ist die moderne Landwirtschaft, die durch Stickstoff und Phosphor verursachte gro\u00dffl\u00e4chige Umweltver\u00e4nderungen hervorruft, die gro\u00dfe Sch\u00e4den verursachen und das Leben auf unserem Planeten gef\u00e4hrden. Das ist ein sehr guter Grund, unsere Exkremente als D\u00fcnger zu recyceln oder unsere F\u00e4kalien wieder dem Kreislauf zuzuf\u00fchren. Weitere Informationen \u00fcber planetarische Grenzen finden Sie auf <a rel=\"noreferrer noopener\" href=\"https:\/\/www.stockholmresilience.org\/research\/planetary-boundaries.html\" target=\"_blank\">dieser Website<\/a>. <\/p>\n\n\n\n<p class=\"has-medium-font-size\">Die folgende Grafik illustriert die neun planetarischen Grenzen und ihren aktuellen Stand. Im Rahmen der biogeochemischen Fl\u00fcsse stehen die Buchstaben P und N f\u00fcr Phosphor und Stickstoff.<\/p>\n\n\n\n<figure class=\"wp-block-image size-large\"><img loading=\"lazy\" decoding=\"async\" width=\"1007\" height=\"1024\" src=\"https:\/\/holyshit.global\/wp-content\/uploads\/2023\/03\/planterary-boundaries-vector-1007x1024.jpg\" alt=\"\" class=\"wp-image-858\" srcset=\"https:\/\/holyshit.global\/wp-content\/uploads\/2023\/03\/planterary-boundaries-vector-1007x1024.jpg 1007w, https:\/\/holyshit.global\/wp-content\/uploads\/2023\/03\/planterary-boundaries-vector-295x300.jpg 295w, https:\/\/holyshit.global\/wp-content\/uploads\/2023\/03\/planterary-boundaries-vector-768x781.jpg 768w, https:\/\/holyshit.global\/wp-content\/uploads\/2023\/03\/planterary-boundaries-vector-1511x1536.jpg 1511w, https:\/\/holyshit.global\/wp-content\/uploads\/2023\/03\/planterary-boundaries-vector-465x473.jpg 465w, https:\/\/holyshit.global\/wp-content\/uploads\/2023\/03\/planterary-boundaries-vector-492x500.jpg 492w, https:\/\/holyshit.global\/wp-content\/uploads\/2023\/03\/planterary-boundaries-vector.jpg 1575w\" sizes=\"auto, (max-width: 1007px) 100vw, 1007px\" \/><figcaption class=\"wp-element-caption\">(Quelle: J. Lokrantz\/Azote basierend auf Steffen et al. 2015.) <\/figcaption><\/figure>\n\n\n\n<div class=\"wp-block-buttons is-content-justification-center is-layout-flex wp-container-core-buttons-is-layout-16018d1d wp-block-buttons-is-layout-flex\">\n<div class=\"wp-block-button\"><a class=\"wp-block-button__link wp-element-button\" href=\"https:\/\/holyshit.global\/de\/caganer\/\">Vorherige<\/a><\/div>\n\n\n\n<div class=\"wp-block-button\"><a class=\"wp-block-button__link wp-element-button\" href=\"https:\/\/holyshit.global\/de\/ziele-fuer-nachhaltige-entwicklung\/\">N\u00e4chste<\/a><\/div>\n<\/div>\n","protected":false},"excerpt":{"rendered":"<p>Im Jahr 2009 definierte eine Gruppe von Wissenschaftlern unter der Leitung von Johan Rockstr\u00f6m in Schweden neun Grenzen, &#8222;innerhalb derer sich die Menschheit noch \u00fcber Generationen hinweg entwickeln und gedeihen kann&#8220;, solange wir sie nicht \u00fcberschreiten. Das ist im Wesentlichen das Konzept der planetarischen Grenzen. Mit anderen Worten: Wachstum hat<span class=\"more-link\"><a href=\"https:\/\/holyshit.global\/de\/planetarische-grenzen\/\">Read More &rarr;<\/a><\/span><\/p>\n","protected":false},"author":1,"featured_media":0,"parent":0,"menu_order":0,"comment_status":"closed","ping_status":"closed","template":"","meta":{"footnotes":""},"class_list":["entry","author-wzu2bwzu2bwzu2b","post-1267","page","type-page","status-publish"],"_links":{"self":[{"href":"https:\/\/holyshit.global\/de\/wp-json\/wp\/v2\/pages\/1267","targetHints":{"allow":["GET"]}}],"collection":[{"href":"https:\/\/holyshit.global\/de\/wp-json\/wp\/v2\/pages"}],"about":[{"href":"https:\/\/holyshit.global\/de\/wp-json\/wp\/v2\/types\/page"}],"author":[{"embeddable":true,"href":"https:\/\/holyshit.global\/de\/wp-json\/wp\/v2\/users\/1"}],"replies":[{"embeddable":true,"href":"https:\/\/holyshit.global\/de\/wp-json\/wp\/v2\/comments?post=1267"}],"version-history":[{"count":2,"href":"https:\/\/holyshit.global\/de\/wp-json\/wp\/v2\/pages\/1267\/revisions"}],"predecessor-version":[{"id":1951,"href":"https:\/\/holyshit.global\/de\/wp-json\/wp\/v2\/pages\/1267\/revisions\/1951"}],"wp:attachment":[{"href":"https:\/\/holyshit.global\/de\/wp-json\/wp\/v2\/media?parent=1267"}],"curies":[{"name":"wp","href":"https:\/\/api.w.org\/{rel}","templated":true}]}}