{"id":1264,"date":"2023-03-12T09:54:05","date_gmt":"2023-03-12T08:54:05","guid":{"rendered":"https:\/\/holyshit.global\/patrick-mavo\/"},"modified":"2023-06-07T16:39:42","modified_gmt":"2023-06-07T15:39:42","slug":"patrick-mavo","status":"publish","type":"page","link":"https:\/\/holyshit.global\/de\/patrick-mavo\/","title":{"rendered":"Patrick Mavo"},"content":{"rendered":"\n<p class=\"has-medium-font-size\">Patrick Mavo ist der Gr\u00fcnder des <a href=\"https:\/\/to.org\/grt\/\" target=\"_blank\" rel=\"noreferrer noopener\">Ghetto Research Lab (GRL)<\/a> in Kamwokya, dem gr\u00f6\u00dften Slum in Kampala, Uganda. F\u00fcr viele Einwohner ist GRL das Epizentrum der Ver\u00e4nderung, indem es neben Hygiene, Wassereinsparung, Aquaponik, Wiederverwendung von Plastik und mehr auch die Verwendung von kompostierten menschlichen Ausscheidungen aus Trockentoiletten f\u00f6rdert.<\/p>\n\n\n\n<p class=\"has-small-font-size\">Foto: \u00a92023 ThurnFilm\/Hajo Schomerus<\/p>\n\n\n\n<div class=\"wp-block-buttons is-content-justification-center is-layout-flex wp-container-core-buttons-is-layout-16018d1d wp-block-buttons-is-layout-flex\">\n<div class=\"wp-block-button\"><a class=\"wp-block-button__link wp-element-button\" href=\"https:\/\/holyshit.global\/de\/givelove\/\">Vorherige<\/a><\/div>\n\n\n\n<div class=\"wp-block-button\"><a class=\"wp-block-button__link wp-element-button\" href=\"https:\/\/holyshit.global\/de\/sabiiti-isaac\/\">N\u00e4chste<\/a><\/div>\n<\/div>\n","protected":false},"excerpt":{"rendered":"<p>Patrick Mavo ist der Gr\u00fcnder des Ghetto Research Lab (GRL) in Kamwokya, dem gr\u00f6\u00dften Slum in Kampala, Uganda. F\u00fcr viele Einwohner ist GRL das Epizentrum der Ver\u00e4nderung, indem es neben Hygiene, Wassereinsparung, Aquaponik, Wiederverwendung von Plastik und mehr auch die Verwendung von kompostierten menschlichen Ausscheidungen aus Trockentoiletten f\u00f6rdert. Foto: \u00a92023<span class=\"more-link\"><a href=\"https:\/\/holyshit.global\/de\/patrick-mavo\/\">Read More &rarr;<\/a><\/span><\/p>\n","protected":false},"author":1,"featured_media":391,"parent":0,"menu_order":0,"comment_status":"closed","ping_status":"closed","template":"","meta":{"footnotes":""},"class_list":["entry","author-wzu2bwzu2bwzu2b","post-1264","page","type-page","status-publish","has-post-thumbnail"],"_links":{"self":[{"href":"https:\/\/holyshit.global\/de\/wp-json\/wp\/v2\/pages\/1264","targetHints":{"allow":["GET"]}}],"collection":[{"href":"https:\/\/holyshit.global\/de\/wp-json\/wp\/v2\/pages"}],"about":[{"href":"https:\/\/holyshit.global\/de\/wp-json\/wp\/v2\/types\/page"}],"author":[{"embeddable":true,"href":"https:\/\/holyshit.global\/de\/wp-json\/wp\/v2\/users\/1"}],"replies":[{"embeddable":true,"href":"https:\/\/holyshit.global\/de\/wp-json\/wp\/v2\/comments?post=1264"}],"version-history":[{"count":2,"href":"https:\/\/holyshit.global\/de\/wp-json\/wp\/v2\/pages\/1264\/revisions"}],"predecessor-version":[{"id":1873,"href":"https:\/\/holyshit.global\/de\/wp-json\/wp\/v2\/pages\/1264\/revisions\/1873"}],"wp:featuredmedia":[{"embeddable":true,"href":"https:\/\/holyshit.global\/de\/wp-json\/wp\/v2\/media\/391"}],"wp:attachment":[{"href":"https:\/\/holyshit.global\/de\/wp-json\/wp\/v2\/media?parent=1264"}],"curies":[{"name":"wp","href":"https:\/\/api.w.org\/{rel}","templated":true}]}}