{"id":1262,"date":"2023-03-11T09:28:29","date_gmt":"2023-03-11T08:28:29","guid":{"rendered":"https:\/\/holyshit.global\/partner\/"},"modified":"2023-08-08T13:33:17","modified_gmt":"2023-08-08T12:33:17","slug":"partner","status":"publish","type":"page","link":"https:\/\/holyshit.global\/de\/partner\/","title":{"rendered":"Partner"},"content":{"rendered":"\n<p class=\"has-medium-font-size\">Partner sind Organisationen und Einzelpersonen, die unser Projekt unterst\u00fctzen und dasselbe Ziel verfolgen, n\u00e4mlich die Behandlung unserer Ausscheidungen als Ressource, aus der D\u00fcnger hergestellt, Energie erzeugt, Wasser gespart, die Umwelt gesch\u00fctzt und der Klimawandel abgefedert werden kann. Wir freuen uns, sie dabei zu haben.<\/p>\n\n<p class=\"has-small-font-size\">Foto \u00a9 2023 ThurnFilm\/Hajo Schomerus<\/p>\n\n<figure class=\"wp-block-gallery has-nested-images columns-default is-cropped has-accent-font-background-color has-background wp-block-gallery-1 is-layout-flex wp-block-gallery-is-layout-flex\">\n<figure class=\"wp-block-image size-full\"><a href=\"https:\/\/goldeimer.de\" target=\"_blank\" rel=\"noreferrer noopener\"><img loading=\"lazy\" decoding=\"async\" width=\"544\" height=\"544\" data-id=\"2173\" src=\"https:\/\/holyshit.global\/wp-content\/uploads\/2023\/07\/Goldeimer_Logo-420px_Fur-Wordpress-Angepasst-1-edited.png\" alt=\"\" class=\"wp-image-2173\" srcset=\"https:\/\/holyshit.global\/wp-content\/uploads\/2023\/07\/Goldeimer_Logo-420px_Fur-Wordpress-Angepasst-1-edited.png 544w, https:\/\/holyshit.global\/wp-content\/uploads\/2023\/07\/Goldeimer_Logo-420px_Fur-Wordpress-Angepasst-1-edited-300x300.png 300w, https:\/\/holyshit.global\/wp-content\/uploads\/2023\/07\/Goldeimer_Logo-420px_Fur-Wordpress-Angepasst-1-edited-150x150.png 150w, https:\/\/holyshit.global\/wp-content\/uploads\/2023\/07\/Goldeimer_Logo-420px_Fur-Wordpress-Angepasst-1-edited-465x465.png 465w, https:\/\/holyshit.global\/wp-content\/uploads\/2023\/07\/Goldeimer_Logo-420px_Fur-Wordpress-Angepasst-1-edited-500x500.png 500w\" sizes=\"auto, (max-width: 544px) 100vw, 544px\" \/><\/a><\/figure>\n\n\n\n<figure class=\"wp-block-image size-full\"><a href=\"https:\/\/www.netsan.org\/\" target=\"_blank\" rel=\"noopener\"><img loading=\"lazy\" decoding=\"async\" width=\"963\" height=\"947\" data-id=\"2110\" src=\"https:\/\/holyshit.global\/wp-content\/uploads\/2023\/07\/Netsan_small_Fur-Wordpress-angepasst-2.png\" alt=\"\" class=\"wp-image-2110\" srcset=\"https:\/\/holyshit.global\/wp-content\/uploads\/2023\/07\/Netsan_small_Fur-Wordpress-angepasst-2.png 963w, https:\/\/holyshit.global\/wp-content\/uploads\/2023\/07\/Netsan_small_Fur-Wordpress-angepasst-2-300x295.png 300w, https:\/\/holyshit.global\/wp-content\/uploads\/2023\/07\/Netsan_small_Fur-Wordpress-angepasst-2-768x755.png 768w, https:\/\/holyshit.global\/wp-content\/uploads\/2023\/07\/Netsan_small_Fur-Wordpress-angepasst-2-465x457.png 465w, https:\/\/holyshit.global\/wp-content\/uploads\/2023\/07\/Netsan_small_Fur-Wordpress-angepasst-2-508x500.png 508w\" sizes=\"auto, (max-width: 963px) 100vw, 963px\" \/><\/a><\/figure>\n\n\n\n<figure class=\"wp-block-image size-full\"><a href=\"https:\/\/givelove.org\/\" target=\"_blank\" rel=\"noopener\"><img loading=\"lazy\" decoding=\"async\" width=\"642\" height=\"593\" data-id=\"2119\" src=\"https:\/\/holyshit.global\/wp-content\/uploads\/2023\/07\/GiveLove-Logo-090719-80x30in_fur-Wordpress-angepasst.jpg\" alt=\"\" class=\"wp-image-2119\" srcset=\"https:\/\/holyshit.global\/wp-content\/uploads\/2023\/07\/GiveLove-Logo-090719-80x30in_fur-Wordpress-angepasst.jpg 642w, https:\/\/holyshit.global\/wp-content\/uploads\/2023\/07\/GiveLove-Logo-090719-80x30in_fur-Wordpress-angepasst-300x277.jpg 300w, https:\/\/holyshit.global\/wp-content\/uploads\/2023\/07\/GiveLove-Logo-090719-80x30in_fur-Wordpress-angepasst-465x430.jpg 465w, https:\/\/holyshit.global\/wp-content\/uploads\/2023\/07\/GiveLove-Logo-090719-80x30in_fur-Wordpress-angepasst-541x500.jpg 541w\" sizes=\"auto, (max-width: 642px) 100vw, 642px\" \/><\/a><\/figure>\n\n\n\n<figure class=\"wp-block-image size-large\"><a href=\"https:\/\/www.kompotoi.ch\/\" target=\"_blank\" rel=\"noopener\"><img loading=\"lazy\" decoding=\"async\" width=\"1024\" height=\"1024\" data-id=\"2128\" src=\"https:\/\/holyshit.global\/wp-content\/uploads\/2023\/07\/Logo-Quadrat_Herz-und-Schrift-Schwarz-1024x1024.png\" alt=\"\" class=\"wp-image-2128\" srcset=\"https:\/\/holyshit.global\/wp-content\/uploads\/2023\/07\/Logo-Quadrat_Herz-und-Schrift-Schwarz-1024x1024.png 1024w, https:\/\/holyshit.global\/wp-content\/uploads\/2023\/07\/Logo-Quadrat_Herz-und-Schrift-Schwarz-300x300.png 300w, https:\/\/holyshit.global\/wp-content\/uploads\/2023\/07\/Logo-Quadrat_Herz-und-Schrift-Schwarz-150x150.png 150w, https:\/\/holyshit.global\/wp-content\/uploads\/2023\/07\/Logo-Quadrat_Herz-und-Schrift-Schwarz-768x768.png 768w, https:\/\/holyshit.global\/wp-content\/uploads\/2023\/07\/Logo-Quadrat_Herz-und-Schrift-Schwarz-1536x1536.png 1536w, https:\/\/holyshit.global\/wp-content\/uploads\/2023\/07\/Logo-Quadrat_Herz-und-Schrift-Schwarz-465x465.png 465w, https:\/\/holyshit.global\/wp-content\/uploads\/2023\/07\/Logo-Quadrat_Herz-und-Schrift-Schwarz-500x500.png 500w, https:\/\/holyshit.global\/wp-content\/uploads\/2023\/07\/Logo-Quadrat_Herz-und-Schrift-Schwarz.png 2000w\" sizes=\"auto, (max-width: 1024px) 100vw, 1024px\" \/><\/a><\/figure>\n\n\n\n<figure class=\"wp-block-image size-full\"><a href=\"https:\/\/vuna.ch\/urin-recycling-technologie\/\" target=\"_blank\" rel=\"noopener\"><img loading=\"lazy\" decoding=\"async\" width=\"600\" height=\"600\" data-id=\"2134\" src=\"https:\/\/holyshit.global\/wp-content\/uploads\/2023\/07\/Vuna-logo-edited.png\" alt=\"\" class=\"wp-image-2134\" srcset=\"https:\/\/holyshit.global\/wp-content\/uploads\/2023\/07\/Vuna-logo-edited.png 600w, https:\/\/holyshit.global\/wp-content\/uploads\/2023\/07\/Vuna-logo-edited-300x300.png 300w, https:\/\/holyshit.global\/wp-content\/uploads\/2023\/07\/Vuna-logo-edited-150x150.png 150w, https:\/\/holyshit.global\/wp-content\/uploads\/2023\/07\/Vuna-logo-edited-465x465.png 465w, https:\/\/holyshit.global\/wp-content\/uploads\/2023\/07\/Vuna-logo-edited-500x500.png 500w\" sizes=\"auto, (max-width: 600px) 100vw, 600px\" \/><\/a><\/figure>\n\n\n\n<figure class=\"wp-block-image size-large\"><a href=\"https:\/\/finizio.de\/\" target=\"_blank\" rel=\"noopener\"><img loading=\"lazy\" decoding=\"async\" width=\"1024\" height=\"975\" data-id=\"2140\" src=\"https:\/\/holyshit.global\/wp-content\/uploads\/2023\/07\/FINIZIO-MARKE_X_RGB_PNG_Angepasst-Fur-Wordpress-1024x975.png\" alt=\"\" class=\"wp-image-2140\" srcset=\"https:\/\/holyshit.global\/wp-content\/uploads\/2023\/07\/FINIZIO-MARKE_X_RGB_PNG_Angepasst-Fur-Wordpress-1024x975.png 1024w, https:\/\/holyshit.global\/wp-content\/uploads\/2023\/07\/FINIZIO-MARKE_X_RGB_PNG_Angepasst-Fur-Wordpress-300x286.png 300w, https:\/\/holyshit.global\/wp-content\/uploads\/2023\/07\/FINIZIO-MARKE_X_RGB_PNG_Angepasst-Fur-Wordpress-768x731.png 768w, https:\/\/holyshit.global\/wp-content\/uploads\/2023\/07\/FINIZIO-MARKE_X_RGB_PNG_Angepasst-Fur-Wordpress-465x443.png 465w, https:\/\/holyshit.global\/wp-content\/uploads\/2023\/07\/FINIZIO-MARKE_X_RGB_PNG_Angepasst-Fur-Wordpress-525x500.png 525w, https:\/\/holyshit.global\/wp-content\/uploads\/2023\/07\/FINIZIO-MARKE_X_RGB_PNG_Angepasst-Fur-Wordpress.png 1422w\" sizes=\"auto, (max-width: 1024px) 100vw, 1024px\" \/><\/a><\/figure>\n\n\n\n<figure class=\"wp-block-image size-large\"><a href=\"https:\/\/zirkulierbar.de\/\" target=\"_blank\" rel=\"noopener\"><img loading=\"lazy\" decoding=\"async\" width=\"1024\" height=\"1024\" data-id=\"2125\" src=\"https:\/\/holyshit.global\/wp-content\/uploads\/2023\/07\/Zirkulierbar_Logo_mit-Slogan_RGB_Fur-Wordpress-Angepasst-edited-1024x1024.png\" alt=\"\" class=\"wp-image-2125\" srcset=\"https:\/\/holyshit.global\/wp-content\/uploads\/2023\/07\/Zirkulierbar_Logo_mit-Slogan_RGB_Fur-Wordpress-Angepasst-edited-1024x1024.png 1024w, https:\/\/holyshit.global\/wp-content\/uploads\/2023\/07\/Zirkulierbar_Logo_mit-Slogan_RGB_Fur-Wordpress-Angepasst-edited-300x300.png 300w, https:\/\/holyshit.global\/wp-content\/uploads\/2023\/07\/Zirkulierbar_Logo_mit-Slogan_RGB_Fur-Wordpress-Angepasst-edited-150x150.png 150w, https:\/\/holyshit.global\/wp-content\/uploads\/2023\/07\/Zirkulierbar_Logo_mit-Slogan_RGB_Fur-Wordpress-Angepasst-edited-768x768.png 768w, https:\/\/holyshit.global\/wp-content\/uploads\/2023\/07\/Zirkulierbar_Logo_mit-Slogan_RGB_Fur-Wordpress-Angepasst-edited-1536x1536.png 1536w, https:\/\/holyshit.global\/wp-content\/uploads\/2023\/07\/Zirkulierbar_Logo_mit-Slogan_RGB_Fur-Wordpress-Angepasst-edited-465x465.png 465w, https:\/\/holyshit.global\/wp-content\/uploads\/2023\/07\/Zirkulierbar_Logo_mit-Slogan_RGB_Fur-Wordpress-Angepasst-edited-500x500.png 500w, https:\/\/holyshit.global\/wp-content\/uploads\/2023\/07\/Zirkulierbar_Logo_mit-Slogan_RGB_Fur-Wordpress-Angepasst-edited.png 1812w\" sizes=\"auto, (max-width: 1024px) 100vw, 1024px\" \/><\/a><\/figure>\n\n\n\n<figure class=\"wp-block-image size-large\"><a href=\"https:\/\/eigenenergie.org\/uncategorized\/modell-green-line-fuer-wohnhaeuser-geht-an-den-start\/\" target=\"_blank\" rel=\"noopener\"><img loading=\"lazy\" decoding=\"async\" width=\"1024\" height=\"927\" data-id=\"2116\" src=\"https:\/\/holyshit.global\/wp-content\/uploads\/2023\/07\/Logo-EigenEnergie_Fur-Wordpress-angepasst-1-1024x927.jpg\" alt=\"\" class=\"wp-image-2116\" srcset=\"https:\/\/holyshit.global\/wp-content\/uploads\/2023\/07\/Logo-EigenEnergie_Fur-Wordpress-angepasst-1-1024x927.jpg 1024w, https:\/\/holyshit.global\/wp-content\/uploads\/2023\/07\/Logo-EigenEnergie_Fur-Wordpress-angepasst-1-300x271.jpg 300w, https:\/\/holyshit.global\/wp-content\/uploads\/2023\/07\/Logo-EigenEnergie_Fur-Wordpress-angepasst-1-768x695.jpg 768w, https:\/\/holyshit.global\/wp-content\/uploads\/2023\/07\/Logo-EigenEnergie_Fur-Wordpress-angepasst-1-465x421.jpg 465w, https:\/\/holyshit.global\/wp-content\/uploads\/2023\/07\/Logo-EigenEnergie_Fur-Wordpress-angepasst-1-553x500.jpg 553w, https:\/\/holyshit.global\/wp-content\/uploads\/2023\/07\/Logo-EigenEnergie_Fur-Wordpress-angepasst-1.jpg 1534w\" sizes=\"auto, (max-width: 1024px) 100vw, 1024px\" \/><\/a><\/figure>\n\n\n\n<figure class=\"wp-block-image size-large\"><a href=\"https:\/\/xn--abruaandmusgrave-9tb.com\/\" target=\"_blank\" rel=\"noopener\"><img loading=\"lazy\" decoding=\"async\" width=\"1024\" height=\"962\" data-id=\"2143\" src=\"https:\/\/holyshit.global\/wp-content\/uploads\/2023\/07\/Abruna-Musgrave_Fur-Wordpress-Angepasst-1024x962.png\" alt=\"\" class=\"wp-image-2143\" srcset=\"https:\/\/holyshit.global\/wp-content\/uploads\/2023\/07\/Abruna-Musgrave_Fur-Wordpress-Angepasst-1024x962.png 1024w, https:\/\/holyshit.global\/wp-content\/uploads\/2023\/07\/Abruna-Musgrave_Fur-Wordpress-Angepasst-300x282.png 300w, https:\/\/holyshit.global\/wp-content\/uploads\/2023\/07\/Abruna-Musgrave_Fur-Wordpress-Angepasst-768x722.png 768w, https:\/\/holyshit.global\/wp-content\/uploads\/2023\/07\/Abruna-Musgrave_Fur-Wordpress-Angepasst-1536x1443.png 1536w, https:\/\/holyshit.global\/wp-content\/uploads\/2023\/07\/Abruna-Musgrave_Fur-Wordpress-Angepasst-465x437.png 465w, https:\/\/holyshit.global\/wp-content\/uploads\/2023\/07\/Abruna-Musgrave_Fur-Wordpress-Angepasst-532x500.png 532w, https:\/\/holyshit.global\/wp-content\/uploads\/2023\/07\/Abruna-Musgrave_Fur-Wordpress-Angepasst.png 1820w\" sizes=\"auto, (max-width: 1024px) 100vw, 1024px\" \/><\/a><\/figure>\n\n\n\n<figure class=\"wp-block-image size-full\"><a href=\"http:\/\/sciencewalden.org\/en\" target=\"_blank\" rel=\"noopener\"><img loading=\"lazy\" decoding=\"async\" width=\"332\" height=\"330\" data-id=\"2047\" src=\"https:\/\/holyshit.global\/wp-content\/uploads\/2023\/07\/Ulsan-National-Institute-of-Science-and-Technology.jpeg\" alt=\"\" class=\"wp-image-2047\" srcset=\"https:\/\/holyshit.global\/wp-content\/uploads\/2023\/07\/Ulsan-National-Institute-of-Science-and-Technology.jpeg 332w, https:\/\/holyshit.global\/wp-content\/uploads\/2023\/07\/Ulsan-National-Institute-of-Science-and-Technology-300x298.jpeg 300w, https:\/\/holyshit.global\/wp-content\/uploads\/2023\/07\/Ulsan-National-Institute-of-Science-and-Technology-150x150.jpeg 150w\" sizes=\"auto, (max-width: 332px) 100vw, 332px\" \/><\/a><\/figure>\n\n\n\n<figure class=\"wp-block-image size-full\"><a href=\"https:\/\/www.missoir.de\/\" target=\"_blank\" rel=\"noopener\"><img loading=\"lazy\" decoding=\"async\" width=\"512\" height=\"512\" data-id=\"2044\" src=\"https:\/\/holyshit.global\/wp-content\/uploads\/2023\/07\/Missoirlila.png\" alt=\"\" class=\"wp-image-2044\" srcset=\"https:\/\/holyshit.global\/wp-content\/uploads\/2023\/07\/Missoirlila.png 512w, https:\/\/holyshit.global\/wp-content\/uploads\/2023\/07\/Missoirlila-300x300.png 300w, https:\/\/holyshit.global\/wp-content\/uploads\/2023\/07\/Missoirlila-150x150.png 150w, https:\/\/holyshit.global\/wp-content\/uploads\/2023\/07\/Missoirlila-465x465.png 465w, https:\/\/holyshit.global\/wp-content\/uploads\/2023\/07\/Missoirlila-500x500.png 500w\" sizes=\"auto, (max-width: 512px) 100vw, 512px\" \/><\/a><\/figure>\n\n\n\n<figure class=\"wp-block-image size-large\"><a href=\"https:\/\/www.cooperative-equilibre.ch\/\" target=\"_blank\" rel=\"noopener\"><img loading=\"lazy\" decoding=\"async\" width=\"842\" height=\"842\" data-id=\"2179\" src=\"https:\/\/holyshit.global\/wp-content\/uploads\/2023\/07\/equilibre-logo-fond-transparent_Angepasst-fur-Wordpress-edited.png\" alt=\"\" class=\"wp-image-2179\" srcset=\"https:\/\/holyshit.global\/wp-content\/uploads\/2023\/07\/equilibre-logo-fond-transparent_Angepasst-fur-Wordpress-edited.png 842w, https:\/\/holyshit.global\/wp-content\/uploads\/2023\/07\/equilibre-logo-fond-transparent_Angepasst-fur-Wordpress-edited-300x300.png 300w, https:\/\/holyshit.global\/wp-content\/uploads\/2023\/07\/equilibre-logo-fond-transparent_Angepasst-fur-Wordpress-edited-150x150.png 150w, https:\/\/holyshit.global\/wp-content\/uploads\/2023\/07\/equilibre-logo-fond-transparent_Angepasst-fur-Wordpress-edited-768x768.png 768w, https:\/\/holyshit.global\/wp-content\/uploads\/2023\/07\/equilibre-logo-fond-transparent_Angepasst-fur-Wordpress-edited-465x465.png 465w, https:\/\/holyshit.global\/wp-content\/uploads\/2023\/07\/equilibre-logo-fond-transparent_Angepasst-fur-Wordpress-edited-500x500.png 500w\" sizes=\"auto, (max-width: 842px) 100vw, 842px\" \/><\/a><\/figure>\n\n\n\n<figure class=\"wp-block-image size-large\"><a href=\"https:\/\/wirtschaft-ziegelhuette.ch\/\" target=\"_blank\" rel=\"noopener\"><img loading=\"lazy\" decoding=\"async\" width=\"1018\" height=\"1024\" data-id=\"2146\" src=\"https:\/\/holyshit.global\/wp-content\/uploads\/2023\/07\/Logo_Ziegelhuette_Fur-Wordpress-Angepasst-1018x1024.png\" alt=\"\" class=\"wp-image-2146\" srcset=\"https:\/\/holyshit.global\/wp-content\/uploads\/2023\/07\/Logo_Ziegelhuette_Fur-Wordpress-Angepasst-1018x1024.png 1018w, https:\/\/holyshit.global\/wp-content\/uploads\/2023\/07\/Logo_Ziegelhuette_Fur-Wordpress-Angepasst-298x300.png 298w, https:\/\/holyshit.global\/wp-content\/uploads\/2023\/07\/Logo_Ziegelhuette_Fur-Wordpress-Angepasst-150x150.png 150w, https:\/\/holyshit.global\/wp-content\/uploads\/2023\/07\/Logo_Ziegelhuette_Fur-Wordpress-Angepasst-768x772.png 768w, https:\/\/holyshit.global\/wp-content\/uploads\/2023\/07\/Logo_Ziegelhuette_Fur-Wordpress-Angepasst-1527x1536.png 1527w, https:\/\/holyshit.global\/wp-content\/uploads\/2023\/07\/Logo_Ziegelhuette_Fur-Wordpress-Angepasst-2037x2048.png 2037w, https:\/\/holyshit.global\/wp-content\/uploads\/2023\/07\/Logo_Ziegelhuette_Fur-Wordpress-Angepasst-465x468.png 465w, https:\/\/holyshit.global\/wp-content\/uploads\/2023\/07\/Logo_Ziegelhuette_Fur-Wordpress-Angepasst-497x500.png 497w\" sizes=\"auto, (max-width: 1018px) 100vw, 1018px\" \/><\/a><\/figure>\n\n\n\n<figure class=\"wp-block-image size-large\"><a href=\"https:\/\/heads.ch\/en\/\" target=\"_blank\" rel=\"noopener\"><img loading=\"lazy\" decoding=\"async\" width=\"1024\" height=\"1019\" data-id=\"2188\" src=\"https:\/\/holyshit.global\/wp-content\/uploads\/2023\/07\/heads_logo_Fur-Wordpress-Angepasst-1024x1019.png\" alt=\"\" class=\"wp-image-2188\" srcset=\"https:\/\/holyshit.global\/wp-content\/uploads\/2023\/07\/heads_logo_Fur-Wordpress-Angepasst-1024x1019.png 1024w, https:\/\/holyshit.global\/wp-content\/uploads\/2023\/07\/heads_logo_Fur-Wordpress-Angepasst-300x300.png 300w, https:\/\/holyshit.global\/wp-content\/uploads\/2023\/07\/heads_logo_Fur-Wordpress-Angepasst-150x150.png 150w, https:\/\/holyshit.global\/wp-content\/uploads\/2023\/07\/heads_logo_Fur-Wordpress-Angepasst-768x764.png 768w, https:\/\/holyshit.global\/wp-content\/uploads\/2023\/07\/heads_logo_Fur-Wordpress-Angepasst-1536x1529.png 1536w, https:\/\/holyshit.global\/wp-content\/uploads\/2023\/07\/heads_logo_Fur-Wordpress-Angepasst-2048x2038.png 2048w, https:\/\/holyshit.global\/wp-content\/uploads\/2023\/07\/heads_logo_Fur-Wordpress-Angepasst-465x463.png 465w, https:\/\/holyshit.global\/wp-content\/uploads\/2023\/07\/heads_logo_Fur-Wordpress-Angepasst-502x500.png 502w\" sizes=\"auto, (max-width: 1024px) 100vw, 1024px\" \/><\/a><\/figure>\n\n\n\n<figure class=\"wp-block-image size-large\"><a href=\"https:\/\/psychotherapieglattal.ch\/\" target=\"_blank\" rel=\"noopener\"><img loading=\"lazy\" decoding=\"async\" width=\"518\" height=\"519\" data-id=\"2291\" src=\"https:\/\/holyshit.global\/wp-content\/uploads\/2023\/07\/Petra-Meyer-Logo-3.jpg\" alt=\"\" class=\"wp-image-2291\" srcset=\"https:\/\/holyshit.global\/wp-content\/uploads\/2023\/07\/Petra-Meyer-Logo-3.jpg 518w, https:\/\/holyshit.global\/wp-content\/uploads\/2023\/07\/Petra-Meyer-Logo-3-300x300.jpg 300w, https:\/\/holyshit.global\/wp-content\/uploads\/2023\/07\/Petra-Meyer-Logo-3-150x150.jpg 150w, https:\/\/holyshit.global\/wp-content\/uploads\/2023\/07\/Petra-Meyer-Logo-3-465x466.jpg 465w, https:\/\/holyshit.global\/wp-content\/uploads\/2023\/07\/Petra-Meyer-Logo-3-499x500.jpg 499w\" sizes=\"auto, (max-width: 518px) 100vw, 518px\" \/><\/a><\/figure>\n<\/figure>\n\n<h3 class=\"wp-block-heading alignwide\">            <a href=\"https:\/\/www.eomega.org\/\" target=\"_blank\" rel=\"noreferrer noopener\">Omega Institute<\/a>               |            <a href=\"https:\/\/to.org\/grt\/\" target=\"_blank\" rel=\"noreferrer noopener\">Ghetto Research Lab<\/a>              |               <a href=\"https:\/\/dycle.org\/de\" target=\"_blank\" rel=\"noopener\">Dycle<\/a><\/h3>\n\n<h3 class=\"wp-block-heading alignwide\">    <a href=\"https:\/\/worldtoilet.org\/\" target=\"_blank\" rel=\"noreferrer noopener\">World Toilet Organization<\/a>       |        <a href=\"https:\/\/sewagesludgeactionnetwork.com\/\" target=\"_blank\" rel=\"noreferrer noopener\">Sewage Sludge Action Network<\/a>            |          <a href=\"https:\/\/www.naturalevent.com.au\/\" target=\"_blank\" rel=\"noreferrer noopener\">Natural Event<\/a><\/h3>\n\n<h3 class=\"wp-block-heading alignwide\">             <a href=\"https:\/\/www.compostera.eu\/\" target=\"_blank\" rel=\"noreferrer noopener\">CompostEra<\/a>                     |                 <a href=\"https:\/\/www.hamburgwasser.de\/startseite\" target=\"_blank\" rel=\"noreferrer noopener\">Hamburg Wasser<\/a><\/h3>\n\n<h3 class=\"wp-block-heading alignwide\">           <a href=\"https:\/\/www.kenyaconnect.org\/\" target=\"_blank\" rel=\"noreferrer noopener\">Kenya Connect<\/a>                  |                 <a href=\"https:\/\/compostpowernyc.org\/\" target=\"_blank\" rel=\"noreferrer noopener\">Compost Power<\/a>                 |                <a href=\"https:\/\/www.museodellamerda.org\/\" target=\"_blank\" rel=\"noreferrer noopener\">Museo della Merda<\/a><\/h3>\n\n<p><\/p>\n","protected":false},"excerpt":{"rendered":"<p>Partner sind Organisationen und Einzelpersonen, die unser Projekt unterst\u00fctzen und dasselbe Ziel verfolgen, n\u00e4mlich die Behandlung unserer Ausscheidungen als Ressource, aus der D\u00fcnger hergestellt, Energie erzeugt, Wasser gespart, die Umwelt gesch\u00fctzt und der Klimawandel abgefedert werden kann. Wir freuen uns, sie dabei zu haben. Foto \u00a9 2023 ThurnFilm\/Hajo Schomerus Omega<span class=\"more-link\"><a href=\"https:\/\/holyshit.global\/de\/partner\/\">Read More &rarr;<\/a><\/span><\/p>\n","protected":false},"author":1,"featured_media":892,"parent":0,"menu_order":0,"comment_status":"closed","ping_status":"closed","template":"","meta":{"footnotes":""},"class_list":["entry","author-wzu2bwzu2bwzu2b","post-1262","page","type-page","status-publish","has-post-thumbnail"],"_links":{"self":[{"href":"https:\/\/holyshit.global\/de\/wp-json\/wp\/v2\/pages\/1262","targetHints":{"allow":["GET"]}}],"collection":[{"href":"https:\/\/holyshit.global\/de\/wp-json\/wp\/v2\/pages"}],"about":[{"href":"https:\/\/holyshit.global\/de\/wp-json\/wp\/v2\/types\/page"}],"author":[{"embeddable":true,"href":"https:\/\/holyshit.global\/de\/wp-json\/wp\/v2\/users\/1"}],"replies":[{"embeddable":true,"href":"https:\/\/holyshit.global\/de\/wp-json\/wp\/v2\/comments?post=1262"}],"version-history":[{"count":16,"href":"https:\/\/holyshit.global\/de\/wp-json\/wp\/v2\/pages\/1262\/revisions"}],"predecessor-version":[{"id":2310,"href":"https:\/\/holyshit.global\/de\/wp-json\/wp\/v2\/pages\/1262\/revisions\/2310"}],"wp:featuredmedia":[{"embeddable":true,"href":"https:\/\/holyshit.global\/de\/wp-json\/wp\/v2\/media\/892"}],"wp:attachment":[{"href":"https:\/\/holyshit.global\/de\/wp-json\/wp\/v2\/media?parent=1262"}],"curies":[{"name":"wp","href":"https:\/\/api.w.org\/{rel}","templated":true}]}}