{"id":1254,"date":"2023-04-05T11:24:52","date_gmt":"2023-04-05T10:24:52","guid":{"rendered":"https:\/\/holyshit.global\/latrinalia\/"},"modified":"2023-06-09T11:38:36","modified_gmt":"2023-06-09T10:38:36","slug":"latrinalia","status":"publish","type":"page","link":"https:\/\/holyshit.global\/de\/latrinalia\/","title":{"rendered":"Latrinalia"},"content":{"rendered":"\n<p class=\"has-medium-font-size\">Latrinalia oder Toilettengraffiti ist fast so alt wie der Akt der Def\u00e4kation selbst. Manchmal ist es vulg\u00e4r und kindisch, manchmal aber auch witzig und philosophisch. <\/p>\n\n\n\n<p class=\"has-medium-font-size\"> Hast du einen Spruch? Willst du ihn teilen? Schick ihn uns \u00fcber unsere Kontaktseite. Wenn du es uns erlaubst, werden wir ihn dann ver\u00f6ffentlichen.<\/p>\n\n\n\n<p class=\"has-medium-font-size\">Hier ist eine kurze Zusammenfassung<\/p>\n\n\n\n<ul class=\"has-medium-font-size wp-block-list\">\n<li><em>Stercus cuique suum bene olet. <\/em><br>Jedem riecht sein eigener Mist gut. <br>Ein altes r\u00f6misches Sprichwort.<\/li>\n\n\n\n<li><em>Si desit stramen, cum digito terge Feramen.<\/em><br>Findest du kein Gras und kein Blatt, wisch dir den Arsch mit dem Finger ab.<br>Geschrieben in einem Moorhaus in Ipswich, um 1730.<\/li>\n\n\n\n<li>&#8222;An diesem Ort will ich nicht gerne sein. Der Sitz ist zu hoch und das Loch ist zu klein&#8220;! <br>Darunter steht geschrieben: <br>&#8222;Da bleibt mir eine Antwort blo\u00df: Deine Beine sind zu kurz und dein Hintern zu gro\u00df&#8220;.<\/li>\n\n\n\n<li>Zwar kein Klospruch, k\u00f6nnte aber einer sein.<br><em>Inter urinas et faeces nascimur. <\/em><br>Wir werden zwischen Urin und F\u00e4zes geboren.<br>St. Augustin. 4. Jahrhundert<\/li>\n\n\n\n<li>Gut geschissen ist wie halb gefickt.<\/li>\n\n\n\n<li>Bin ich eine Kreatur der Natur oder ein Produkt der Zivilisation?<\/li>\n\n\n\n<li>Dies ist der Ort, an dem man schei\u00dft, was man am Tag zuvor gegessen hat.<br>Lobet den Herren, dass wir nicht essen m\u00fcssen, was wir am Tag zuvor geschissen haben.<\/li>\n\n\n\n<li>Was Essen f\u00fcr den Mund ist, ist Schei\u00dfe f\u00fcr den Arsch.<\/li>\n<\/ul>\n\n\n\n<div class=\"wp-block-buttons is-content-justification-center is-layout-flex wp-container-core-buttons-is-layout-16018d1d wp-block-buttons-is-layout-flex\">\n<div class=\"wp-block-button\"><a class=\"wp-block-button__link wp-element-button\" href=\"https:\/\/holyshit.global\/de\/scheisse-medizin\/\">Vorherige<\/a><\/div>\n\n\n\n<div class=\"wp-block-button\"><a class=\"wp-block-button__link wp-element-button\" href=\"https:\/\/holyshit.global\/de\/scheisse-als-gold\/\">N\u00e4chste<\/a><\/div>\n<\/div>\n","protected":false},"excerpt":{"rendered":"<p>Latrinalia oder Toilettengraffiti ist fast so alt wie der Akt der Def\u00e4kation selbst. Manchmal ist es vulg\u00e4r und kindisch, manchmal aber auch witzig und philosophisch. Hast du einen Spruch? Willst du ihn teilen? Schick ihn uns \u00fcber unsere Kontaktseite. Wenn du es uns erlaubst, werden wir ihn dann ver\u00f6ffentlichen. Hier<span class=\"more-link\"><a href=\"https:\/\/holyshit.global\/de\/latrinalia\/\">Read More &rarr;<\/a><\/span><\/p>\n","protected":false},"author":1,"featured_media":1114,"parent":0,"menu_order":0,"comment_status":"closed","ping_status":"closed","template":"","meta":{"footnotes":""},"class_list":["entry","author-wzu2bwzu2bwzu2b","post-1254","page","type-page","status-publish","has-post-thumbnail"],"_links":{"self":[{"href":"https:\/\/holyshit.global\/de\/wp-json\/wp\/v2\/pages\/1254","targetHints":{"allow":["GET"]}}],"collection":[{"href":"https:\/\/holyshit.global\/de\/wp-json\/wp\/v2\/pages"}],"about":[{"href":"https:\/\/holyshit.global\/de\/wp-json\/wp\/v2\/types\/page"}],"author":[{"embeddable":true,"href":"https:\/\/holyshit.global\/de\/wp-json\/wp\/v2\/users\/1"}],"replies":[{"embeddable":true,"href":"https:\/\/holyshit.global\/de\/wp-json\/wp\/v2\/comments?post=1254"}],"version-history":[{"count":2,"href":"https:\/\/holyshit.global\/de\/wp-json\/wp\/v2\/pages\/1254\/revisions"}],"predecessor-version":[{"id":1959,"href":"https:\/\/holyshit.global\/de\/wp-json\/wp\/v2\/pages\/1254\/revisions\/1959"}],"wp:featuredmedia":[{"embeddable":true,"href":"https:\/\/holyshit.global\/de\/wp-json\/wp\/v2\/media\/1114"}],"wp:attachment":[{"href":"https:\/\/holyshit.global\/de\/wp-json\/wp\/v2\/media?parent=1254"}],"curies":[{"name":"wp","href":"https:\/\/api.w.org\/{rel}","templated":true}]}}