{"id":1252,"date":"2023-03-27T13:50:47","date_gmt":"2023-03-27T12:50:47","guid":{"rendered":"https:\/\/holyshit.global\/kailash-ecovillage\/"},"modified":"2023-06-09T11:31:51","modified_gmt":"2023-06-09T10:31:51","slug":"kailash-ecovillage","status":"publish","type":"page","link":"https:\/\/holyshit.global\/de\/kailash-ecovillage\/","title":{"rendered":"Kailash Ecovillage"},"content":{"rendered":"\n<p class=\"has-medium-font-size\">Ich erfuhr zum ersten Mal vom <strong><a rel=\"noreferrer noopener\" href=\"https:\/\/www.kailashecovillage.org\/ecologicalsanitation\" target=\"_blank\">Kailash Ecovillage<\/a><\/strong>, als ich 2018 seinen Direktor, Dr. Ole Ersson, w\u00e4hrend der Trockentoilettenkonferenz in Tampere, Finnland, traf. Das nachhaltige Wohnbauprojekt in Portland, Oregon, hat bewiesen, dass eine <strong>auf Containern basierende Abwasserentsorgung mit Trockenkomposttoiletten und Urinableitungstoiletten in einem st\u00e4dtischen Umfeld erfolgreich umgesetzt<\/strong> werden und gleichzeitig die internationalen Sanit\u00e4rstandards erf\u00fcllen kann. <\/p>\n\n\n\n<p class=\"has-medium-font-size\">Nach dem Vorbild von Joe Jenkins, dem Autor von The Humanure Handbook, kompostiert ihr System menschliche Ausscheidungen und verwendet Urin zur Herstellung von reichhaltigem Humusd\u00fcnger, der in ihrem Gemeinschaftsgarten verwendet wird. Es reduziert den Bedarf an kommunalem Wasser und Abwasserkan\u00e4len, gewinnt Stickstoff und andere N\u00e4hrstoffe zur\u00fcck, spart Trinkwasser und bindet durch die Schaffung von Mutterboden in erheblichem Umfang Kohlenstoff.<\/p>\n\n\n\n<p class=\"has-medium-font-size\">Der 22-seitige Artikel mit dem Titel <a rel=\"noreferrer noopener\" href=\"https:\/\/www.dropbox.com\/s\/wn3ur104d6l0asr\/The%20Kailash%20Ecovillage%20project%20converting%20human%20excreta%20into%20organic%20foodstuffs%20and%20sanitized%20compost.pdf?dl=1\" target=\"_blank\">&#8222;The Kailash Ecovillage project converting human excreta into organic foodstuffs and sanitized compost using new international building codes for compost toilet and urine diversion systems&#8220;<\/a> (Das Kailash-\u00d6kodorf-Projekt zur Umwandlung menschlicher Ausscheidungen in organische Lebensmittel und hygienischen Kompost unter Anwendung neuer internationaler Bauvorschriften f\u00fcr Komposttoiletten und Urinableitungssysteme) erl\u00e4utert ausf\u00fchrlich die praktischen und wissenschaftlichen Aspekte des Systems. Er wurde von O. Ersson und K. King verfasst und in Blue-Green Systems der International Water Association (IWA) ver\u00f6ffentlicht. <\/p>\n\n\n\n<div class=\"wp-block-buttons is-content-justification-center is-layout-flex wp-container-core-buttons-is-layout-16018d1d wp-block-buttons-is-layout-flex\">\n<div class=\"wp-block-button\"><a class=\"wp-block-button__link wp-element-button\" href=\"https:\/\/holyshit.global\/de\/din-spec-91421\/\">Vorherige<\/a><\/div>\n\n\n\n<div class=\"wp-block-button\"><a class=\"wp-block-button__link wp-element-button\" href=\"https:\/\/holyshit.global\/de\/reduzierung-der-ammoniakverfluechtigung-aus-udf\/\">N\u00e4chste<\/a><\/div>\n<\/div>\n","protected":false},"excerpt":{"rendered":"<p>Ich erfuhr zum ersten Mal vom Kailash Ecovillage, als ich 2018 seinen Direktor, Dr. Ole Ersson, w\u00e4hrend der Trockentoilettenkonferenz in Tampere, Finnland, traf. Das nachhaltige Wohnbauprojekt in Portland, Oregon, hat bewiesen, dass eine auf Containern basierende Abwasserentsorgung mit Trockenkomposttoiletten und Urinableitungstoiletten in einem st\u00e4dtischen Umfeld erfolgreich umgesetzt werden und gleichzeitig<span class=\"more-link\"><a href=\"https:\/\/holyshit.global\/de\/kailash-ecovillage\/\">Read More &rarr;<\/a><\/span><\/p>\n","protected":false},"author":1,"featured_media":730,"parent":0,"menu_order":0,"comment_status":"closed","ping_status":"closed","template":"","meta":{"footnotes":""},"class_list":["entry","author-wzu2bwzu2bwzu2b","post-1252","page","type-page","status-publish","has-post-thumbnail"],"_links":{"self":[{"href":"https:\/\/holyshit.global\/de\/wp-json\/wp\/v2\/pages\/1252","targetHints":{"allow":["GET"]}}],"collection":[{"href":"https:\/\/holyshit.global\/de\/wp-json\/wp\/v2\/pages"}],"about":[{"href":"https:\/\/holyshit.global\/de\/wp-json\/wp\/v2\/types\/page"}],"author":[{"embeddable":true,"href":"https:\/\/holyshit.global\/de\/wp-json\/wp\/v2\/users\/1"}],"replies":[{"embeddable":true,"href":"https:\/\/holyshit.global\/de\/wp-json\/wp\/v2\/comments?post=1252"}],"version-history":[{"count":2,"href":"https:\/\/holyshit.global\/de\/wp-json\/wp\/v2\/pages\/1252\/revisions"}],"predecessor-version":[{"id":1954,"href":"https:\/\/holyshit.global\/de\/wp-json\/wp\/v2\/pages\/1252\/revisions\/1954"}],"wp:featuredmedia":[{"embeddable":true,"href":"https:\/\/holyshit.global\/de\/wp-json\/wp\/v2\/media\/730"}],"wp:attachment":[{"href":"https:\/\/holyshit.global\/de\/wp-json\/wp\/v2\/media?parent=1252"}],"curies":[{"name":"wp","href":"https:\/\/api.w.org\/{rel}","templated":true}]}}