{"id":1250,"date":"2023-03-13T15:18:07","date_gmt":"2023-03-13T14:18:07","guid":{"rendered":"https:\/\/holyshit.global\/jenfelder-au-hamburg-wasser\/"},"modified":"2023-06-07T16:45:52","modified_gmt":"2023-06-07T15:45:52","slug":"jenfelder-au-hamburg-wasser","status":"publish","type":"page","link":"https:\/\/holyshit.global\/de\/jenfelder-au-hamburg-wasser\/","title":{"rendered":"Jenfelder Au\/Hamburg Wasser"},"content":{"rendered":"\n<p class=\"has-medium-font-size\">Die Hamburger Wasserversorgung entwickelte den Hamburger Wasserkreislauf in der Jenfelder Au, wo Vakuumtoiletten das Abwasser in ein lokales System leiten, das es in einem Fermenter in Energie und D\u00fcnger umwandelt, ohne den herk\u00f6mmlichen Kl\u00e4rprozess zu durchlaufen. Das gesamte Wasser wird wiederverwendet oder den Grundwasserleitern zugef\u00fchrt. Die Anlage wird die Ausscheidungen von 2000 Menschen in \u00fcber 800 Wohnungen aufnehmen und ist damit die gr\u00f6\u00dfte ihrer Art in Europa.<\/p>\n\n\n\n<p class=\"has-small-font-size\">Foto \u00a92023 ThurnFilm\/Hajo Schomerus<\/p>\n\n\n\n<div class=\"wp-block-buttons is-content-justification-center is-layout-flex wp-container-core-buttons-is-layout-16018d1d wp-block-buttons-is-layout-flex\">\n<div class=\"wp-block-button\"><a class=\"wp-block-button__link wp-element-button\" href=\"https:\/\/holyshit.global\/de\/equilibre-cooperative\/\">Vorherige<\/a><\/div>\n\n\n\n<div class=\"wp-block-button\"><a class=\"wp-block-button__link wp-element-button\" href=\"https:\/\/holyshit.global\/de\/finizio-florian-augustin\/\">N\u00e4chste<\/a><\/div>\n<\/div>\n","protected":false},"excerpt":{"rendered":"<p>Die Hamburger Wasserversorgung entwickelte den Hamburger Wasserkreislauf in der Jenfelder Au, wo Vakuumtoiletten das Abwasser in ein lokales System leiten, das es in einem Fermenter in Energie und D\u00fcnger umwandelt, ohne den herk\u00f6mmlichen Kl\u00e4rprozess zu durchlaufen. Das gesamte Wasser wird wiederverwendet oder den Grundwasserleitern zugef\u00fchrt. Die Anlage wird die Ausscheidungen<span class=\"more-link\"><a href=\"https:\/\/holyshit.global\/de\/jenfelder-au-hamburg-wasser\/\">Read More &rarr;<\/a><\/span><\/p>\n","protected":false},"author":1,"featured_media":439,"parent":0,"menu_order":0,"comment_status":"closed","ping_status":"closed","template":"","meta":{"footnotes":""},"class_list":["entry","author-wzu2bwzu2bwzu2b","post-1250","page","type-page","status-publish","has-post-thumbnail"],"_links":{"self":[{"href":"https:\/\/holyshit.global\/de\/wp-json\/wp\/v2\/pages\/1250","targetHints":{"allow":["GET"]}}],"collection":[{"href":"https:\/\/holyshit.global\/de\/wp-json\/wp\/v2\/pages"}],"about":[{"href":"https:\/\/holyshit.global\/de\/wp-json\/wp\/v2\/types\/page"}],"author":[{"embeddable":true,"href":"https:\/\/holyshit.global\/de\/wp-json\/wp\/v2\/users\/1"}],"replies":[{"embeddable":true,"href":"https:\/\/holyshit.global\/de\/wp-json\/wp\/v2\/comments?post=1250"}],"version-history":[{"count":2,"href":"https:\/\/holyshit.global\/de\/wp-json\/wp\/v2\/pages\/1250\/revisions"}],"predecessor-version":[{"id":1880,"href":"https:\/\/holyshit.global\/de\/wp-json\/wp\/v2\/pages\/1250\/revisions\/1880"}],"wp:featuredmedia":[{"embeddable":true,"href":"https:\/\/holyshit.global\/de\/wp-json\/wp\/v2\/media\/439"}],"wp:attachment":[{"href":"https:\/\/holyshit.global\/de\/wp-json\/wp\/v2\/media?parent=1250"}],"curies":[{"name":"wp","href":"https:\/\/api.w.org\/{rel}","templated":true}]}}