{"id":1247,"date":"2023-03-12T14:20:56","date_gmt":"2023-03-12T13:20:56","guid":{"rendered":"https:\/\/holyshit.global\/hamish-skermer\/"},"modified":"2023-06-07T16:43:40","modified_gmt":"2023-06-07T15:43:40","slug":"hamish-skermer","status":"publish","type":"page","link":"https:\/\/holyshit.global\/de\/hamish-skermer\/","title":{"rendered":"Hamish Skermer"},"content":{"rendered":"\n<p class=\"has-medium-font-size\">Der Pionier und Entrepooneur Hamish Skermer ist Gr\u00fcnder von <a href=\"https:\/\/www.naturalevent.com.au\/\" target=\"_blank\" rel=\"noreferrer noopener\">Natural Event<\/a>, das die Welt von Grund auf ver\u00e4ndert. Seit mehr als 20 Jahren hat das Unternehmen auf \u00fcber 450 Festivals in 13 L\u00e4ndern Komposttoiletten als Ersatz f\u00fcr Chemietoiletten bereitgestellt. Das entspricht etwa 50 Millionen Toiletteng\u00e4ngen. W\u00e4hrend er reichhaltige Erde in den H\u00e4nden h\u00e4lt, die aus kompostierten menschlichen Ausscheidungen hergestellt wurde, erkl\u00e4rt er: &#8222;Das beweist, dass es m\u00f6glich ist, Schei\u00dfe in Erde zu verwandeln. Da haben wir&#8217;s.&#8220;<\/p>\n\n\n\n<p class=\"has-small-font-size\"><br>Foto \u00a9 2023 ThurnFilm\/Hajo Schomerus<\/p>\n\n\n\n<div class=\"wp-block-buttons is-content-justification-center is-layout-flex wp-container-core-buttons-is-layout-16018d1d wp-block-buttons-is-layout-flex\">\n<div class=\"wp-block-button\"><a class=\"wp-block-button__link wp-element-button\" href=\"https:\/\/holyshit.global\/de\/poop-pirates\/\">Vorherige<\/a><\/div>\n\n\n\n<div class=\"wp-block-button\"><a class=\"wp-block-button__link wp-element-button\" href=\"https:\/\/holyshit.global\/de\/carl-lindstrom\/\">N\u00e4chste<\/a><\/div>\n<\/div>\n","protected":false},"excerpt":{"rendered":"<p>Der Pionier und Entrepooneur Hamish Skermer ist Gr\u00fcnder von Natural Event, das die Welt von Grund auf ver\u00e4ndert. Seit mehr als 20 Jahren hat das Unternehmen auf \u00fcber 450 Festivals in 13 L\u00e4ndern Komposttoiletten als Ersatz f\u00fcr Chemietoiletten bereitgestellt. Das entspricht etwa 50 Millionen Toiletteng\u00e4ngen. W\u00e4hrend er reichhaltige Erde in<span class=\"more-link\"><a href=\"https:\/\/holyshit.global\/de\/hamish-skermer\/\">Read More &rarr;<\/a><\/span><\/p>\n","protected":false},"author":1,"featured_media":412,"parent":0,"menu_order":0,"comment_status":"closed","ping_status":"closed","template":"","meta":{"footnotes":""},"class_list":["entry","author-wzu2bwzu2bwzu2b","post-1247","page","type-page","status-publish","has-post-thumbnail"],"_links":{"self":[{"href":"https:\/\/holyshit.global\/de\/wp-json\/wp\/v2\/pages\/1247","targetHints":{"allow":["GET"]}}],"collection":[{"href":"https:\/\/holyshit.global\/de\/wp-json\/wp\/v2\/pages"}],"about":[{"href":"https:\/\/holyshit.global\/de\/wp-json\/wp\/v2\/types\/page"}],"author":[{"embeddable":true,"href":"https:\/\/holyshit.global\/de\/wp-json\/wp\/v2\/users\/1"}],"replies":[{"embeddable":true,"href":"https:\/\/holyshit.global\/de\/wp-json\/wp\/v2\/comments?post=1247"}],"version-history":[{"count":2,"href":"https:\/\/holyshit.global\/de\/wp-json\/wp\/v2\/pages\/1247\/revisions"}],"predecessor-version":[{"id":1877,"href":"https:\/\/holyshit.global\/de\/wp-json\/wp\/v2\/pages\/1247\/revisions\/1877"}],"wp:featuredmedia":[{"embeddable":true,"href":"https:\/\/holyshit.global\/de\/wp-json\/wp\/v2\/media\/412"}],"wp:attachment":[{"href":"https:\/\/holyshit.global\/de\/wp-json\/wp\/v2\/media?parent=1247"}],"curies":[{"name":"wp","href":"https:\/\/api.w.org\/{rel}","templated":true}]}}