{"id":1244,"date":"2023-03-12T09:39:22","date_gmt":"2023-03-12T08:39:22","guid":{"rendered":"https:\/\/holyshit.global\/givelove\/"},"modified":"2023-06-07T16:39:06","modified_gmt":"2023-06-07T15:39:06","slug":"givelove","status":"publish","type":"page","link":"https:\/\/holyshit.global\/de\/givelove\/","title":{"rendered":"GiveLove"},"content":{"rendered":"\n<p class=\"has-medium-font-size\"><a href=\"https:\/\/givelove.org\/\" target=\"_blank\" rel=\"noreferrer noopener\">GiveLove<\/a> ist eine Organisation, die sich der Lehre der \u00f6kologischen Sanit\u00e4rversorgung und der Kompostierung widmet, um erschwingliche Toiletten und L\u00f6sungen f\u00fcr Gebiete mit hohem Bedarf und Wasserknappheit bereitzustellen. Der Film dokumentiert zwei ihrer Projekte: In den Slums von Kampala, Uganda, und im Dorf Iremito, Kenia, bei den Maasai. Wir danken Alisa Puga Keesey, der Programmdirektorin von GiveLove, daf\u00fcr, dass sie es uns erm\u00f6glicht hat, die erstaunliche Arbeit in diesen beiden wunderbaren Gemeinden zu dokumentieren.<\/p>\n\n\n\n<p class=\"has-small-font-size\">Foto: \u00a92023 ThurnFilm\/Hajo Schomerus<\/p>\n\n\n\n<div class=\"wp-block-buttons is-content-justification-center is-layout-flex wp-container-core-buttons-is-layout-16018d1d wp-block-buttons-is-layout-flex\">\n<div class=\"wp-block-button\"><a class=\"wp-block-button__link wp-element-button\" href=\"https:\/\/holyshit.global\/de\/robert-skip-backus\/\">Vorherige<\/a><\/div>\n\n\n\n<div class=\"wp-block-button\"><a class=\"wp-block-button__link wp-element-button\" href=\"https:\/\/holyshit.global\/de\/patrick-mavo\/\">N\u00e4chste<\/a><\/div>\n<\/div>\n","protected":false},"excerpt":{"rendered":"<p>GiveLove ist eine Organisation, die sich der Lehre der \u00f6kologischen Sanit\u00e4rversorgung und der Kompostierung widmet, um erschwingliche Toiletten und L\u00f6sungen f\u00fcr Gebiete mit hohem Bedarf und Wasserknappheit bereitzustellen. Der Film dokumentiert zwei ihrer Projekte: In den Slums von Kampala, Uganda, und im Dorf Iremito, Kenia, bei den Maasai. Wir danken<span class=\"more-link\"><a href=\"https:\/\/holyshit.global\/de\/givelove\/\">Read More &rarr;<\/a><\/span><\/p>\n","protected":false},"author":1,"featured_media":394,"parent":0,"menu_order":0,"comment_status":"closed","ping_status":"closed","template":"","meta":{"footnotes":""},"class_list":["entry","author-wzu2bwzu2bwzu2b","post-1244","page","type-page","status-publish","has-post-thumbnail"],"_links":{"self":[{"href":"https:\/\/holyshit.global\/de\/wp-json\/wp\/v2\/pages\/1244","targetHints":{"allow":["GET"]}}],"collection":[{"href":"https:\/\/holyshit.global\/de\/wp-json\/wp\/v2\/pages"}],"about":[{"href":"https:\/\/holyshit.global\/de\/wp-json\/wp\/v2\/types\/page"}],"author":[{"embeddable":true,"href":"https:\/\/holyshit.global\/de\/wp-json\/wp\/v2\/users\/1"}],"replies":[{"embeddable":true,"href":"https:\/\/holyshit.global\/de\/wp-json\/wp\/v2\/comments?post=1244"}],"version-history":[{"count":2,"href":"https:\/\/holyshit.global\/de\/wp-json\/wp\/v2\/pages\/1244\/revisions"}],"predecessor-version":[{"id":1872,"href":"https:\/\/holyshit.global\/de\/wp-json\/wp\/v2\/pages\/1244\/revisions\/1872"}],"wp:featuredmedia":[{"embeddable":true,"href":"https:\/\/holyshit.global\/de\/wp-json\/wp\/v2\/media\/394"}],"wp:attachment":[{"href":"https:\/\/holyshit.global\/de\/wp-json\/wp\/v2\/media?parent=1244"}],"curies":[{"name":"wp","href":"https:\/\/api.w.org\/{rel}","templated":true}]}}