{"id":1242,"date":"2023-03-12T07:02:33","date_gmt":"2023-03-12T06:02:33","guid":{"rendered":"https:\/\/holyshit.global\/fred-stone\/"},"modified":"2023-06-07T16:36:30","modified_gmt":"2023-06-07T15:36:30","slug":"fred-stone","status":"publish","type":"page","link":"https:\/\/holyshit.global\/de\/fred-stone\/","title":{"rendered":"Fred Stone"},"content":{"rendered":"\n<p class=\"has-medium-font-size\">Fred Stone, Besitzer der Stoneridge Farm in Arundel, Maine, war der erste Landwirt, der die Verunreinigung der Grundwasserleiter in seiner Region durch Kl\u00e4rschlamm, also Biofeststoffe, die mit PFAS belastet sind, aufdeckte. Sie verschmutzten die gesamte Nahrungskette, einschlie\u00dflich seiner K\u00fche und des Grases, das sie fressen. Eine Kontamination durch PFAS wurde \u00fcberall in den USA und Europa festgestellt. Stone wartet heute noch auf eine Entsch\u00e4digung f\u00fcr die Zerst\u00f6rung seines gesamten Molkereibetriebs. Einige Experten bezeichnen diese Krise bereits als die Giftkatastrophe des Jahrhunderts. Leider wird sie nicht so schnell verschwinden.<\/p>\n\n\n\n<p class=\"has-small-font-size\">Foto: \u00a92023 ThurnFilm\/Ralf Weber<\/p>\n\n\n\n<div class=\"wp-block-buttons is-content-justification-center is-layout-flex wp-container-core-buttons-is-layout-16018d1d wp-block-buttons-is-layout-flex\">\n<div class=\"wp-block-button\"><a class=\"wp-block-button__link wp-element-button\" href=\"https:\/\/holyshit.global\/de\/boten-der-veraenderung\/dr-paul-rozin\/\">Vorherige<\/a><\/div>\n\n\n\n<div class=\"wp-block-button\"><a class=\"wp-block-button__link wp-element-button\" href=\"https:\/\/holyshit.global\/de\/dr-david-l-lewis\/\">N\u00e4chste<\/a><\/div>\n<\/div>\n","protected":false},"excerpt":{"rendered":"<p>Fred Stone, Besitzer der Stoneridge Farm in Arundel, Maine, war der erste Landwirt, der die Verunreinigung der Grundwasserleiter in seiner Region durch Kl\u00e4rschlamm, also Biofeststoffe, die mit PFAS belastet sind, aufdeckte. Sie verschmutzten die gesamte Nahrungskette, einschlie\u00dflich seiner K\u00fche und des Grases, das sie fressen. Eine Kontamination durch PFAS wurde<span class=\"more-link\"><a href=\"https:\/\/holyshit.global\/de\/fred-stone\/\">Read More &rarr;<\/a><\/span><\/p>\n","protected":false},"author":1,"featured_media":267,"parent":0,"menu_order":0,"comment_status":"closed","ping_status":"closed","template":"","meta":{"footnotes":""},"class_list":["entry","author-wzu2bwzu2bwzu2b","post-1242","page","type-page","status-publish","has-post-thumbnail"],"_links":{"self":[{"href":"https:\/\/holyshit.global\/de\/wp-json\/wp\/v2\/pages\/1242","targetHints":{"allow":["GET"]}}],"collection":[{"href":"https:\/\/holyshit.global\/de\/wp-json\/wp\/v2\/pages"}],"about":[{"href":"https:\/\/holyshit.global\/de\/wp-json\/wp\/v2\/types\/page"}],"author":[{"embeddable":true,"href":"https:\/\/holyshit.global\/de\/wp-json\/wp\/v2\/users\/1"}],"replies":[{"embeddable":true,"href":"https:\/\/holyshit.global\/de\/wp-json\/wp\/v2\/comments?post=1242"}],"version-history":[{"count":2,"href":"https:\/\/holyshit.global\/de\/wp-json\/wp\/v2\/pages\/1242\/revisions"}],"predecessor-version":[{"id":1869,"href":"https:\/\/holyshit.global\/de\/wp-json\/wp\/v2\/pages\/1242\/revisions\/1869"}],"wp:featuredmedia":[{"embeddable":true,"href":"https:\/\/holyshit.global\/de\/wp-json\/wp\/v2\/media\/267"}],"wp:attachment":[{"href":"https:\/\/holyshit.global\/de\/wp-json\/wp\/v2\/media?parent=1242"}],"curies":[{"name":"wp","href":"https:\/\/api.w.org\/{rel}","templated":true}]}}