{"id":1234,"date":"2023-03-13T15:10:52","date_gmt":"2023-03-13T14:10:52","guid":{"rendered":"https:\/\/holyshit.global\/equilibre-cooperative\/"},"modified":"2023-06-07T16:44:56","modified_gmt":"2023-06-07T15:44:56","slug":"equilibre-cooperative","status":"publish","type":"page","link":"https:\/\/holyshit.global\/de\/equilibre-cooperative\/","title":{"rendered":"\u00c9quilibre Cooperative"},"content":{"rendered":"\n<p class=\"has-medium-font-size\">In Genf erhielt eine Gruppe von Pionieren, Mitglieder der <a href=\"https:\/\/www.cooperative-equilibre.ch\/\" target=\"_blank\" rel=\"noreferrer noopener\">\u00c9quilibre Cooperative<\/a>, eine Ausnahmegenehmigung &#8211; die erste ihrer Art im ganzen Land &#8211; um Wohnungen ohne obligatorischen Anschluss an die Kanalisation zu bauen. In zwei separaten Geb\u00e4uden wurden unterschiedliche L\u00f6sungen f\u00fcr die \u00f6rtliche Entsorgung menschlicher Ausscheidungen gew\u00e4hlt: In dem Einen wurden Trockentoiletten, in dem Anderen Toiletten mit Wassersp\u00fclung verwendet. Beide halten den N\u00e4hrstoff- und Wasserkreislauf intakt, ohne die Umwelt zu belasten.<\/p>\n\n\n\n<p>Fotos \u00a9 2023 ThurnFilm\/Hajo Schomerus<\/p>\n\n\n\n<div class=\"wp-block-buttons is-content-justification-center is-layout-flex wp-container-core-buttons-is-layout-16018d1d wp-block-buttons-is-layout-flex\">\n<div class=\"wp-block-button\"><a class=\"wp-block-button__link wp-element-button\" href=\"https:\/\/holyshit.global\/de\/carl-lindstrom\/\">Vorherige<\/a><\/div>\n\n\n\n<div class=\"wp-block-button\"><a class=\"wp-block-button__link wp-element-button\" href=\"https:\/\/holyshit.global\/de\/jenfelder-au-hamburg-wasser\/\">N\u00e4chste<\/a><\/div>\n<\/div>\n","protected":false},"excerpt":{"rendered":"<p>In Genf erhielt eine Gruppe von Pionieren, Mitglieder der \u00c9quilibre Cooperative, eine Ausnahmegenehmigung &#8211; die erste ihrer Art im ganzen Land &#8211; um Wohnungen ohne obligatorischen Anschluss an die Kanalisation zu bauen. In zwei separaten Geb\u00e4uden wurden unterschiedliche L\u00f6sungen f\u00fcr die \u00f6rtliche Entsorgung menschlicher Ausscheidungen gew\u00e4hlt: In dem Einen wurden<span class=\"more-link\"><a href=\"https:\/\/holyshit.global\/de\/equilibre-cooperative\/\">Read More &rarr;<\/a><\/span><\/p>\n","protected":false},"author":1,"featured_media":918,"parent":0,"menu_order":0,"comment_status":"closed","ping_status":"closed","template":"","meta":{"footnotes":""},"class_list":["entry","author-wzu2bwzu2bwzu2b","post-1234","page","type-page","status-publish","has-post-thumbnail"],"_links":{"self":[{"href":"https:\/\/holyshit.global\/de\/wp-json\/wp\/v2\/pages\/1234","targetHints":{"allow":["GET"]}}],"collection":[{"href":"https:\/\/holyshit.global\/de\/wp-json\/wp\/v2\/pages"}],"about":[{"href":"https:\/\/holyshit.global\/de\/wp-json\/wp\/v2\/types\/page"}],"author":[{"embeddable":true,"href":"https:\/\/holyshit.global\/de\/wp-json\/wp\/v2\/users\/1"}],"replies":[{"embeddable":true,"href":"https:\/\/holyshit.global\/de\/wp-json\/wp\/v2\/comments?post=1234"}],"version-history":[{"count":2,"href":"https:\/\/holyshit.global\/de\/wp-json\/wp\/v2\/pages\/1234\/revisions"}],"predecessor-version":[{"id":1879,"href":"https:\/\/holyshit.global\/de\/wp-json\/wp\/v2\/pages\/1234\/revisions\/1879"}],"wp:featuredmedia":[{"embeddable":true,"href":"https:\/\/holyshit.global\/de\/wp-json\/wp\/v2\/media\/918"}],"wp:attachment":[{"href":"https:\/\/holyshit.global\/de\/wp-json\/wp\/v2\/media?parent=1234"}],"curies":[{"name":"wp","href":"https:\/\/api.w.org\/{rel}","templated":true}]}}