{"id":1230,"date":"2023-03-14T17:53:42","date_gmt":"2023-03-14T16:53:42","guid":{"rendered":"https:\/\/holyshit.global\/dr-jaeweon-cho\/"},"modified":"2023-06-07T16:47:13","modified_gmt":"2023-06-07T15:47:13","slug":"dr-jaeweon-cho","status":"publish","type":"page","link":"https:\/\/holyshit.global\/de\/dr-jaeweon-cho\/","title":{"rendered":"Dr. Jaeweon Cho"},"content":{"rendered":"\n<p class=\"has-medium-font-size\">Am Ulsan National Institute of Science and Technology (UNIST) hat Dr. Jaeweon Cho neben einer Urinableitungstoilette auch ein experimentelles System erfunden, durch das Menschen mit ihren t\u00e4glichen Gesch\u00e4ften Geld verdienen k\u00f6nnen. Ggool, was auf Koreanisch Honig bedeutet und von einigen als Shitcoin bezeichnet wird, ist die digitale Einheit des von ihm geschaffenen Geldsystems namens feces Standard Money oder fSM. Diese innovative Idee, die auch als Grundlage f\u00fcr ein universelles Grundeinkommenssystem dienen kann, wird in seinem Buch <a rel=\"noreferrer noopener\" href=\"https:\/\/art-earth.org.uk\/honey-money\/#:~:text=Honey%20Money%3A%20fSM%20%E2%80%93%20new%20money,the%20infrastructural%20economic%20status%20quo.\" target=\"_blank\">Honey Money-fSM New Money for a New Society<\/a> vorgestellt. Vielleicht interessiert Sie meine <a href=\"https:\/\/art-earth.org.uk\/honey-money-a-review-by-ruben-abruna\/\" target=\"_blank\" rel=\"noreferrer noopener\">Rezension<\/a> des Buches.<\/p>\n\n\n\n<p class=\"has-small-font-size\">Foto \u00a9 2023 ThurnFilm\/Justin Lovett<\/p>\n\n\n\n<div class=\"wp-block-buttons is-content-justification-center is-layout-flex wp-container-core-buttons-is-layout-16018d1d wp-block-buttons-is-layout-flex\">\n<div class=\"wp-block-button\"><a class=\"wp-block-button__link wp-element-button\" href=\"https:\/\/holyshit.global\/de\/finizio-florian-augustin\/\">Vorherige<\/a><\/div>\n\n\n\n<div class=\"wp-block-button\"><a class=\"wp-block-button__link wp-element-button\" href=\"https:\/\/holyshit.global\/de\/ruben-abruna-regisseur\/\">N\u00e4chste<\/a><\/div>\n<\/div>\n","protected":false},"excerpt":{"rendered":"<p>Am Ulsan National Institute of Science and Technology (UNIST) hat Dr. Jaeweon Cho neben einer Urinableitungstoilette auch ein experimentelles System erfunden, durch das Menschen mit ihren t\u00e4glichen Gesch\u00e4ften Geld verdienen k\u00f6nnen. Ggool, was auf Koreanisch Honig bedeutet und von einigen als Shitcoin bezeichnet wird, ist die digitale Einheit des von<span class=\"more-link\"><a href=\"https:\/\/holyshit.global\/de\/dr-jaeweon-cho\/\">Read More &rarr;<\/a><\/span><\/p>\n","protected":false},"author":1,"featured_media":456,"parent":0,"menu_order":0,"comment_status":"closed","ping_status":"closed","template":"","meta":{"footnotes":""},"class_list":["entry","author-wzu2bwzu2bwzu2b","post-1230","page","type-page","status-publish","has-post-thumbnail"],"_links":{"self":[{"href":"https:\/\/holyshit.global\/de\/wp-json\/wp\/v2\/pages\/1230","targetHints":{"allow":["GET"]}}],"collection":[{"href":"https:\/\/holyshit.global\/de\/wp-json\/wp\/v2\/pages"}],"about":[{"href":"https:\/\/holyshit.global\/de\/wp-json\/wp\/v2\/types\/page"}],"author":[{"embeddable":true,"href":"https:\/\/holyshit.global\/de\/wp-json\/wp\/v2\/users\/1"}],"replies":[{"embeddable":true,"href":"https:\/\/holyshit.global\/de\/wp-json\/wp\/v2\/comments?post=1230"}],"version-history":[{"count":8,"href":"https:\/\/holyshit.global\/de\/wp-json\/wp\/v2\/pages\/1230\/revisions"}],"predecessor-version":[{"id":1882,"href":"https:\/\/holyshit.global\/de\/wp-json\/wp\/v2\/pages\/1230\/revisions\/1882"}],"wp:featuredmedia":[{"embeddable":true,"href":"https:\/\/holyshit.global\/de\/wp-json\/wp\/v2\/media\/456"}],"wp:attachment":[{"href":"https:\/\/holyshit.global\/de\/wp-json\/wp\/v2\/media?parent=1230"}],"curies":[{"name":"wp","href":"https:\/\/api.w.org\/{rel}","templated":true}]}}