{"id":1228,"date":"2023-03-12T07:24:29","date_gmt":"2023-03-12T06:24:29","guid":{"rendered":"https:\/\/holyshit.global\/dr-david-l-lewis\/"},"modified":"2023-06-07T16:37:08","modified_gmt":"2023-06-07T15:37:08","slug":"dr-david-l-lewis","status":"publish","type":"page","link":"https:\/\/holyshit.global\/de\/dr-david-l-lewis\/","title":{"rendered":"Dr. David L. Lewis"},"content":{"rendered":"\n<p class=\"has-medium-font-size\">Dr. David L. Lewis packte \u00fcber die US-Umweltschutzbeh\u00f6rde (EPA) aus und verriert, dass sie wissenschaftliche Daten manipulierte, um die Verwendung von giftigem und t\u00f6dlichem Kl\u00e4rschlamm, auch bekannt als Biofeststoffe, als D\u00fcngemittel zu legalisieren. Er erforscht seit Jahrzehnten die Auswirkungen auf Mensch und Umwelt und konnte ein erh\u00f6htes Vorkommen von Autismus in den USA mit der zunehmenden Verwendung von mit Schwermetallen und chemischen Verbindungen belastetem Kl\u00e4rschlamm als D\u00fcngemittel f\u00fcr den Nahrungsmittelanbau in Verbindung bringen. Er schrieb auch:<a rel=\"noreferrer noopener\" href=\"https:\/\/www.amazon.com\/Science-Sale-Government-Corporations-Universities\/dp\/1626360715\" target=\"_blank\">Science for Sale: How the US Government Uses Powerful Corporations and Leading Universities to Support Government Policies, Silence Top Scientists, Jeopardize Our Health, and Protect Corporate Profits.<\/a><\/p>\n\n\n\n<p class=\"has-small-font-size\">Foto \u00a9 2023 ThurnFilm\/Ralf Weber<\/p>\n\n\n\n<div class=\"wp-block-buttons is-content-justification-center is-layout-flex wp-container-core-buttons-is-layout-16018d1d wp-block-buttons-is-layout-flex\">\n<div class=\"wp-block-button\"><a class=\"wp-block-button__link wp-element-button\" href=\"https:\/\/holyshit.global\/de\/fred-stone\/\">Vorherige<\/a><\/div>\n\n\n\n<div class=\"wp-block-button\"><a class=\"wp-block-button__link wp-element-button\" href=\"https:\/\/holyshit.global\/de\/robert-skip-backus\/\">N\u00e4chste<\/a><\/div>\n<\/div>\n","protected":false},"excerpt":{"rendered":"<p>Dr. David L. Lewis packte \u00fcber die US-Umweltschutzbeh\u00f6rde (EPA) aus und verriert, dass sie wissenschaftliche Daten manipulierte, um die Verwendung von giftigem und t\u00f6dlichem Kl\u00e4rschlamm, auch bekannt als Biofeststoffe, als D\u00fcngemittel zu legalisieren. Er erforscht seit Jahrzehnten die Auswirkungen auf Mensch und Umwelt und konnte ein erh\u00f6htes Vorkommen von Autismus<span class=\"more-link\"><a href=\"https:\/\/holyshit.global\/de\/dr-david-l-lewis\/\">Read More &rarr;<\/a><\/span><\/p>\n","protected":false},"author":1,"featured_media":273,"parent":0,"menu_order":0,"comment_status":"closed","ping_status":"closed","template":"","meta":{"footnotes":""},"class_list":["entry","author-wzu2bwzu2bwzu2b","post-1228","page","type-page","status-publish","has-post-thumbnail"],"_links":{"self":[{"href":"https:\/\/holyshit.global\/de\/wp-json\/wp\/v2\/pages\/1228","targetHints":{"allow":["GET"]}}],"collection":[{"href":"https:\/\/holyshit.global\/de\/wp-json\/wp\/v2\/pages"}],"about":[{"href":"https:\/\/holyshit.global\/de\/wp-json\/wp\/v2\/types\/page"}],"author":[{"embeddable":true,"href":"https:\/\/holyshit.global\/de\/wp-json\/wp\/v2\/users\/1"}],"replies":[{"embeddable":true,"href":"https:\/\/holyshit.global\/de\/wp-json\/wp\/v2\/comments?post=1228"}],"version-history":[{"count":2,"href":"https:\/\/holyshit.global\/de\/wp-json\/wp\/v2\/pages\/1228\/revisions"}],"predecessor-version":[{"id":1870,"href":"https:\/\/holyshit.global\/de\/wp-json\/wp\/v2\/pages\/1228\/revisions\/1870"}],"wp:featuredmedia":[{"embeddable":true,"href":"https:\/\/holyshit.global\/de\/wp-json\/wp\/v2\/media\/273"}],"wp:attachment":[{"href":"https:\/\/holyshit.global\/de\/wp-json\/wp\/v2\/media?parent=1228"}],"curies":[{"name":"wp","href":"https:\/\/api.w.org\/{rel}","templated":true}]}}