{"id":1226,"date":"2023-03-27T16:41:56","date_gmt":"2023-03-27T15:41:56","guid":{"rendered":"https:\/\/holyshit.global\/din-spec-91421\/"},"modified":"2023-06-09T11:31:11","modified_gmt":"2023-06-09T10:31:11","slug":"din-spec-91421","status":"publish","type":"page","link":"https:\/\/holyshit.global\/de\/din-spec-91421\/","title":{"rendered":"DIN SPEC 91421"},"content":{"rendered":"\n<p class=\"has-medium-font-size\">Das Dokument DIN Spec 91421, das Finizio-Gesch\u00e4ftsf\u00fchrer Florian Augustin in dem Film erw\u00e4hnt, <strong>ist ein wichtiger Schritt zur Schaffung eines Standards f\u00fcr die Qualit\u00e4tssicherung bei der Verwendung von Humusd\u00fcnger aus Trockentoiletten auf landwirtschaftlichen Fl\u00e4chen.<br><\/strong>.<\/p>\n\n\n\n<p class=\"has-medium-font-size\">Hier finden Sie das Dokument <a rel=\"noreferrer noopener\" href=\"https:\/\/www.dropbox.com\/s\/snog4d9f6appez2\/Qualit%C3%A4tssicherung%20von%20Recyclingprodukten%20aus%20Trockentoiletten.pdf?dl=1\" target=\"_blank\">auf deutsch<\/a>, und hier <a rel=\"noreferrer noopener\" href=\"https:\/\/www.dropbox.com\/s\/wqj2vm2t95gytbj\/Quality%20assurance%20of%20recycled%20products%20from%20dry%20toilets%20for%20use%20in%20horticulture.pdf?dl=1\" target=\"_blank\">auf englisch<\/a> (\u00fcbersetzt mit free DeepL, bei Bedarf von Menschen korrigiert).<\/p>\n\n\n\n<div class=\"wp-block-buttons is-content-justification-center is-layout-flex wp-container-core-buttons-is-layout-16018d1d wp-block-buttons-is-layout-flex\">\n<div class=\"wp-block-button\"><a class=\"wp-block-button__link wp-element-button\" href=\"https:\/\/holyshit.global\/de\/ziele-fuer-nachhaltige-entwicklung\/\">Vorherige<\/a><\/div>\n\n\n\n<div class=\"wp-block-button\"><a class=\"wp-block-button__link wp-element-button\" href=\"https:\/\/holyshit.global\/de\/kailash-ecovillage\/\">N\u00e4chste<\/a><\/div>\n<\/div>\n","protected":false},"excerpt":{"rendered":"<p>Das Dokument DIN Spec 91421, das Finizio-Gesch\u00e4ftsf\u00fchrer Florian Augustin in dem Film erw\u00e4hnt, ist ein wichtiger Schritt zur Schaffung eines Standards f\u00fcr die Qualit\u00e4tssicherung bei der Verwendung von Humusd\u00fcnger aus Trockentoiletten auf landwirtschaftlichen Fl\u00e4chen.. Hier finden Sie das Dokument auf deutsch, und hier auf englisch (\u00fcbersetzt mit free DeepL, bei<span class=\"more-link\"><a href=\"https:\/\/holyshit.global\/de\/din-spec-91421\/\">Read More &rarr;<\/a><\/span><\/p>\n","protected":false},"author":1,"featured_media":0,"parent":0,"menu_order":0,"comment_status":"closed","ping_status":"closed","template":"","meta":{"footnotes":""},"class_list":["entry","author-wzu2bwzu2bwzu2b","post-1226","page","type-page","status-publish"],"_links":{"self":[{"href":"https:\/\/holyshit.global\/de\/wp-json\/wp\/v2\/pages\/1226","targetHints":{"allow":["GET"]}}],"collection":[{"href":"https:\/\/holyshit.global\/de\/wp-json\/wp\/v2\/pages"}],"about":[{"href":"https:\/\/holyshit.global\/de\/wp-json\/wp\/v2\/types\/page"}],"author":[{"embeddable":true,"href":"https:\/\/holyshit.global\/de\/wp-json\/wp\/v2\/users\/1"}],"replies":[{"embeddable":true,"href":"https:\/\/holyshit.global\/de\/wp-json\/wp\/v2\/comments?post=1226"}],"version-history":[{"count":6,"href":"https:\/\/holyshit.global\/de\/wp-json\/wp\/v2\/pages\/1226\/revisions"}],"predecessor-version":[{"id":1953,"href":"https:\/\/holyshit.global\/de\/wp-json\/wp\/v2\/pages\/1226\/revisions\/1953"}],"wp:attachment":[{"href":"https:\/\/holyshit.global\/de\/wp-json\/wp\/v2\/media?parent=1226"}],"curies":[{"name":"wp","href":"https:\/\/api.w.org\/{rel}","templated":true}]}}