{"id":1221,"date":"2023-04-05T15:28:19","date_gmt":"2023-04-05T14:28:19","guid":{"rendered":"https:\/\/holyshit.global\/caganer\/"},"modified":"2023-06-09T11:29:14","modified_gmt":"2023-06-09T10:29:14","slug":"caganer","status":"publish","type":"page","link":"https:\/\/holyshit.global\/de\/caganer\/","title":{"rendered":"Caganer"},"content":{"rendered":"<div class=\"wp-block-image\">\n<figure class=\"aligncenter size-large is-resized\"><img loading=\"lazy\" decoding=\"async\" src=\"https:\/\/holyshit.global\/wp-content\/uploads\/2023\/04\/Pope-caganer-995x1024.jpg\" alt=\"\" class=\"wp-image-1164\" width=\"498\" height=\"512\" srcset=\"https:\/\/holyshit.global\/wp-content\/uploads\/2023\/04\/Pope-caganer-995x1024.jpg 995w, https:\/\/holyshit.global\/wp-content\/uploads\/2023\/04\/Pope-caganer-291x300.jpg 291w, https:\/\/holyshit.global\/wp-content\/uploads\/2023\/04\/Pope-caganer-768x791.jpg 768w, https:\/\/holyshit.global\/wp-content\/uploads\/2023\/04\/Pope-caganer-465x479.jpg 465w, https:\/\/holyshit.global\/wp-content\/uploads\/2023\/04\/Pope-caganer-486x500.jpg 486w, https:\/\/holyshit.global\/wp-content\/uploads\/2023\/04\/Pope-caganer.jpg 1428w\" sizes=\"auto, (max-width: 498px) 100vw, 498px\" \/><figcaption class=\"wp-element-caption\">Der Caganer von Papst Franziskus. Foto von Rub\u00e9n Abru\u00f1a<\/figcaption><\/figure>\n<\/div>\n\n\n<p class=\"has-medium-font-size\">Der Caganer, der zu Beginn des Films zu sehen ist, ist eine Figur, die mit heruntergelassener Hose hockend beim Akt der Def\u00e4kation dargestellt wird. Auf Kastilisch und Katalanisch bedeutet Caganer &#8222;der Schei\u00dfer&#8220;.<\/p>\n\n\n\n<p class=\"has-medium-font-size\">In Katalonien wird er seit \u00fcber 100 Jahren in Krippenspielen zusammen mit dem Jesuskind, der Jungfrau Maria und Josef dargestellt. Die Idee dahinter ist, dass der Caganer den Boden des Krippenspiels d\u00fcngt und so daf\u00fcr sorgt, dass es im n\u00e4chsten Jahr ein Neues gibt. So werden wir daran erinnert, dass unsere Kacke D\u00fcnger ist.<\/p>\n\n\n\n<p class=\"has-medium-font-size\">Viele moderne Caganer repr\u00e4sentieren Autorit\u00e4tspersonen wie den Papst, Obama, Merkel, die Queen, Macron, Putin und hunderte mehr. Mit heruntergelassener Hose bringt der Caganer die M\u00e4chtigen auf unsere Ebene.<\/p>\n\n\n\n<p class=\"has-medium-font-size\">Wir danken <a href=\"https:\/\/caganer.com\/en\/\" target=\"_blank\" rel=\"noreferrer noopener\">Caganer.com<\/a> f\u00fcr ihre Unterst\u00fctzung.<\/p>\n\n\n\n<div class=\"wp-block-buttons is-content-justification-center is-layout-flex wp-container-core-buttons-is-layout-16018d1d wp-block-buttons-is-layout-flex\">\n<div class=\"wp-block-button\"><a class=\"wp-block-button__link wp-element-button\" href=\"https:\/\/holyshit.global\/de\/das-holy-shit-kartenspiel\/\">Vorherige<\/a><\/div>\n\n\n\n<div class=\"wp-block-button\"><a class=\"wp-block-button__link wp-element-button\" href=\"https:\/\/holyshit.global\/de\/planetarische-grenzen\/\">N\u00e4chste<\/a><\/div>\n<\/div>\n","protected":false},"excerpt":{"rendered":"<p>Der Caganer, der zu Beginn des Films zu sehen ist, ist eine Figur, die mit heruntergelassener Hose hockend beim Akt der Def\u00e4kation dargestellt wird. Auf Kastilisch und Katalanisch bedeutet Caganer &#8222;der Schei\u00dfer&#8220;. In Katalonien wird er seit \u00fcber 100 Jahren in Krippenspielen zusammen mit dem Jesuskind, der Jungfrau Maria und<span class=\"more-link\"><a href=\"https:\/\/holyshit.global\/de\/caganer\/\">Read More &rarr;<\/a><\/span><\/p>\n","protected":false},"author":1,"featured_media":0,"parent":0,"menu_order":0,"comment_status":"closed","ping_status":"closed","template":"","meta":{"footnotes":""},"class_list":["entry","author-wzu2bwzu2bwzu2b","post-1221","page","type-page","status-publish"],"_links":{"self":[{"href":"https:\/\/holyshit.global\/de\/wp-json\/wp\/v2\/pages\/1221","targetHints":{"allow":["GET"]}}],"collection":[{"href":"https:\/\/holyshit.global\/de\/wp-json\/wp\/v2\/pages"}],"about":[{"href":"https:\/\/holyshit.global\/de\/wp-json\/wp\/v2\/types\/page"}],"author":[{"embeddable":true,"href":"https:\/\/holyshit.global\/de\/wp-json\/wp\/v2\/users\/1"}],"replies":[{"embeddable":true,"href":"https:\/\/holyshit.global\/de\/wp-json\/wp\/v2\/comments?post=1221"}],"version-history":[{"count":4,"href":"https:\/\/holyshit.global\/de\/wp-json\/wp\/v2\/pages\/1221\/revisions"}],"predecessor-version":[{"id":1950,"href":"https:\/\/holyshit.global\/de\/wp-json\/wp\/v2\/pages\/1221\/revisions\/1950"}],"wp:attachment":[{"href":"https:\/\/holyshit.global\/de\/wp-json\/wp\/v2\/media?parent=1221"}],"curies":[{"name":"wp","href":"https:\/\/api.w.org\/{rel}","templated":true}]}}