{"id":1216,"date":"2023-03-11T16:29:56","date_gmt":"2023-03-11T15:29:56","guid":{"rendered":"https:\/\/holyshit.global\/dr-paul-rozin\/"},"modified":"2023-06-07T16:35:50","modified_gmt":"2023-06-07T15:35:50","slug":"dr-paul-rozin","status":"publish","type":"page","link":"https:\/\/holyshit.global\/de\/boten-der-veraenderung\/dr-paul-rozin\/","title":{"rendered":"Dr. Paul Rozin"},"content":{"rendered":"\n<p class=\"has-medium-font-size\">Dr. Paul Rozin, emeritierter Professor f\u00fcr Kulturpsychologie an der University of Pennsylvania, ist ein weltweit anerkannter Experte f\u00fcr Ekel. &#8222;Man gew\u00f6hnt sich an fast alles. Man gew\u00f6hnt sich an die Tatsache, dass man einen Bauch voller Schei\u00dfe mit sich herumtr\u00e4gt, weil man die ganze Zeit heruml\u00e4uft und nicht einmal dar\u00fcber nachdenkt&#8220;, sagt Dr. Rozin. <\/p>\n\n\n\n<p class=\"has-small-font-size\">Foto \u00a9 2023 ThurnFilm\/Hajo Schomerus<\/p>\n\n\n\n<div class=\"wp-block-buttons is-content-justification-center is-layout-flex wp-container-core-buttons-is-layout-16018d1d wp-block-buttons-is-layout-flex\">\n<div class=\"wp-block-button\"><a class=\"wp-block-button__link wp-element-button\" href=\"https:\/\/holyshit.global\/de\/ruben-abruna-regisseur\/\">Vorherige<\/a><\/div>\n\n\n\n<div class=\"wp-block-button\"><a class=\"wp-block-button__link wp-element-button\" href=\"https:\/\/holyshit.global\/de\/fred-stone\/\">N\u00e4chste<\/a><\/div>\n<\/div>\n","protected":false},"excerpt":{"rendered":"<p>Dr. Paul Rozin, emeritierter Professor f\u00fcr Kulturpsychologie an der University of Pennsylvania, ist ein weltweit anerkannter Experte f\u00fcr Ekel. &#8222;Man gew\u00f6hnt sich an fast alles. Man gew\u00f6hnt sich an die Tatsache, dass man einen Bauch voller Schei\u00dfe mit sich herumtr\u00e4gt, weil man die ganze Zeit heruml\u00e4uft und nicht einmal dar\u00fcber<span class=\"more-link\"><a href=\"https:\/\/holyshit.global\/de\/boten-der-veraenderung\/dr-paul-rozin\/\">Read More &rarr;<\/a><\/span><\/p>\n","protected":false},"author":1,"featured_media":241,"parent":1313,"menu_order":0,"comment_status":"closed","ping_status":"closed","template":"","meta":{"footnotes":""},"class_list":["entry","author-wzu2bwzu2bwzu2b","post-1216","page","type-page","status-publish","has-post-thumbnail"],"_links":{"self":[{"href":"https:\/\/holyshit.global\/de\/wp-json\/wp\/v2\/pages\/1216","targetHints":{"allow":["GET"]}}],"collection":[{"href":"https:\/\/holyshit.global\/de\/wp-json\/wp\/v2\/pages"}],"about":[{"href":"https:\/\/holyshit.global\/de\/wp-json\/wp\/v2\/types\/page"}],"author":[{"embeddable":true,"href":"https:\/\/holyshit.global\/de\/wp-json\/wp\/v2\/users\/1"}],"replies":[{"embeddable":true,"href":"https:\/\/holyshit.global\/de\/wp-json\/wp\/v2\/comments?post=1216"}],"version-history":[{"count":2,"href":"https:\/\/holyshit.global\/de\/wp-json\/wp\/v2\/pages\/1216\/revisions"}],"predecessor-version":[{"id":1868,"href":"https:\/\/holyshit.global\/de\/wp-json\/wp\/v2\/pages\/1216\/revisions\/1868"}],"up":[{"embeddable":true,"href":"https:\/\/holyshit.global\/de\/wp-json\/wp\/v2\/pages\/1313"}],"wp:featuredmedia":[{"embeddable":true,"href":"https:\/\/holyshit.global\/de\/wp-json\/wp\/v2\/media\/241"}],"wp:attachment":[{"href":"https:\/\/holyshit.global\/de\/wp-json\/wp\/v2\/media?parent=1216"}],"curies":[{"name":"wp","href":"https:\/\/api.w.org\/{rel}","templated":true}]}}